{"id":25648,"date":"2017-10-13T11:17:43","date_gmt":"2017-10-13T11:17:43","guid":{"rendered":"https:\/\/www.playadorada.es\/description-all-inclusive\/"},"modified":"2025-02-24T15:01:40","modified_gmt":"2025-02-24T15:01:40","slug":"description-all-inclusive","status":"publish","type":"page","link":"https:\/\/www.playadorada.es\/da\/description-all-inclusive\/","title":{"rendered":"Beskrivelse af Alt inklusive"},"content":{"rendered":"<p>[vc_row][vc_column width=&#8221;1\/4&#8243;][\/vc_column][vc_column width=&#8221;1\/2&#8243;][vc_column_text]<\/p>\n<h2 style=\"text-align: center;\"><em>Beskrivelse af &#8220;Alt inklusive&#8221; i Aparthotel Playa Dorada<\/em><\/h2>\n<h3>1. Morgenbuffet fra 07.30 til 10.30, tre timer.<\/h3>\n<p>Spejl\u00e6g, r\u00f8r\u00e6g, p\u00f8lser, p\u00e5l\u00e6g, ost, yoghurt og lignende, kager, juice, kaffe, te; kamille mv.<\/p>\n<h3>2. Frokostbuffet fra 12.00 til 15.00, tre timer.<\/h3>\n<p>Der er et 7-dages menu program best\u00e5ende af diverse salater, oliven (gr\u00f8n og sort), blandede pickles, peberfrugt, to forskellige typer k\u00f8d, fisk, diverse pasta, gr\u00f8ntsager, hamburgere, k\u00f8dboller, pommes frites, kogte kartofler, diverse desserter og is.<\/p>\n<p>L\u00e6skedrikke:<br \/>\nPepsi Cola, Cola light, appelsin- og citronsquash, Sprite, mineralvand (med eller uden brus), appelsinjuice, ananasjuice, \u00e6blejuice.<\/p>\n<p>Vin: r\u00f8d, ros\u00e9 og hvid.<\/p>\n<p>\u00d8l.<\/p>\n<h3>3. Aftenbuffet fra 18.00 til 21.00, tre timer.<\/h3>\n<p>Der er et 7-dages menu program best\u00e5ende af diverse salater, oliven (gr\u00f8n og sort), blandede pickles, peberfrugt, suppe, to forskellige typer k\u00f8d, fisk, diverse pasta, gr\u00f8ntsager, hamburgere, k\u00f8dboller, pommes frites, kogte kartofler, diverse desserter og is.<\/p>\n<p>L\u00e6skedrikke: Pepsi Cola, Cola light, appelsin- og citronsquash, sprite, mineralvand (med eller uden brus), appelsinjuice, ananasjuice, \u00e6blejuice.<br \/>\nVin: r\u00f8d, ros\u00e9 og hvid. \u00d8l.<\/p>\n<h3>4. Bar Betjening fra 10.00 til 24.00<\/h3>\n<h4>L\u00e6skedrikke:<\/h4>\n<p>Cola og cola light, citron- og appelsinsquash, Sprite, tonic, mineralvand (med eller uden brus).<\/p>\n<h4>Alkoholholdige drikkevarer:<\/h4>\n<p>\u00d8l, r\u00f8dvin, hvidvin, ros\u00e9vin, sangria, brandy, gin, rom, whisky, vodka, aperitiffer, Fine Herbs lik\u00f8r (s\u00f8d og halvt\u00f8r).<\/p>\n<h4>Cocktails:<\/h4>\n<p>Tequila Sunrise, Pi\u00f1a Colada, San Francisco (alkoholfri)<\/p>\n<h4>Varme drikke:<\/h4>\n<p>Expresso, amerikansk kaffe, capuccino, chokolade, te og lign.<\/p>\n<h4>Is og andet:<\/h4>\n<p>Vanilje-, fl\u00f8de-, jordb\u00e6r- og hasseln\u00f8ddeis. Citron og appelsin frapp\u00e9.<\/p>\n<h3>5. Diverse:<\/h3>\n<p>Fra kl. 16.00 til 17.00 vil der blive serveret kaffe med wienerbr\u00f8d eller sm\u00e5kager.<\/p>\n<p>Briller er ikke tilladt i swimmingpoolomr\u00e5det; drikkevarer vil blive serveret i plastik eller lignende. Fra 23.00 til 24.00 vil der blive serveret drinks i plastik eller lignende i hele baren og swimmingpool omr\u00e5det.[\/vc_column_text][\/vc_column][vc_column width=&#8221;1\/4&#8243;][\/vc_column][\/vc_row]<\/p>\n","protected":false},"excerpt":{"rendered":"<p>[vc_row][vc_column width=&#8221;1\/4&#8243;][\/vc_column][vc_column width=&#8221;1\/2&#8243;][vc_column_text] Beskrivelse af &#8220;Alt inklusive&#8221; i Aparthotel Playa Dorada 1. Morgenbuffet fra 07.30 til 10.30, tre timer. Spejl\u00e6g, [&hellip;]<\/p>\n","protected":false},"author":1,"featured_media":0,"parent":0,"menu_order":0,"comment_status":"closed","ping_status":"closed","template":"","meta":[],"yoast_head":"<!-- This site is optimized with the Yoast SEO plugin v18.3 - https:\/\/yoast.com\/wordpress\/plugins\/seo\/ -->\n<title>Description of the All Inclusive in the Aparthotel Playa Dorada<\/title>\n<meta name=\"description\" content=\"Description of the All Inclusive in the Aparthotel Playa Dorada. See our schedules and possibilities offered by the All Inclusive regime in Mallorca\" \/>\n<meta name=\"robots\" content=\"index, follow, max-snippet:-1, max-image-preview:large, max-video-preview:-1\" \/>\n<link rel=\"canonical\" href=\"https:\/\/www.playadorada.es\/da\/description-all-inclusive\/\" \/>\n<meta property=\"og:locale\" content=\"da_DK\" \/>\n<meta property=\"og:type\" content=\"article\" \/>\n<meta property=\"og:title\" content=\"Description of the All Inclusive in the Aparthotel Playa Dorada\" \/>\n<meta property=\"og:description\" content=\"Description of the All Inclusive in the Aparthotel Playa Dorada. See our schedules and possibilities offered by the All Inclusive regime in Mallorca\" \/>\n<meta property=\"og:url\" content=\"https:\/\/www.playadorada.es\/da\/description-all-inclusive\/\" \/>\n<meta property=\"og:site_name\" content=\"Playa Dorada\" \/>\n<meta property=\"article:modified_time\" content=\"2025-02-24T15:01:40+00:00\" \/>\n<meta name=\"twitter:card\" content=\"summary\" \/>\n<meta name=\"twitter:label1\" content=\"Estimeret l\u00e6setid\" \/>\n\t<meta name=\"twitter:data1\" content=\"2 minutter\" \/>\n<script type=\"application\/ld+json\" class=\"yoast-schema-graph\">{\"@context\":\"https:\/\/schema.org\",\"@graph\":[{\"@type\":\"WebSite\",\"@id\":\"https:\/\/www.playadorada.es\/es\/#website\",\"url\":\"https:\/\/www.playadorada.es\/es\/\",\"name\":\"Playa Dorada\",\"description\":\"Otro sitio realizado con WordPress\",\"potentialAction\":[{\"@type\":\"SearchAction\",\"target\":{\"@type\":\"EntryPoint\",\"urlTemplate\":\"https:\/\/www.playadorada.es\/es\/?s={search_term_string}\"},\"query-input\":\"required name=search_term_string\"}],\"inLanguage\":\"da-DK\"},{\"@type\":\"WebPage\",\"@id\":\"https:\/\/www.playadorada.es\/da\/description-all-inclusive\/#webpage\",\"url\":\"https:\/\/www.playadorada.es\/da\/description-all-inclusive\/\",\"name\":\"Description of the All Inclusive in the Aparthotel Playa Dorada\",\"isPartOf\":{\"@id\":\"https:\/\/www.playadorada.es\/es\/#website\"},\"datePublished\":\"2017-10-13T11:17:43+00:00\",\"dateModified\":\"2025-02-24T15:01:40+00:00\",\"description\":\"Description of the All Inclusive in the Aparthotel Playa Dorada. See our schedules and possibilities offered by the All Inclusive regime in Mallorca\",\"breadcrumb\":{\"@id\":\"https:\/\/www.playadorada.es\/da\/description-all-inclusive\/#breadcrumb\"},\"inLanguage\":\"da-DK\",\"potentialAction\":[{\"@type\":\"ReadAction\",\"target\":[\"https:\/\/www.playadorada.es\/da\/description-all-inclusive\/\"]}]},{\"@type\":\"BreadcrumbList\",\"@id\":\"https:\/\/www.playadorada.es\/da\/description-all-inclusive\/#breadcrumb\",\"itemListElement\":[{\"@type\":\"ListItem\",\"position\":1,\"name\":\"Portada\",\"item\":\"https:\/\/www.playadorada.es\/da\/\"},{\"@type\":\"ListItem\",\"position\":2,\"name\":\"Beskrivelse af Alt inklusive\"}]}]}<\/script>\n<!-- \/ Yoast SEO plugin. -->","yoast_head_json":{"title":"Description of the All Inclusive in the Aparthotel Playa Dorada","description":"Description of the All Inclusive in the Aparthotel Playa Dorada. See our schedules and possibilities offered by the All Inclusive regime in Mallorca","robots":{"index":"index","follow":"follow","max-snippet":"max-snippet:-1","max-image-preview":"max-image-preview:large","max-video-preview":"max-video-preview:-1"},"canonical":"https:\/\/www.playadorada.es\/da\/description-all-inclusive\/","og_locale":"da_DK","og_type":"article","og_title":"Description of the All Inclusive in the Aparthotel Playa Dorada","og_description":"Description of the All Inclusive in the Aparthotel Playa Dorada. See our schedules and possibilities offered by the All Inclusive regime in Mallorca","og_url":"https:\/\/www.playadorada.es\/da\/description-all-inclusive\/","og_site_name":"Playa Dorada","article_modified_time":"2025-02-24T15:01:40+00:00","twitter_card":"summary","twitter_misc":{"Estimeret l\u00e6setid":"2 minutter"},"schema":{"@context":"https:\/\/schema.org","@graph":[{"@type":"WebSite","@id":"https:\/\/www.playadorada.es\/es\/#website","url":"https:\/\/www.playadorada.es\/es\/","name":"Playa Dorada","description":"Otro sitio realizado con WordPress","potentialAction":[{"@type":"SearchAction","target":{"@type":"EntryPoint","urlTemplate":"https:\/\/www.playadorada.es\/es\/?s={search_term_string}"},"query-input":"required name=search_term_string"}],"inLanguage":"da-DK"},{"@type":"WebPage","@id":"https:\/\/www.playadorada.es\/da\/description-all-inclusive\/#webpage","url":"https:\/\/www.playadorada.es\/da\/description-all-inclusive\/","name":"Description of the All Inclusive in the Aparthotel Playa Dorada","isPartOf":{"@id":"https:\/\/www.playadorada.es\/es\/#website"},"datePublished":"2017-10-13T11:17:43+00:00","dateModified":"2025-02-24T15:01:40+00:00","description":"Description of the All Inclusive in the Aparthotel Playa Dorada. See our schedules and possibilities offered by the All Inclusive regime in Mallorca","breadcrumb":{"@id":"https:\/\/www.playadorada.es\/da\/description-all-inclusive\/#breadcrumb"},"inLanguage":"da-DK","potentialAction":[{"@type":"ReadAction","target":["https:\/\/www.playadorada.es\/da\/description-all-inclusive\/"]}]},{"@type":"BreadcrumbList","@id":"https:\/\/www.playadorada.es\/da\/description-all-inclusive\/#breadcrumb","itemListElement":[{"@type":"ListItem","position":1,"name":"Portada","item":"https:\/\/www.playadorada.es\/da\/"},{"@type":"ListItem","position":2,"name":"Beskrivelse af Alt inklusive"}]}]}},"_links":{"self":[{"href":"https:\/\/www.playadorada.es\/da\/wp-json\/wp\/v2\/pages\/25648"}],"collection":[{"href":"https:\/\/www.playadorada.es\/da\/wp-json\/wp\/v2\/pages"}],"about":[{"href":"https:\/\/www.playadorada.es\/da\/wp-json\/wp\/v2\/types\/page"}],"author":[{"embeddable":true,"href":"https:\/\/www.playadorada.es\/da\/wp-json\/wp\/v2\/users\/1"}],"replies":[{"embeddable":true,"href":"https:\/\/www.playadorada.es\/da\/wp-json\/wp\/v2\/comments?post=25648"}],"version-history":[{"count":3,"href":"https:\/\/www.playadorada.es\/da\/wp-json\/wp\/v2\/pages\/25648\/revisions"}],"predecessor-version":[{"id":25651,"href":"https:\/\/www.playadorada.es\/da\/wp-json\/wp\/v2\/pages\/25648\/revisions\/25651"}],"wp:attachment":[{"href":"https:\/\/www.playadorada.es\/da\/wp-json\/wp\/v2\/media?parent=25648"}],"curies":[{"name":"wp","href":"https:\/\/api.w.org\/{rel}","templated":true}]}}