{"id":25653,"date":"2014-09-14T08:54:12","date_gmt":"2014-09-14T08:54:12","guid":{"rendered":"https:\/\/www.playadorada.es\/home\/"},"modified":"2025-02-24T15:25:10","modified_gmt":"2025-02-24T15:25:10","slug":"home","status":"publish","type":"page","link":"https:\/\/www.playadorada.es\/da\/","title":{"rendered":"Home"},"content":{"rendered":"<p>[vc_row full_width=&#8221;stretch_row&#8221; css=&#8221;.vc_custom_1436823427497{padding-top: 2.8rem !important;padding-bottom: 2.8rem !important;background-color: #f0f1f2 !important;}&#8221;][vc_column][vc_btn title=&#8221;Book online&#8221; color=&#8221;blue&#8221; align=&#8221;center&#8221; button_block=&#8221;true&#8221; link=&#8221;url:https%3A%2F%2Freservas.playadorada.es%2F%3Flang%3Dda|target:_blank&#8221;][\/vc_column][\/vc_row][vc_row][vc_column width=&#8221;2\/3&#8243; offset=&#8221;vc_col-sm-offset-2&#8243;][vc_column_text]<\/p>\n<h1 style=\"text-align: center;\"><small>Velkommen til <\/small>APARTHOTEL PLAYA DORADA<\/h1>\n<p class=\"lead\" style=\"text-align: center;\">LAYA DORADA APARTHOTEL har en fantastisk beliggenhed ved kysten af det stille Middelhav p\u00e5 den mallorcanske \u00f8stkyst. Sandstranden kaldet Sa Coma, meget velegnet til b\u00f8rn, er kun 150 m g\u00e5tur.<\/p>\n<p>[\/vc_column_text][\/vc_column][\/vc_row][vc_row full_width=&#8221;stretch_row&#8221; parallax=&#8221;content-moving&#8221; parallax_layers=&#8221;yes&#8221; style_images=&#8221;yes&#8221; css=&#8221;.vc_custom_1507132138588{background-image: url(https:\/\/www.playadorada.es\/wp-content\/uploads\/2014\/09\/Sa-Coma-Playa.jpg?id=3355) !important;background-position: center;background-repeat: no-repeat !important;background-size: cover !important;}&#8221; parallax_offset=&#8221;150&#8243; layer_1=&#8221;3340&#8243; layer_2=&#8221;3343&#8243; layer_3=&#8221;3346&#8243; layer_1_ratio=&#8221;1.25123&#8243; layer_2_ratio=&#8221;0.94456456&#8243; layer_3_ratio=&#8221;1.111111&#8243; layer_1_vertical=&#8221;top: 80%&#8221; layer_1_horizontal=&#8221;left: 17%&#8221; layer_2_vertical=&#8221;top: 25%&#8221; layer_2_horizontal=&#8221;left: 24%&#8221; layer_3_vertical=&#8221;top: -10%&#8221; layer_3_horizontal=&#8221;left: 12%&#8221; layer_1_z=&#8221;1&#8243; layer_2_z=&#8221;0&#8243; layer_3_z=&#8221;1&#8243; el_class=&#8221;content-padding-xxl&#8221;][vc_column width=&#8221;1\/2&#8243; offset=&#8221;vc_col-sm-offset-6&#8243;][vc_column_text]<\/p>\n<h2><small>Nyd et naturligt milj\u00f8 i <\/small>SA COMA OG SA PUNTA DE N&#8217;AMER<\/h2>\n<p>Sa Coma ligger fem kilometer fra Portocristo. Det er et bolig- og hotelomr\u00e5de siden firserne i det 20. \u00e5rhundrede, og det er pr\u00e6get af det brede sandomr\u00e5de, hvide og finkornede, bl\u00e5, gennemsigtige vand- og posidonia-enge. Men det er ikke alt. Du kan se delfiner, dykke eller windsurfe.<\/p>\n<p>P\u00e5 venstre side vil du se Punta de n&#8217;Amer. Dette n\u00e6s p\u00e5 200 hektar blev i 1991 erkl\u00e6ret \u00c0rea Natural d&#8217;Especial Inter\u00e8s (&#8220;Naturomr\u00e5de af s\u00e6rlig interesse) af Parlament de les Illes Balears, og det deler strandene i Sa Coma og Cala Millor. I det indre er der kun to bygninger, det gamle vagtt\u00e5rn og det gamle hus i possessi\u00f3 de Sa Coma.<\/p>\n<p>Tilg\u00e6ngeligheden i bil er let ved at f\u00f8lge skiltene. Der er ogs\u00e5 en busforbindelse: Det n\u00e6rmeste busstoppested ligger 50 meter fra stranden. Den lette tilg\u00e6ngelighed og disse egenskaber forklarer, at stranden er meget t\u00e6t pakket af lokale bes\u00f8gende og turister.<br \/>\n[\/vc_column_text][\/vc_column][\/vc_row][vc_row][vc_column]<h2 class=\"text-center\"><small>Hvor skal man bo<\/small>Typer af rum<\/h2><div class='services-carousel ' data-owl-items='3' data-owl-nav='false' data-owl-nav-text='[]' data-owl-loop='true' data-owl-autoplay='true' data-owl-speed='2000' data-owl-hover='true' data-owl-mobile='1' data-owl-tablet='2' data-owl-dots='false'><div class='item'><a href=\"\/rooms\/habitacion-doble\/\" target=\"_self\" class=\"link-image\" title=\"Dobbelt\"><img width=\"750\" height=\"500\" src=\"https:\/\/www.playadorada.es\/wp-content\/uploads\/2015\/07\/Habitacion-Doble.jpg\" class=\"attachment-large size-large\" alt=\"Habitaci\u00f3n Doble\" loading=\"lazy\" srcset=\"https:\/\/www.playadorada.es\/wp-content\/uploads\/2015\/07\/Habitacion-Doble.jpg 768w, https:\/\/www.playadorada.es\/wp-content\/uploads\/2015\/07\/Habitacion-Doble-300x200.jpg 300w\" sizes=\"(max-width: 750px) 100vw, 750px\" \/><\/a><div class=\"item-content\"><h4><a href=\"\/rooms\/habitacion-doble\/\" target=\"_self\">Dobbelt<\/a><\/h4><p>Denne type v\u00e6relse er ideel til par uden b\u00f8rn. Alle dobbeltv\u00e6relser har havudsigt.<\/p><\/div><\/div><div class='item'><a href=\"\/rooms\/estudio\/\" target=\"_self\" class=\"link-image\" title=\"Studios\"><img width=\"750\" height=\"500\" src=\"https:\/\/www.playadorada.es\/wp-content\/uploads\/2015\/07\/Estudio.jpg\" class=\"attachment-large size-large\" alt=\"Estudio\" loading=\"lazy\" srcset=\"https:\/\/www.playadorada.es\/wp-content\/uploads\/2015\/07\/Estudio.jpg 768w, https:\/\/www.playadorada.es\/wp-content\/uploads\/2015\/07\/Estudio-300x200.jpg 300w\" sizes=\"(max-width: 750px) 100vw, 750px\" \/><\/a><div class=\"item-content\"><h4><a href=\"\/rooms\/estudio\/\" target=\"_self\">Studios<\/a><\/h4><p>Denne type v\u00e6relse er ideel til et par med 1 barn eller en baby.<\/p><\/div><\/div><div class='item'><a href=\"\/rooms\/apartamento\/\" target=\"_self\" class=\"link-image\" title=\"Lejligheder\"><img width=\"750\" height=\"500\" src=\"https:\/\/www.playadorada.es\/wp-content\/uploads\/2015\/07\/Apartamento-Salon.jpg\" class=\"attachment-large size-large\" alt=\"Apartamento Sal\u00f3n\" loading=\"lazy\" srcset=\"https:\/\/www.playadorada.es\/wp-content\/uploads\/2015\/07\/Apartamento-Salon.jpg 768w, https:\/\/www.playadorada.es\/wp-content\/uploads\/2015\/07\/Apartamento-Salon-300x200.jpg 300w\" sizes=\"(max-width: 750px) 100vw, 750px\" \/><\/a><div class=\"item-content\"><h4><a href=\"\/rooms\/apartamento\/\" target=\"_self\">Lejligheder<\/a><\/h4><p>Denne type v\u00e6relse er ideel til et par med to b\u00f8rn eller et barn og en baby.<\/p><\/div><\/div><\/div>[\/vc_column][\/vc_row]<\/p>\n","protected":false},"excerpt":{"rendered":"<p>[vc_row full_width=&#8221;stretch_row&#8221; css=&#8221;.vc_custom_1436823427497{padding-top: 2.8rem !important;padding-bottom: 2.8rem !important;background-color: #f0f1f2 !important;}&#8221;][vc_column][vc_btn title=&#8221;Book online&#8221; color=&#8221;blue&#8221; align=&#8221;center&#8221; button_block=&#8221;true&#8221; link=&#8221;url:https%3A%2F%2Freservas.playadorada.es%2F%3Flang%3Dda|target:_blank&#8221;][\/vc_column][\/vc_row][vc_row][vc_column width=&#8221;2\/3&#8243; offset=&#8221;vc_col-sm-offset-2&#8243;][vc_column_text] Velkommen til APARTHOTEL [&hellip;]<\/p>\n","protected":false},"author":1,"featured_media":0,"parent":0,"menu_order":0,"comment_status":"closed","ping_status":"closed","template":"","meta":[],"yoast_head":"<!-- This site is optimized with the Yoast SEO plugin v18.3 - https:\/\/yoast.com\/wordpress\/plugins\/seo\/ -->\n<title>Aparthotel Playa Dorada - Sa Coma - Mallorca - Todo incluido<\/title>\n<meta name=\"description\" content=\"Aparthotel Playa Dorada, la mejor elecci\u00f3n para pasar sus vacaciones en Sa Coma, Mallorca. Nuestro todo incluido es ideal para familias con o sin ni\u00f1os\" \/>\n<meta name=\"robots\" content=\"index, follow, max-snippet:-1, max-image-preview:large, max-video-preview:-1\" \/>\n<link rel=\"canonical\" href=\"https:\/\/www.playadorada.es\/da\/\" \/>\n<meta property=\"og:locale\" content=\"da_DK\" \/>\n<meta property=\"og:type\" content=\"article\" \/>\n<meta property=\"og:title\" content=\"Aparthotel Playa Dorada - Sa Coma - Mallorca - Todo incluido\" \/>\n<meta property=\"og:description\" content=\"Aparthotel Playa Dorada, la mejor elecci\u00f3n para pasar sus vacaciones en Sa Coma, Mallorca. Nuestro todo incluido es ideal para familias con o sin ni\u00f1os\" \/>\n<meta property=\"og:url\" content=\"https:\/\/www.playadorada.es\/da\/\" \/>\n<meta property=\"og:site_name\" content=\"Playa Dorada\" \/>\n<meta property=\"article:modified_time\" content=\"2025-02-24T15:25:10+00:00\" \/>\n<meta name=\"twitter:card\" content=\"summary\" \/>\n<meta name=\"twitter:label1\" content=\"Estimeret l\u00e6setid\" \/>\n\t<meta name=\"twitter:data1\" content=\"2 minutter\" \/>\n<script type=\"application\/ld+json\" class=\"yoast-schema-graph\">{\"@context\":\"https:\/\/schema.org\",\"@graph\":[{\"@type\":\"WebSite\",\"@id\":\"https:\/\/www.playadorada.es\/es\/#website\",\"url\":\"https:\/\/www.playadorada.es\/es\/\",\"name\":\"Playa Dorada\",\"description\":\"Otro sitio realizado con WordPress\",\"potentialAction\":[{\"@type\":\"SearchAction\",\"target\":{\"@type\":\"EntryPoint\",\"urlTemplate\":\"https:\/\/www.playadorada.es\/es\/?s={search_term_string}\"},\"query-input\":\"required name=search_term_string\"}],\"inLanguage\":\"da-DK\"},{\"@type\":\"WebPage\",\"@id\":\"https:\/\/www.playadorada.es\/da\/#webpage\",\"url\":\"https:\/\/www.playadorada.es\/da\/\",\"name\":\"Aparthotel Playa Dorada - Sa Coma - Mallorca - Todo incluido\",\"isPartOf\":{\"@id\":\"https:\/\/www.playadorada.es\/es\/#website\"},\"datePublished\":\"2014-09-14T08:54:12+00:00\",\"dateModified\":\"2025-02-24T15:25:10+00:00\",\"description\":\"Aparthotel Playa Dorada, la mejor elecci\u00f3n para pasar sus vacaciones en Sa Coma, Mallorca. Nuestro todo incluido es ideal para familias con o sin ni\u00f1os\",\"breadcrumb\":{\"@id\":\"https:\/\/www.playadorada.es\/da\/#breadcrumb\"},\"inLanguage\":\"da-DK\",\"potentialAction\":[{\"@type\":\"ReadAction\",\"target\":[\"https:\/\/www.playadorada.es\/da\/\"]}]},{\"@type\":\"BreadcrumbList\",\"@id\":\"https:\/\/www.playadorada.es\/da\/#breadcrumb\",\"itemListElement\":[{\"@type\":\"ListItem\",\"position\":1,\"name\":\"Portada\",\"item\":\"https:\/\/www.playadorada.es\/da\/\"},{\"@type\":\"ListItem\",\"position\":2,\"name\":\"Home\"}]}]}<\/script>\n<!-- \/ Yoast SEO plugin. -->","yoast_head_json":{"title":"Aparthotel Playa Dorada - Sa Coma - Mallorca - Todo incluido","description":"Aparthotel Playa Dorada, la mejor elecci\u00f3n para pasar sus vacaciones en Sa Coma, Mallorca. Nuestro todo incluido es ideal para familias con o sin ni\u00f1os","robots":{"index":"index","follow":"follow","max-snippet":"max-snippet:-1","max-image-preview":"max-image-preview:large","max-video-preview":"max-video-preview:-1"},"canonical":"https:\/\/www.playadorada.es\/da\/","og_locale":"da_DK","og_type":"article","og_title":"Aparthotel Playa Dorada - Sa Coma - Mallorca - Todo incluido","og_description":"Aparthotel Playa Dorada, la mejor elecci\u00f3n para pasar sus vacaciones en Sa Coma, Mallorca. Nuestro todo incluido es ideal para familias con o sin ni\u00f1os","og_url":"https:\/\/www.playadorada.es\/da\/","og_site_name":"Playa Dorada","article_modified_time":"2025-02-24T15:25:10+00:00","twitter_card":"summary","twitter_misc":{"Estimeret l\u00e6setid":"2 minutter"},"schema":{"@context":"https:\/\/schema.org","@graph":[{"@type":"WebSite","@id":"https:\/\/www.playadorada.es\/es\/#website","url":"https:\/\/www.playadorada.es\/es\/","name":"Playa Dorada","description":"Otro sitio realizado con WordPress","potentialAction":[{"@type":"SearchAction","target":{"@type":"EntryPoint","urlTemplate":"https:\/\/www.playadorada.es\/es\/?s={search_term_string}"},"query-input":"required name=search_term_string"}],"inLanguage":"da-DK"},{"@type":"WebPage","@id":"https:\/\/www.playadorada.es\/da\/#webpage","url":"https:\/\/www.playadorada.es\/da\/","name":"Aparthotel Playa Dorada - Sa Coma - Mallorca - Todo incluido","isPartOf":{"@id":"https:\/\/www.playadorada.es\/es\/#website"},"datePublished":"2014-09-14T08:54:12+00:00","dateModified":"2025-02-24T15:25:10+00:00","description":"Aparthotel Playa Dorada, la mejor elecci\u00f3n para pasar sus vacaciones en Sa Coma, Mallorca. Nuestro todo incluido es ideal para familias con o sin ni\u00f1os","breadcrumb":{"@id":"https:\/\/www.playadorada.es\/da\/#breadcrumb"},"inLanguage":"da-DK","potentialAction":[{"@type":"ReadAction","target":["https:\/\/www.playadorada.es\/da\/"]}]},{"@type":"BreadcrumbList","@id":"https:\/\/www.playadorada.es\/da\/#breadcrumb","itemListElement":[{"@type":"ListItem","position":1,"name":"Portada","item":"https:\/\/www.playadorada.es\/da\/"},{"@type":"ListItem","position":2,"name":"Home"}]}]}},"_links":{"self":[{"href":"https:\/\/www.playadorada.es\/da\/wp-json\/wp\/v2\/pages\/25653"}],"collection":[{"href":"https:\/\/www.playadorada.es\/da\/wp-json\/wp\/v2\/pages"}],"about":[{"href":"https:\/\/www.playadorada.es\/da\/wp-json\/wp\/v2\/types\/page"}],"author":[{"embeddable":true,"href":"https:\/\/www.playadorada.es\/da\/wp-json\/wp\/v2\/users\/1"}],"replies":[{"embeddable":true,"href":"https:\/\/www.playadorada.es\/da\/wp-json\/wp\/v2\/comments?post=25653"}],"version-history":[{"count":4,"href":"https:\/\/www.playadorada.es\/da\/wp-json\/wp\/v2\/pages\/25653\/revisions"}],"predecessor-version":[{"id":25658,"href":"https:\/\/www.playadorada.es\/da\/wp-json\/wp\/v2\/pages\/25653\/revisions\/25658"}],"wp:attachment":[{"href":"https:\/\/www.playadorada.es\/da\/wp-json\/wp\/v2\/media?parent=25653"}],"curies":[{"name":"wp","href":"https:\/\/api.w.org\/{rel}","templated":true}]}}