{"id":3321,"date":"2014-09-14T08:54:12","date_gmt":"2014-09-14T08:54:12","guid":{"rendered":"http:\/\/playadorada.cnedotswebs.es\/sample-page-2\/"},"modified":"2023-06-23T09:43:33","modified_gmt":"2023-06-23T09:43:33","slug":"home","status":"publish","type":"page","link":"https:\/\/www.playadorada.es\/de\/","title":{"rendered":"Home"},"content":{"rendered":"<p>[vc_row full_width=&#8220;stretch_row&#8220; css=&#8220;.vc_custom_1436823427497{padding-top: 2.8rem !important;padding-bottom: 2.8rem !important;background-color: #f0f1f2 !important;}&#8220;][vc_column][vc_btn title=&#8220;Buchen&#8220; color=&#8220;blue&#8220; align=&#8220;center&#8220; button_block=&#8220;true&#8220; link=&#8220;url:https%3A%2F%2Freservas.playadorada.es%2F%3Flang%3Dde|target:_blank&#8220;][\/vc_column][\/vc_row][vc_row][vc_column width=&#8220;2\/3&#8243; offset=&#8220;vc_col-sm-offset-2&#8243;][vc_column_text]<\/p>\n<h1 style=\"text-align: center;\"><small>Willkommen im<\/small>APARTHOTEL PLAYA DORADA<\/h1>\n<p class=\"lead\" style=\"text-align: center;\">Das APARTHOTEL PLAYA DORADA ist eine Anlage, die in einer ausserordentlich sch\u00f6nen Umgebung liegt. Sie befindet sich in erster Linie am ruhigen Mittelmeer, an der Ostk\u00fcste von Mallorca. Der feinsandige, flach abfallende Strand von Sa Coma, besonders geeignet f\u00fcr Kinder, liegt in nur 150 m.<\/p>\n<p>[\/vc_column_text][\/vc_column][\/vc_row][vc_row full_width=&#8220;stretch_row&#8220; parallax=&#8220;content-moving&#8220; parallax_layers=&#8220;yes&#8220; style_images=&#8220;yes&#8220; css=&#8220;.vc_custom_1510225737755{background-image: url(https:\/\/curlydummy.wpengine.com\/leisure-white\/wp-content\/uploads\/sites\/9\/2014\/09\/bg-parallax-3.jpg?id=638) !important;background-position: center;background-repeat: no-repeat !important;background-size: cover !important;}&#8220; parallax_offset=&#8220;150&#8243; layer_1=&#8220;3342&#8243; layer_2=&#8220;3345&#8243; layer_3=&#8220;3348&#8243; layer_1_ratio=&#8220;1.25123&#8243; layer_2_ratio=&#8220;0.94456456&#8243; layer_3_ratio=&#8220;1.111111&#8243; layer_1_vertical=&#8220;top: 80%&#8220; layer_1_horizontal=&#8220;left: 17%&#8220; layer_2_vertical=&#8220;top: 25%&#8220; layer_2_horizontal=&#8220;left: 24%&#8220; layer_3_vertical=&#8220;top: -10%&#8220; layer_3_horizontal=&#8220;left: 12%&#8220; layer_1_z=&#8220;1&#8243; layer_2_z=&#8220;0&#8243; layer_3_z=&#8220;1&#8243; el_class=&#8220;content-padding-xxl&#8220;][vc_column width=&#8220;1\/2&#8243; offset=&#8220;vc_col-sm-offset-6&#8243;][vc_column_text]<\/p>\n<h2><small>Genie\u00dfen Sie eine nat\u00fcrliche Umgebung in<\/small>SA COMA UND SA PUNTA DE N&#8217;AMER<\/h2>\n<p>Sa Coma ist f\u00fcnf Kilometer von PortoCristo entfernt. In den achtziger Jahren entwickelte sich Sa Coma zu<br \/>\neiner Wohn- und Hotelzone und zeichnet sich durch seinen fantastischen Strand mit feinem wei\u00dfen Sand und blauen, transparentem Wasser sowie Neptungrasb\u00e4nken aus; man kann hier Delfine beobachten und Sportarten wie Tauchen und Windsurfen aus\u00fcben.<\/p>\n<p>Auf seiner linken Seite befindet sich Sa Punta de N`Amer. Diese Halbinsel von 200 Hektar, die 1991 vom Parlament der Balearischen Inseln zum Naturschutzgebiet erkl\u00e4rt wurde, teilt die Str\u00e4nde von Sa Coma und Cala Millor.<\/p>\n<p>In der Mitte dieser Halbinsel findet man nur zwei Bauwerke: einen quadratischen Wehrturm aus dem 17. Jahrhundert, als &#8222;es Castell&#8220; bekannt ist, und die alten H\u00e4user der possessi\u00f3 von Sa Coma.<\/p>\n<p>Die Anfahrt mit dem Auto ist einfach, das Hotel ist ab Ortseingang Sa Coma sehr gut ausgeschildert. Man kann auch mit dem \u00f6ffentlichen Bus fahren; die n\u00e4chste Haltestelle befindet sich 50 Meter vom Strand entfernt. Die leichte Erreichbarkeit und die beschriebenen Charakteristika erkl\u00e4ren die hohe Besucherzahl von Einheimischen und Touristen.[\/vc_column_text][\/vc_column][\/vc_row][vc_row][vc_column]<h2 class=\"text-center\"><small>Wo \u00fcbernachten<\/small>Zimmertypen<\/h2><div class='services-carousel ' data-owl-items='3' data-owl-nav='false' data-owl-nav-text='[]' data-owl-loop='true' data-owl-autoplay='true' data-owl-speed='2000' data-owl-hover='true' data-owl-mobile='1' data-owl-tablet='2' data-owl-dots='false'><div class='item'><a href=\"\/de\/rooms\/dopplezimmer\/\" target=\"_self\" class=\"link-image\" title=\"DOPPELZIMMER\"><img width=\"750\" height=\"500\" src=\"https:\/\/www.playadorada.es\/wp-content\/uploads\/2015\/07\/Habitacion-Doble.jpg\" class=\"attachment-large size-large\" alt=\"\" loading=\"lazy\" srcset=\"https:\/\/www.playadorada.es\/wp-content\/uploads\/2015\/07\/Habitacion-Doble.jpg 768w, https:\/\/www.playadorada.es\/wp-content\/uploads\/2015\/07\/Habitacion-Doble-300x200.jpg 300w\" sizes=\"(max-width: 750px) 100vw, 750px\" \/><\/a><div class=\"item-content\"><h4><a href=\"\/de\/rooms\/dopplezimmer\/\" target=\"_self\">DOPPELZIMMER<\/a><\/h4><p>Diese Art von Zimmer ist ideal f\u00fcr Paare ohne Kinder. Alle mit Meerblick<\/p><\/div><\/div><div class='item'><a href=\"\/de\/rooms\/studio\/\" target=\"_self\" class=\"link-image\" title=\"STUDIOS\"><img width=\"750\" height=\"500\" src=\"https:\/\/www.playadorada.es\/wp-content\/uploads\/2015\/07\/Habitacion-Doble-PD-02.jpg\" class=\"attachment-large size-large\" alt=\"\" loading=\"lazy\" srcset=\"https:\/\/www.playadorada.es\/wp-content\/uploads\/2015\/07\/Habitacion-Doble-PD-02.jpg 768w, https:\/\/www.playadorada.es\/wp-content\/uploads\/2015\/07\/Habitacion-Doble-PD-02-300x200.jpg 300w\" sizes=\"(max-width: 750px) 100vw, 750px\" \/><\/a><div class=\"item-content\"><h4><a href=\"\/de\/rooms\/studio\/\" target=\"_self\">STUDIOS<\/a><\/h4><p>Die bestm\u00f6gliche Wahl f\u00fcr Eltern mit einem Kind oder Baby. Alle mit Meerblick<\/p><\/div><\/div><div class='item'><a href=\"\/de\/rooms\/apartment\/\" target=\"_self\" class=\"link-image\" title=\"APARTMENTS\"><img width=\"750\" height=\"500\" src=\"https:\/\/www.playadorada.es\/wp-content\/uploads\/2015\/07\/Habitacion-doble-PD.jpg\" class=\"attachment-large size-large\" alt=\"\" loading=\"lazy\" srcset=\"https:\/\/www.playadorada.es\/wp-content\/uploads\/2015\/07\/Habitacion-doble-PD.jpg 768w, https:\/\/www.playadorada.es\/wp-content\/uploads\/2015\/07\/Habitacion-doble-PD-300x200.jpg 300w\" sizes=\"(max-width: 750px) 100vw, 750px\" \/><\/a><div class=\"item-content\"><h4><a href=\"\/de\/rooms\/apartment\/\" target=\"_self\">APARTMENTS<\/a><\/h4><p>Ideal f\u00fcr Familien mit Kindern z.B.: 2 Erwachsene und 2 Kinder oder 3 Erwachsene und 1 Kind. . Alle mit Meerblick<\/p><\/div><\/div><\/div>[\/vc_column][\/vc_row]<\/p>\n","protected":false},"excerpt":{"rendered":"<p>[vc_row full_width=&#8220;stretch_row&#8220; css=&#8220;.vc_custom_1436823427497{padding-top: 2.8rem !important;padding-bottom: 2.8rem !important;background-color: #f0f1f2 !important;}&#8220;][vc_column][vc_btn title=&#8220;Buchen&#8220; color=&#8220;blue&#8220; align=&#8220;center&#8220; button_block=&#8220;true&#8220; link=&#8220;url:https%3A%2F%2Freservas.playadorada.es%2F%3Flang%3Dde|target:_blank&#8220;][\/vc_column][\/vc_row][vc_row][vc_column width=&#8220;2\/3&#8243; offset=&#8220;vc_col-sm-offset-2&#8243;][vc_column_text] Willkommen imAPARTHOTEL PLAYA DORADA [&hellip;]<\/p>\n","protected":false},"author":1,"featured_media":0,"parent":0,"menu_order":0,"comment_status":"closed","ping_status":"closed","template":"","meta":[],"yoast_head":"<!-- This site is optimized with the Yoast SEO plugin v18.3 - https:\/\/yoast.com\/wordpress\/plugins\/seo\/ -->\n<title>Aparthotel Playa Dorada - Sa Coma - Mallorca - Alles inklusive<\/title>\n<meta name=\"description\" content=\"Aparthotel Playa Dorada, die beste Wahl f\u00fcr Ihren Urlaub in Sa Coma, Mallorca. Unser All-Inclusive ist ideal f\u00fcr Familien mit oder ohne Kinder\" \/>\n<meta name=\"robots\" content=\"index, follow, max-snippet:-1, max-image-preview:large, max-video-preview:-1\" \/>\n<link rel=\"canonical\" href=\"https:\/\/www.playadorada.es\/de\/\" \/>\n<meta property=\"og:locale\" content=\"de_DE\" \/>\n<meta property=\"og:type\" content=\"article\" \/>\n<meta property=\"og:title\" content=\"Aparthotel Playa Dorada - Sa Coma - Mallorca - Alles inklusive\" \/>\n<meta property=\"og:description\" content=\"Aparthotel Playa Dorada, die beste Wahl f\u00fcr Ihren Urlaub in Sa Coma, Mallorca. Unser All-Inclusive ist ideal f\u00fcr Familien mit oder ohne Kinder\" \/>\n<meta property=\"og:url\" content=\"https:\/\/www.playadorada.es\/de\/\" \/>\n<meta property=\"og:site_name\" content=\"Playa Dorada\" \/>\n<meta property=\"article:modified_time\" content=\"2023-06-23T09:43:33+00:00\" \/>\n<meta name=\"twitter:card\" content=\"summary\" \/>\n<meta name=\"twitter:label1\" content=\"Gesch\u00e4tzte Lesezeit\" \/>\n\t<meta name=\"twitter:data1\" content=\"3\u00a0Minuten\" \/>\n<script type=\"application\/ld+json\" class=\"yoast-schema-graph\">{\"@context\":\"https:\/\/schema.org\",\"@graph\":[{\"@type\":\"WebSite\",\"@id\":\"https:\/\/www.playadorada.es\/es\/#website\",\"url\":\"https:\/\/www.playadorada.es\/es\/\",\"name\":\"Playa Dorada\",\"description\":\"Otro sitio realizado con WordPress\",\"potentialAction\":[{\"@type\":\"SearchAction\",\"target\":{\"@type\":\"EntryPoint\",\"urlTemplate\":\"https:\/\/www.playadorada.es\/es\/?s={search_term_string}\"},\"query-input\":\"required name=search_term_string\"}],\"inLanguage\":\"de\"},{\"@type\":\"WebPage\",\"@id\":\"https:\/\/www.playadorada.es\/de\/#webpage\",\"url\":\"https:\/\/www.playadorada.es\/de\/\",\"name\":\"Aparthotel Playa Dorada - Sa Coma - Mallorca - Alles inklusive\",\"isPartOf\":{\"@id\":\"https:\/\/www.playadorada.es\/es\/#website\"},\"datePublished\":\"2014-09-14T08:54:12+00:00\",\"dateModified\":\"2023-06-23T09:43:33+00:00\",\"description\":\"Aparthotel Playa Dorada, die beste Wahl f\u00fcr Ihren Urlaub in Sa Coma, Mallorca. Unser All-Inclusive ist ideal f\u00fcr Familien mit oder ohne Kinder\",\"breadcrumb\":{\"@id\":\"https:\/\/www.playadorada.es\/de\/#breadcrumb\"},\"inLanguage\":\"de\",\"potentialAction\":[{\"@type\":\"ReadAction\",\"target\":[\"https:\/\/www.playadorada.es\/de\/\"]}]},{\"@type\":\"BreadcrumbList\",\"@id\":\"https:\/\/www.playadorada.es\/de\/#breadcrumb\",\"itemListElement\":[{\"@type\":\"ListItem\",\"position\":1,\"name\":\"Portada\",\"item\":\"https:\/\/www.playadorada.es\/de\/\"},{\"@type\":\"ListItem\",\"position\":2,\"name\":\"Home\"}]}]}<\/script>\n<!-- \/ Yoast SEO plugin. -->","yoast_head_json":{"title":"Aparthotel Playa Dorada - Sa Coma - Mallorca - Alles inklusive","description":"Aparthotel Playa Dorada, die beste Wahl f\u00fcr Ihren Urlaub in Sa Coma, Mallorca. Unser All-Inclusive ist ideal f\u00fcr Familien mit oder ohne Kinder","robots":{"index":"index","follow":"follow","max-snippet":"max-snippet:-1","max-image-preview":"max-image-preview:large","max-video-preview":"max-video-preview:-1"},"canonical":"https:\/\/www.playadorada.es\/de\/","og_locale":"de_DE","og_type":"article","og_title":"Aparthotel Playa Dorada - Sa Coma - Mallorca - Alles inklusive","og_description":"Aparthotel Playa Dorada, die beste Wahl f\u00fcr Ihren Urlaub in Sa Coma, Mallorca. Unser All-Inclusive ist ideal f\u00fcr Familien mit oder ohne Kinder","og_url":"https:\/\/www.playadorada.es\/de\/","og_site_name":"Playa Dorada","article_modified_time":"2023-06-23T09:43:33+00:00","twitter_card":"summary","twitter_misc":{"Gesch\u00e4tzte Lesezeit":"3\u00a0Minuten"},"schema":{"@context":"https:\/\/schema.org","@graph":[{"@type":"WebSite","@id":"https:\/\/www.playadorada.es\/es\/#website","url":"https:\/\/www.playadorada.es\/es\/","name":"Playa Dorada","description":"Otro sitio realizado con WordPress","potentialAction":[{"@type":"SearchAction","target":{"@type":"EntryPoint","urlTemplate":"https:\/\/www.playadorada.es\/es\/?s={search_term_string}"},"query-input":"required name=search_term_string"}],"inLanguage":"de"},{"@type":"WebPage","@id":"https:\/\/www.playadorada.es\/de\/#webpage","url":"https:\/\/www.playadorada.es\/de\/","name":"Aparthotel Playa Dorada - Sa Coma - Mallorca - Alles inklusive","isPartOf":{"@id":"https:\/\/www.playadorada.es\/es\/#website"},"datePublished":"2014-09-14T08:54:12+00:00","dateModified":"2023-06-23T09:43:33+00:00","description":"Aparthotel Playa Dorada, die beste Wahl f\u00fcr Ihren Urlaub in Sa Coma, Mallorca. Unser All-Inclusive ist ideal f\u00fcr Familien mit oder ohne Kinder","breadcrumb":{"@id":"https:\/\/www.playadorada.es\/de\/#breadcrumb"},"inLanguage":"de","potentialAction":[{"@type":"ReadAction","target":["https:\/\/www.playadorada.es\/de\/"]}]},{"@type":"BreadcrumbList","@id":"https:\/\/www.playadorada.es\/de\/#breadcrumb","itemListElement":[{"@type":"ListItem","position":1,"name":"Portada","item":"https:\/\/www.playadorada.es\/de\/"},{"@type":"ListItem","position":2,"name":"Home"}]}]}},"_links":{"self":[{"href":"https:\/\/www.playadorada.es\/de\/wp-json\/wp\/v2\/pages\/3321"}],"collection":[{"href":"https:\/\/www.playadorada.es\/de\/wp-json\/wp\/v2\/pages"}],"about":[{"href":"https:\/\/www.playadorada.es\/de\/wp-json\/wp\/v2\/types\/page"}],"author":[{"embeddable":true,"href":"https:\/\/www.playadorada.es\/de\/wp-json\/wp\/v2\/users\/1"}],"replies":[{"embeddable":true,"href":"https:\/\/www.playadorada.es\/de\/wp-json\/wp\/v2\/comments?post=3321"}],"version-history":[{"count":10,"href":"https:\/\/www.playadorada.es\/de\/wp-json\/wp\/v2\/pages\/3321\/revisions"}],"predecessor-version":[{"id":25313,"href":"https:\/\/www.playadorada.es\/de\/wp-json\/wp\/v2\/pages\/3321\/revisions\/25313"}],"wp:attachment":[{"href":"https:\/\/www.playadorada.es\/de\/wp-json\/wp\/v2\/media?parent=3321"}],"curies":[{"name":"wp","href":"https:\/\/api.w.org\/{rel}","templated":true}]}}