{"id":3917,"date":"2017-10-19T12:12:55","date_gmt":"2017-10-19T12:12:55","guid":{"rendered":"http:\/\/playadorada.cnedotswebs.es\/terminos-y-condiciones\/"},"modified":"2017-11-09T16:33:57","modified_gmt":"2017-11-09T16:33:57","slug":"reservierungsbedingungen","status":"publish","type":"page","link":"https:\/\/www.playadorada.es\/de\/reservierungsbedingungen\/","title":{"rendered":"Reservierungsbedingungen"},"content":{"rendered":"<p>[vc_row][vc_column width=&#8220;1\/4&#8243;][\/vc_column][vc_column width=&#8220;1\/2&#8243;][vc_column_text]<\/p>\n<div class=\"item_fulltext\">\n<h2><strong>Reservierungsbedingungen<\/strong><\/h2>\n<ul>\n<li class=\"firstItem\"><strong>Aparthotel Playa Dorada<\/strong> bietet den Besuchern die besten Buchungskonditionen f\u00fcr Aufenthalte in unseren Hotels , Appartements und H\u00e4usern auf Mallorca<\/li>\n<li>Um \u00c4nderungen und Stornierungen effektiv, flexibel, komfortabel und Sicher durch-zuf\u00fchren haben wir folgenden Vorgang.<\/li>\n<li>Ben\u00f6tigt wird eine Kreditkarte! Um die Reservierung zu sichern wird eine Anzahlung von 25% des Gesamtbetrags vorgenommen und der Rest der Zahlung ist bei der Ankunft im Hotel in Bar oder per Kreditkarte zu erfolgen.<\/li>\n<li>Im Falle von nicht erscheinen im Hotel, Appartements oder H\u00e4usern, k\u00f6nnte das <strong>Aparthotel Playa Dorada<\/strong> den Gesamtbetrag des Aufenthaltes in Rechnung stellen<\/li>\n<li>Umbuchung: Um eine \u00c4nderung der Daten von einer Reservierung vorzunehmen, bitten wir eine E-Mail an <span id=\"cloak48092\"><a href=\"mailto:direccion@playadorada.es\">direccion@playadorada.es<\/a><\/span> zu senden mit der Angabe der Buchungsnummer und der \u00c4nderung.<\/li>\n<li>Kinder: Kinder unter 2 Jahren frei in Begleitung von Erwachsenen ; Mahlzeiten nicht mit inbegriffen. Babybetten kostenlos, abh\u00e4ngig von der Verf\u00fcgbarkeit.<\/li>\n<li>Kreditkarten: Visa und Mastercard<\/li>\n<li>Das Hotel beh\u00e4lt sich das Recht vor, vor der Ankunft die Kreditkarten auf Ihre G\u00fcltigkeit zu\u00fcberpr\u00fcfen.<\/li>\n<li>ZEITPLAN: Ankunft : Check-in 14:00 Uhr Abreise : Check-out 11:00 Uhr<\/li>\n<li><strong>Aparthotel Playa Dorada<\/strong> beh\u00e4lt sich das Recht vor, die Reservierung und damit den Eingang zum Hotel nicht zu akzeptieren, wenn die Anzahl der Insassen nicht der Reservierung entsprechen..<\/li>\n<li class=\"lastItem\">Akzeptiert werden \u00c4nderungen oder eine Stornierung ohne zus\u00e4tzliche Kosten bis zu 14 Tagen vor der Anreise.<\/li>\n<li>Im Falle einer Stornierung der Reservierung in weniger als 14 Tagen vor Anreise, beh\u00e4lt sich das Aparthotel Playa Dorada das Recht vor die im Buchungsprozess angezahlte Kaution einzubehalten.<\/li>\n<li>Es ist ausserdem eine \u00d6ko-Steuer von 1.10 \u20ac pro Tag und Person (ab 16 Jahre) zu entrichten.<\/li>\n<li>Ab dem neunten Aufenthaltstag reduziert sich der Betrag um 50 %.<\/li>\n<\/ul>\n<\/div>\n<p>[\/vc_column_text][\/vc_column][vc_column width=&#8220;1\/4&#8243;][\/vc_column][\/vc_row]<\/p>\n","protected":false},"excerpt":{"rendered":"<p>[vc_row][vc_column width=&#8220;1\/4&#8243;][\/vc_column][vc_column width=&#8220;1\/2&#8243;][vc_column_text] Reservierungsbedingungen Aparthotel Playa Dorada bietet den Besuchern die besten Buchungskonditionen f\u00fcr Aufenthalte in unseren Hotels , Appartements [&hellip;]<\/p>\n","protected":false},"author":1,"featured_media":0,"parent":0,"menu_order":0,"comment_status":"closed","ping_status":"closed","template":"","meta":[],"yoast_head":"<!-- This site is optimized with the Yoast SEO plugin v18.3 - https:\/\/yoast.com\/wordpress\/plugins\/seo\/ -->\n<title>Reservierungsbedingungen - Playa Dorada<\/title>\n<meta name=\"robots\" content=\"index, follow, max-snippet:-1, max-image-preview:large, max-video-preview:-1\" \/>\n<link rel=\"canonical\" href=\"https:\/\/www.playadorada.es\/de\/reservierungsbedingungen\/\" \/>\n<meta property=\"og:locale\" content=\"de_DE\" \/>\n<meta property=\"og:type\" content=\"article\" \/>\n<meta property=\"og:title\" content=\"Reservierungsbedingungen - Playa Dorada\" \/>\n<meta property=\"og:description\" content=\"[vc_row][vc_column width=&#8220;1\/4&#8243;][\/vc_column][vc_column width=&#8220;1\/2&#8243;][vc_column_text] Reservierungsbedingungen Aparthotel Playa Dorada bietet den Besuchern die besten Buchungskonditionen f\u00fcr Aufenthalte in unseren Hotels , Appartements [&hellip;]\" \/>\n<meta property=\"og:url\" content=\"https:\/\/www.playadorada.es\/de\/reservierungsbedingungen\/\" \/>\n<meta property=\"og:site_name\" content=\"Playa Dorada\" \/>\n<meta property=\"article:modified_time\" content=\"2017-11-09T16:33:57+00:00\" \/>\n<meta name=\"twitter:card\" content=\"summary\" \/>\n<meta name=\"twitter:label1\" content=\"Gesch\u00e4tzte Lesezeit\" \/>\n\t<meta name=\"twitter:data1\" content=\"1\u00a0Minute\" \/>\n<script type=\"application\/ld+json\" class=\"yoast-schema-graph\">{\"@context\":\"https:\/\/schema.org\",\"@graph\":[{\"@type\":\"WebSite\",\"@id\":\"https:\/\/www.playadorada.es\/es\/#website\",\"url\":\"https:\/\/www.playadorada.es\/es\/\",\"name\":\"Playa Dorada\",\"description\":\"Otro sitio realizado con WordPress\",\"potentialAction\":[{\"@type\":\"SearchAction\",\"target\":{\"@type\":\"EntryPoint\",\"urlTemplate\":\"https:\/\/www.playadorada.es\/es\/?s={search_term_string}\"},\"query-input\":\"required name=search_term_string\"}],\"inLanguage\":\"de\"},{\"@type\":\"WebPage\",\"@id\":\"https:\/\/www.playadorada.es\/de\/reservierungsbedingungen\/#webpage\",\"url\":\"https:\/\/www.playadorada.es\/de\/reservierungsbedingungen\/\",\"name\":\"Reservierungsbedingungen - Playa Dorada\",\"isPartOf\":{\"@id\":\"https:\/\/www.playadorada.es\/es\/#website\"},\"datePublished\":\"2017-10-19T12:12:55+00:00\",\"dateModified\":\"2017-11-09T16:33:57+00:00\",\"breadcrumb\":{\"@id\":\"https:\/\/www.playadorada.es\/de\/reservierungsbedingungen\/#breadcrumb\"},\"inLanguage\":\"de\",\"potentialAction\":[{\"@type\":\"ReadAction\",\"target\":[\"https:\/\/www.playadorada.es\/de\/reservierungsbedingungen\/\"]}]},{\"@type\":\"BreadcrumbList\",\"@id\":\"https:\/\/www.playadorada.es\/de\/reservierungsbedingungen\/#breadcrumb\",\"itemListElement\":[{\"@type\":\"ListItem\",\"position\":1,\"name\":\"Portada\",\"item\":\"https:\/\/www.playadorada.es\/de\/\"},{\"@type\":\"ListItem\",\"position\":2,\"name\":\"Reservierungsbedingungen\"}]}]}<\/script>\n<!-- \/ Yoast SEO plugin. -->","yoast_head_json":{"title":"Reservierungsbedingungen - Playa Dorada","robots":{"index":"index","follow":"follow","max-snippet":"max-snippet:-1","max-image-preview":"max-image-preview:large","max-video-preview":"max-video-preview:-1"},"canonical":"https:\/\/www.playadorada.es\/de\/reservierungsbedingungen\/","og_locale":"de_DE","og_type":"article","og_title":"Reservierungsbedingungen - Playa Dorada","og_description":"[vc_row][vc_column width=&#8220;1\/4&#8243;][\/vc_column][vc_column width=&#8220;1\/2&#8243;][vc_column_text] Reservierungsbedingungen Aparthotel Playa Dorada bietet den Besuchern die besten Buchungskonditionen f\u00fcr Aufenthalte in unseren Hotels , Appartements [&hellip;]","og_url":"https:\/\/www.playadorada.es\/de\/reservierungsbedingungen\/","og_site_name":"Playa Dorada","article_modified_time":"2017-11-09T16:33:57+00:00","twitter_card":"summary","twitter_misc":{"Gesch\u00e4tzte Lesezeit":"1\u00a0Minute"},"schema":{"@context":"https:\/\/schema.org","@graph":[{"@type":"WebSite","@id":"https:\/\/www.playadorada.es\/es\/#website","url":"https:\/\/www.playadorada.es\/es\/","name":"Playa Dorada","description":"Otro sitio realizado con WordPress","potentialAction":[{"@type":"SearchAction","target":{"@type":"EntryPoint","urlTemplate":"https:\/\/www.playadorada.es\/es\/?s={search_term_string}"},"query-input":"required name=search_term_string"}],"inLanguage":"de"},{"@type":"WebPage","@id":"https:\/\/www.playadorada.es\/de\/reservierungsbedingungen\/#webpage","url":"https:\/\/www.playadorada.es\/de\/reservierungsbedingungen\/","name":"Reservierungsbedingungen - Playa Dorada","isPartOf":{"@id":"https:\/\/www.playadorada.es\/es\/#website"},"datePublished":"2017-10-19T12:12:55+00:00","dateModified":"2017-11-09T16:33:57+00:00","breadcrumb":{"@id":"https:\/\/www.playadorada.es\/de\/reservierungsbedingungen\/#breadcrumb"},"inLanguage":"de","potentialAction":[{"@type":"ReadAction","target":["https:\/\/www.playadorada.es\/de\/reservierungsbedingungen\/"]}]},{"@type":"BreadcrumbList","@id":"https:\/\/www.playadorada.es\/de\/reservierungsbedingungen\/#breadcrumb","itemListElement":[{"@type":"ListItem","position":1,"name":"Portada","item":"https:\/\/www.playadorada.es\/de\/"},{"@type":"ListItem","position":2,"name":"Reservierungsbedingungen"}]}]}},"_links":{"self":[{"href":"https:\/\/www.playadorada.es\/de\/wp-json\/wp\/v2\/pages\/3917"}],"collection":[{"href":"https:\/\/www.playadorada.es\/de\/wp-json\/wp\/v2\/pages"}],"about":[{"href":"https:\/\/www.playadorada.es\/de\/wp-json\/wp\/v2\/types\/page"}],"author":[{"embeddable":true,"href":"https:\/\/www.playadorada.es\/de\/wp-json\/wp\/v2\/users\/1"}],"replies":[{"embeddable":true,"href":"https:\/\/www.playadorada.es\/de\/wp-json\/wp\/v2\/comments?post=3917"}],"version-history":[{"count":1,"href":"https:\/\/www.playadorada.es\/de\/wp-json\/wp\/v2\/pages\/3917\/revisions"}],"predecessor-version":[{"id":3918,"href":"https:\/\/www.playadorada.es\/de\/wp-json\/wp\/v2\/pages\/3917\/revisions\/3918"}],"wp:attachment":[{"href":"https:\/\/www.playadorada.es\/de\/wp-json\/wp\/v2\/media?parent=3917"}],"curies":[{"name":"wp","href":"https:\/\/api.w.org\/{rel}","templated":true}]}}