{"id":3919,"date":"2017-10-19T12:05:12","date_gmt":"2017-10-19T12:05:12","guid":{"rendered":"http:\/\/playadorada.cnedotswebs.es\/politica-de-cookies\/"},"modified":"2017-11-09T16:43:32","modified_gmt":"2017-11-09T16:43:32","slug":"cookies-policy","status":"publish","type":"page","link":"https:\/\/www.playadorada.es\/de\/cookies-policy\/","title":{"rendered":"Cookies Policy"},"content":{"rendered":"<p>[vc_row][vc_column width=&#8220;1\/4&#8243;][\/vc_column][vc_column width=&#8220;1\/2&#8243;][vc_column_text]<\/p>\n<div class=\"item_fulltext\">\n<h2>Einsatz von Cookies<\/h2>\n<p>Beim Anpassen der Inhalte an Ihre Interessen kommen Cookies zum Einsatz. Die meisten Browser sind so eingestellt, dass sie Cookies automatisch akzeptieren. Sie k\u00f6nnen das Speichern von Cookies jedoch desaktivieren oder Ihren Browser so einstellen, dass er Sie benachrichtigt, sobald Cookies gesendet werden. Bei desaktivierung der Cockies k\u00f6nnen einige Informationen oder Dienstleistungen nicht erscheinen. UnEin Cookie ist ein kleines St\u00fcck Text, der Websites an Ihren Browser senden und auf dem Endger\u00e4t des Nutzers gespeichert, die ein Personalcomputer sein kann, ein Mobiltelefon , Tablet etc. Diese Dateien erm\u00f6glichen die Website Informationen \u00fcber Ihren Besuch, wie Sprache und bevorzugte Optionen zu erinnern, die Ihren n\u00e4chsten Besuch erleichtern k\u00f6nnen und machen die Website n\u00fctzlicher durch seinen Inhalt anpassen. Cookies spielen eine sehr wichtige Rolle, um die Erfahrungen mit dem Web zu verbessern.<\/p>\n<p>&nbsp;<\/p>\n<h2>\u00bfWie werden Cookies verwendet?<\/h2>\n<p>Una \u2018cookie\u2019 es un peque\u00f1o fragmento de texto que los sitios web env\u00edan al navegador y que se almacenan en el terminal del usuario, el cual puede ser un ordenador personal, un tel\u00e9fono m\u00f3vil, una tableta, etc. Estos archivos permiten que el sitio web recuerde informaci\u00f3n sobre su visita, como el idioma y las opciones preferidas, lo que puede facilitar su pr\u00f3xima visita y hacer que el sitio resulte m\u00e1s \u00fatil al personalizar su contenido. Las \u2018cookies\u2019 desempe\u00f1an un papel muy importante, al mejorar la experiencia del uso de la web.<\/p>\n<h2>\u00bfC\u00f3mo se utilizan las \u2018cookies\u2019?<\/h2>\n<p>Durch den Besuch dieser Website erkl\u00e4ren Sie akzeptieren, dass Sie Cookies auf Ihrem Endger\u00e4t installiert werden kann und es uns erm\u00f6glichen, die folgenden Informationen zu wissen:<\/p>\n<p>&#8211; Statistische Informationen \u00fcber die Nutzung des Internets.<\/p>\n<p>&#8211; Das Format der bevorzugten Web-Zugriff von mobilen Ger\u00e4ten.<\/p>\n<p>&#8211; Livesuche auf Web Services und Daten-Anpassungs-Services.<\/p>\n<p>&#8211; Die Datenverbindung zu sozialen Netzwerken f\u00fcr Benutzer mit Ihrem Facebook oder Twitter zugreifen.<\/p>\n<h2>Arten von Cookies verwendet<\/h2>\n<p>Diese Seite nutzt sowohl tempor\u00e4re Cookies als permanente Session-Cookies. Cookies Session speichern Daten nur w\u00e4hrend der Benutzer die Web-und permanente Cookies speichern Daten im Endger\u00e4t zugreift zugegriffen und in mehr als einer Sitzung verwendet werden.<\/p>\n<p>ach dem Zweck, f\u00fcr den die durch die Cookies erhaltenen Daten adressiert werden, kann die Bahn verwendet werden:<\/p>\n<h3>\u2018Cookies\u2019-Techniken<\/h3>\n<p>SSie sind diejenigen, die dem Benutzer erlauben, \u00fcber die Website oder die Anwendung und Nutzung von verschiedenen Optionen oder Dienstleistungen zu navigieren es existieren. Zum Beispiel Steuerungsverkehr und Datenkommunikation , identifizieren die Sitzung, Zugriff auf die Web-Teile von eingeschr\u00e4nktem Zugriff, denken Sie daran, die Elemente eines Auftrags, den Antrag auf Eintragung oder die Teilnahme an einer Veranstaltung zu machen, verwenden Sie Sicherheitsfunktionen f\u00fcr die Navigation und Speicherinhalt f\u00fcr Broadcast-Video oder Ton.<\/p>\n<h3>Cookies Customization<\/h3>\n<p>Sie sind diejenigen, die dem Benutzer erlauben, mit einigen Funktionen auf den Dienst zuzugreifen allgemeinen vordefiniert in das Terminal oder den Benutzer definieren. Zum Beispiel Sprache, Browser-Typ, \u00fcber die Sie auf den Dienst zugreifen, Design ausgew\u00e4hlte Inhalte, Geolokalisierung des Terminals und das Gebietsschema , von dem Sie auf den Dienst zugreifen.<\/p>\n<h3>Cookies statistische Analyse<\/h3>\n<p>Sie sind diejenigen, die die \u00dcberwachung und Analyse des Nutzerverhaltens auf Websites erm\u00f6glichen. Die gesammelten Informationen durch solche Cookies ist bei der Messung der Aktivit\u00e4t von Web-, Applikations- oder Plattform-Sites und Profilierung der Benutzernavigation dieser Sites, einzuf\u00fchren, um Service-Verbesserungen verwendet je nach Nutzungsdaten , dass die Nutzer zu machen<\/p>\n<h3>\u2018Cookies\u2019 dritte<\/h3>\n<p>In einigen Web-Seiten k\u00f6nnen Sie Cookies von Drittanbietern installiert werden, die Dienste zu verwalten und zu verbessern. Wie statistische Dienste von Google Analytics.<\/p>\n<h2>Wie Cookies im Browser zu verwalten?<\/h2>\n<p>Der Benutzer hat die M\u00f6glichkeit, zu erm\u00f6glichen, zu sperren oder installierte Cookies auf Ihrem Computer entfernen, indem Sie Ihre Browser-Optionen auf Ihrem Terminal installiert konfigurieren:<\/p>\n<h3>Zum Festlegen von Berechtigungen im Zusammenhang mit Cookies im Browser Google Chrome:<\/h3>\n<p>&#8211; Klicken Sie auf das Men\u00fc in der Werkzeugleiste (rechts oben, ein Symbol mit 3 Striche).<\/p>\n<p>&#8211; W\u00e4hlen Sie Einstellungen.<\/p>\n<p>&#8211; In dem Fenster, das am Ende erscheint, klicken Sie auf &#8222;Erweiterte Optionen anzeigen&#8220;.<\/p>\n<p>&#8211; Im Abschnitt &#8222;Datenschutz&#8220; auf die Schaltfl\u00e4che Einstellungen Inhalt.<\/p>\n<p>&#8211; Im Abschnitt Cookies k\u00f6nnen Sie konfigurieren.<\/p>\n<p>&#8211; An der Spitze im Firefox-Fenster auf das Men\u00fc Extras klicken.<\/p>\n<p>&#8211; W\u00e4hlen Sie Optionen.<\/p>\n<p>&#8211; W\u00e4hlen Sie die Datenschutz Panel.<\/p>\n<p>&#8211; Von hier aus k\u00f6nnen Sie die Option, die Sie interessiert.<\/p>\n<h3>Zum Festlegen von Berechtigungen im Zusammenhang mit Cookies im Browser Internet Explorer 9:<\/h3>\n<p>&#8211; An der Spitze des Internet Explorer-Fenster klicken Sie auf das Men\u00fc Extras oder gehen Sie zu einem Symbol f\u00f6rmigen Gang auch auf der oberen rechten Seite.<\/p>\n<p>&#8211; W\u00e4hlen Sie die Registerkarte Sicherheit, und verwenden Sie den Browserverlauf l\u00f6schen Cookies entfernen. Cookies aktivieren Kontrollk\u00e4stchen , und klicken Sie dann auf L\u00f6schen.<\/p>\n<p>&#8211; Auch hier werden wir auf die Registerkarte Sicherheit und den Zugang Datenschutz Website ausw\u00e4hlen. Von hier aus gehen Sie auf Einstellungen und dann bewegen Sie den Schieberegler ganz nach oben, alle Cookies zu blockieren oder ganz nach unten, alle Cookies zu erlauben. Danach klicken Sie auf OK.<\/p>\n<p>&nbsp;<\/p>\n<p>Wenn die Verwendung von Cookies in Ihrem Browser blockieren ist es m\u00f6glich, dass einige Dienste oder Funktionalit\u00e4t der Website nicht verf\u00fcgbar sind.<\/p>\n<p>In einigen Browsern k\u00f6nnen Sie bestimmte Regeln zu verwalten Cookies f\u00fcr die Website einrichten, die eine genauere Kontrolle \u00fcber die Privatsph\u00e4re bietet. Dies bedeutet, dass Sie Cookies von allen Websites, mit Ausnahme derjenigen, deaktivieren k\u00f6nnen, in denen Sie vertrauen.<\/p>\n<\/div>\n<p>[\/vc_column_text][\/vc_column][vc_column width=&#8220;1\/4&#8243;][\/vc_column][\/vc_row]<\/p>\n","protected":false},"excerpt":{"rendered":"<p>[vc_row][vc_column width=&#8220;1\/4&#8243;][\/vc_column][vc_column width=&#8220;1\/2&#8243;][vc_column_text] Einsatz von Cookies Beim Anpassen der Inhalte an Ihre Interessen kommen Cookies zum Einsatz. Die meisten Browser [&hellip;]<\/p>\n","protected":false},"author":1,"featured_media":0,"parent":0,"menu_order":0,"comment_status":"closed","ping_status":"closed","template":"","meta":[],"yoast_head":"<!-- This site is optimized with the Yoast SEO plugin v18.3 - https:\/\/yoast.com\/wordpress\/plugins\/seo\/ -->\n<title>Cookies Policy - Playa Dorada<\/title>\n<meta name=\"robots\" content=\"index, follow, max-snippet:-1, max-image-preview:large, max-video-preview:-1\" \/>\n<link rel=\"canonical\" href=\"https:\/\/www.playadorada.es\/de\/cookies-policy\/\" \/>\n<meta property=\"og:locale\" content=\"de_DE\" \/>\n<meta property=\"og:type\" content=\"article\" \/>\n<meta property=\"og:title\" content=\"Cookies Policy - Playa Dorada\" \/>\n<meta property=\"og:description\" content=\"[vc_row][vc_column width=&#8220;1\/4&#8243;][\/vc_column][vc_column width=&#8220;1\/2&#8243;][vc_column_text] Einsatz von Cookies Beim Anpassen der Inhalte an Ihre Interessen kommen Cookies zum Einsatz. Die meisten Browser [&hellip;]\" \/>\n<meta property=\"og:url\" content=\"https:\/\/www.playadorada.es\/de\/cookies-policy\/\" \/>\n<meta property=\"og:site_name\" content=\"Playa Dorada\" \/>\n<meta property=\"article:modified_time\" content=\"2017-11-09T16:43:32+00:00\" \/>\n<meta name=\"twitter:card\" content=\"summary\" \/>\n<meta name=\"twitter:label1\" content=\"Gesch\u00e4tzte Lesezeit\" \/>\n\t<meta name=\"twitter:data1\" content=\"5\u00a0Minuten\" \/>\n<script type=\"application\/ld+json\" class=\"yoast-schema-graph\">{\"@context\":\"https:\/\/schema.org\",\"@graph\":[{\"@type\":\"WebSite\",\"@id\":\"https:\/\/www.playadorada.es\/es\/#website\",\"url\":\"https:\/\/www.playadorada.es\/es\/\",\"name\":\"Playa Dorada\",\"description\":\"Otro sitio realizado con WordPress\",\"potentialAction\":[{\"@type\":\"SearchAction\",\"target\":{\"@type\":\"EntryPoint\",\"urlTemplate\":\"https:\/\/www.playadorada.es\/es\/?s={search_term_string}\"},\"query-input\":\"required name=search_term_string\"}],\"inLanguage\":\"de\"},{\"@type\":\"WebPage\",\"@id\":\"https:\/\/www.playadorada.es\/de\/cookies-policy\/#webpage\",\"url\":\"https:\/\/www.playadorada.es\/de\/cookies-policy\/\",\"name\":\"Cookies Policy - Playa Dorada\",\"isPartOf\":{\"@id\":\"https:\/\/www.playadorada.es\/es\/#website\"},\"datePublished\":\"2017-10-19T12:05:12+00:00\",\"dateModified\":\"2017-11-09T16:43:32+00:00\",\"breadcrumb\":{\"@id\":\"https:\/\/www.playadorada.es\/de\/cookies-policy\/#breadcrumb\"},\"inLanguage\":\"de\",\"potentialAction\":[{\"@type\":\"ReadAction\",\"target\":[\"https:\/\/www.playadorada.es\/de\/cookies-policy\/\"]}]},{\"@type\":\"BreadcrumbList\",\"@id\":\"https:\/\/www.playadorada.es\/de\/cookies-policy\/#breadcrumb\",\"itemListElement\":[{\"@type\":\"ListItem\",\"position\":1,\"name\":\"Portada\",\"item\":\"https:\/\/www.playadorada.es\/de\/\"},{\"@type\":\"ListItem\",\"position\":2,\"name\":\"Cookies Policy\"}]}]}<\/script>\n<!-- \/ Yoast SEO plugin. -->","yoast_head_json":{"title":"Cookies Policy - Playa Dorada","robots":{"index":"index","follow":"follow","max-snippet":"max-snippet:-1","max-image-preview":"max-image-preview:large","max-video-preview":"max-video-preview:-1"},"canonical":"https:\/\/www.playadorada.es\/de\/cookies-policy\/","og_locale":"de_DE","og_type":"article","og_title":"Cookies Policy - Playa Dorada","og_description":"[vc_row][vc_column width=&#8220;1\/4&#8243;][\/vc_column][vc_column width=&#8220;1\/2&#8243;][vc_column_text] Einsatz von Cookies Beim Anpassen der Inhalte an Ihre Interessen kommen Cookies zum Einsatz. Die meisten Browser [&hellip;]","og_url":"https:\/\/www.playadorada.es\/de\/cookies-policy\/","og_site_name":"Playa Dorada","article_modified_time":"2017-11-09T16:43:32+00:00","twitter_card":"summary","twitter_misc":{"Gesch\u00e4tzte Lesezeit":"5\u00a0Minuten"},"schema":{"@context":"https:\/\/schema.org","@graph":[{"@type":"WebSite","@id":"https:\/\/www.playadorada.es\/es\/#website","url":"https:\/\/www.playadorada.es\/es\/","name":"Playa Dorada","description":"Otro sitio realizado con WordPress","potentialAction":[{"@type":"SearchAction","target":{"@type":"EntryPoint","urlTemplate":"https:\/\/www.playadorada.es\/es\/?s={search_term_string}"},"query-input":"required name=search_term_string"}],"inLanguage":"de"},{"@type":"WebPage","@id":"https:\/\/www.playadorada.es\/de\/cookies-policy\/#webpage","url":"https:\/\/www.playadorada.es\/de\/cookies-policy\/","name":"Cookies Policy - Playa Dorada","isPartOf":{"@id":"https:\/\/www.playadorada.es\/es\/#website"},"datePublished":"2017-10-19T12:05:12+00:00","dateModified":"2017-11-09T16:43:32+00:00","breadcrumb":{"@id":"https:\/\/www.playadorada.es\/de\/cookies-policy\/#breadcrumb"},"inLanguage":"de","potentialAction":[{"@type":"ReadAction","target":["https:\/\/www.playadorada.es\/de\/cookies-policy\/"]}]},{"@type":"BreadcrumbList","@id":"https:\/\/www.playadorada.es\/de\/cookies-policy\/#breadcrumb","itemListElement":[{"@type":"ListItem","position":1,"name":"Portada","item":"https:\/\/www.playadorada.es\/de\/"},{"@type":"ListItem","position":2,"name":"Cookies Policy"}]}]}},"_links":{"self":[{"href":"https:\/\/www.playadorada.es\/de\/wp-json\/wp\/v2\/pages\/3919"}],"collection":[{"href":"https:\/\/www.playadorada.es\/de\/wp-json\/wp\/v2\/pages"}],"about":[{"href":"https:\/\/www.playadorada.es\/de\/wp-json\/wp\/v2\/types\/page"}],"author":[{"embeddable":true,"href":"https:\/\/www.playadorada.es\/de\/wp-json\/wp\/v2\/users\/1"}],"replies":[{"embeddable":true,"href":"https:\/\/www.playadorada.es\/de\/wp-json\/wp\/v2\/comments?post=3919"}],"version-history":[{"count":2,"href":"https:\/\/www.playadorada.es\/de\/wp-json\/wp\/v2\/pages\/3919\/revisions"}],"predecessor-version":[{"id":3921,"href":"https:\/\/www.playadorada.es\/de\/wp-json\/wp\/v2\/pages\/3919\/revisions\/3921"}],"wp:attachment":[{"href":"https:\/\/www.playadorada.es\/de\/wp-json\/wp\/v2\/media?parent=3919"}],"curies":[{"name":"wp","href":"https:\/\/api.w.org\/{rel}","templated":true}]}}