{"id":3934,"date":"2017-10-13T11:02:22","date_gmt":"2017-10-13T11:02:22","guid":{"rendered":"http:\/\/playadorada.cnedotswebs.es\/sobre-el-hotel-playa-dorada\/"},"modified":"2024-05-13T16:59:33","modified_gmt":"2024-05-13T16:59:33","slug":"uber-aparthotel-playa-dorada","status":"publish","type":"page","link":"https:\/\/www.playadorada.es\/de\/uber-aparthotel-playa-dorada\/","title":{"rendered":"\u00dcber Aparthotel Playa Dorada"},"content":{"rendered":"<p>[vc_row][vc_column width=&#8220;1\/4&#8243;][\/vc_column][vc_column width=&#8220;1\/2&#8243;][vc_column_text]<\/p>\n<h2 style=\"text-align: center;\"><em>Herzlich Willkommen!!<\/em><\/h2>\n<h3><b><span style=\"font-weight: 400;\">Sehr geehrte Damen und Herren<\/span>,<\/b><\/h3>\n<p><span style=\"font-weight: 400;\">Die Hoteldirektion und das Personal hei\u00dfen Sie im Aparthotel Playa Dorada herzlich willkommen.<\/span><span style=\"font-weight: 400;\">Um Ihnen einen angenehmen Aufenthalt zu gew\u00e4hrleisten, stehen wir gern mit Rat und Tat zur Seite.<\/span><span style=\"font-weight: 400;\">Gerne nehmen wir Ihre Anregungen entgegen. Nun einige Informationen bez\u00fcglich unseres Hauses:<\/span><\/p>\n<h4><b><i>ALLES INKLUSIVE<\/i><\/b><\/h4>\n<p>Bei Ankunft wird Ihnen an der Rezeption ein Plastikarmband angelegt, welches Sie bitte, w\u00e4hrend der Dauer Ihres Aufenthaltes bei uns, angelegt lassen. Der Verlust desselben, ist der Rezeption umgehend mitzuteilen!<\/p>\n<h4><b><i>\u00d6FFNUNGSZEITEN SPEISESAAL\/BAR<\/i><\/b><\/h4>\n<p><span style=\"font-weight: 400;\">Fr\u00fchst\u00fcck \u00a0\u00a0<\/span><span style=\"font-weight: 400;\">\u00a0\u00a0\u00a0 <\/span><span style=\"font-weight: 400;\">07\u00b430 bis 10\u00b430 Uhr<\/span><span style=\"font-weight: 400;\">\u00a0 \u00a0\u00a0<\/span><span style=\"font-weight: 400;\">\u00a0\u00a0\u00a0 <\/span><span style=\"color: #ff0000;\"><b>Nur f\u00fcr Ausfl\u00fcge:<\/b><\/span><\/p>\n<p><span style=\"font-weight: 400;\">Mittagessen \u00a0<\/span><span style=\"font-weight: 400;\">12\u00b400 bis 15\u00b400 Uhr<\/span><span style=\"font-weight: 400;\">\u00a0 \u00a0\u00a0<\/span><span style=\"font-weight: 400;\">\u00a0\u00a0<\/span><span style=\"color: #ff0000;\"><b>Lunchpakete bis 19\u00b400 Uhr am<\/b><\/span><\/p>\n<p><span style=\"font-weight: 400;\">Abendessen \u00a0\u00a0<\/span><span style=\"font-weight: 400;\">18&#8217;00 bis\u00a0 21&#8217;00 Uhr<\/span><span style=\"font-weight: 400;\">\u00a0 \u00a0\u00a0<\/span><span style=\"font-weight: 400;\">\u00a0\u00a0<\/span><span style=\"color: #ff0000;\"><b>Vorabend an der Rezeption<\/b><\/span><\/p>\n<p><span style=\"font-weight: 400;\">Bar<\/span><span style=\"font-weight: 400;\">\u00a0\u00a0\u00a0 <\/span><span style=\"font-weight: 400;\">\u00a0\u00a0\u00a0 <\/span><span style=\"font-weight: 400;\">\u00a0\u00a0\u00a0 <\/span><span style=\"font-weight: 400;\">10\u00b400 bis 24\u00b400 Uhr<\/span><\/p>\n<h4><b><i>ZIMMERREINIGUNG<\/i><\/b><\/h4>\n<p>Die Zimmer werden 5 mal pro Woche gereinigt, ausser DIENSTAGS und DONNERSTAGS<\/p>\n<h4><b><i>SWIMMING-POOL<\/i><\/b><\/h4>\n<p>\u00d6ffnungszeiten von 09.00 h bis 19.00 h.<br \/>\nDas Vor-Reservieren von Liegen mit Handt\u00fcchern oder \u00e4hnlichen ist nicht gestattet.<br \/>\nDas Hotel beh\u00e4lt sich das Recht vor, die Handt\u00fccher von den Liegen zu entfernen!<br \/>\nHotelhandt\u00fccher sind f\u00fcr die Zimmer bestimmt, nicht f\u00fcr den Pool oder gar den Strand.<\/p>\n<h4><b><i>DACHSOLARIUM<\/i><\/b><\/h4>\n<p>\u00d6ffnungszeiten von 10.00 h bis 20.30 h<br \/>\nDer Zugang befindet sich in der 7. Etage, neben dem Aufzug an der Poolseite.<\/p>\n<h4><b><i>SAFE\/TRESOR<\/i><\/b><\/h4>\n<p><span style=\"font-weight: 400;\">Das Aparthotel Playa Dorada ist nicht haftbar f\u00fcr Gegenst\u00e4nde, die nicht im Safe aufbewahrt wurden,<br \/>\nDie Anmietung eines Safes kostet 14,- \u20ac pro Woche plus 5,- \u20ac Kaution, die zur\u00fcckerstattet wird.<br \/>\nBei Verlust des Safeschl\u00fcssels werden 25,- \u20ac berechnet..<\/span><\/p>\n<h4><b><i>TV \/ KLIMAANLAGE AUF DEM ZIMMER<\/i><\/b><\/h4>\n<p><span style=\"font-weight: 400;\">Alle Zimmern verf\u00fcgen \u00fcber Klimaanlage und Sat-Tv (beide kostenfrei).<\/span><\/p>\n<p>&nbsp;<\/p>\n<p><span style=\"font-weight: 400;\"><br \/>\nDer Eingangs-Code f\u00fcr die T\u00fcr, die vom Pool zur Promenade f\u00fchrt ist : <\/span><b style=\"font-size: 1.4rem;\">2343+&#8220;ok&#8220;<\/b><\/p>\n<p>&nbsp;<\/p>\n<h4><b><i>ADBREISE<\/i><\/b><\/h4>\n<p>Am Tag Ihrer Abreise bitten wir Sie nachdr\u00fccklich darum, Ihr Zimmer bis 12\u00b400 Uhr mittags ger\u00e4umt zu haben. Falls Sie das Zimmer l\u00e4nger belegen m\u00f6chten, informieren Sie die Rezeption einen Tag vorher. <span style=\"color: #ff0000;\"><strong>Diese M\u00f6glichkeit ist immer an Disponibilit\u00e4<\/strong>t<\/span>, sowie an einen Zuschlag von 35,&#8211; \u20ac gebunden.<\/p>\n<p>&nbsp;<\/p>\n<h3 style=\"text-align: center;\"><b>WIR W\u00dcNSCHEN IHNEN EINEN ERHOLSAMEN AUFENTHALT!!<\/b><\/h3>\n<p>[\/vc_column_text][\/vc_column][vc_column width=&#8220;1\/4&#8243;][\/vc_column][\/vc_row]<\/p>\n","protected":false},"excerpt":{"rendered":"<p>[vc_row][vc_column width=&#8220;1\/4&#8243;][\/vc_column][vc_column width=&#8220;1\/2&#8243;][vc_column_text] Herzlich Willkommen!! Sehr geehrte Damen und Herren, Die Hoteldirektion und das Personal hei\u00dfen Sie im Aparthotel Playa [&hellip;]<\/p>\n","protected":false},"author":1,"featured_media":0,"parent":0,"menu_order":0,"comment_status":"closed","ping_status":"closed","template":"","meta":[],"yoast_head":"<!-- This site is optimized with the Yoast SEO plugin v18.3 - https:\/\/yoast.com\/wordpress\/plugins\/seo\/ -->\n<title>\u00dcber Aparthotel Playa Dorada - Playa Dorada<\/title>\n<meta name=\"robots\" content=\"index, follow, max-snippet:-1, max-image-preview:large, max-video-preview:-1\" \/>\n<link rel=\"canonical\" href=\"https:\/\/www.playadorada.es\/de\/uber-aparthotel-playa-dorada\/\" \/>\n<meta property=\"og:locale\" content=\"de_DE\" \/>\n<meta property=\"og:type\" content=\"article\" \/>\n<meta property=\"og:title\" content=\"\u00dcber Aparthotel Playa Dorada - Playa Dorada\" \/>\n<meta property=\"og:description\" content=\"[vc_row][vc_column width=&#8220;1\/4&#8243;][\/vc_column][vc_column width=&#8220;1\/2&#8243;][vc_column_text] Herzlich Willkommen!! Sehr geehrte Damen und Herren, Die Hoteldirektion und das Personal hei\u00dfen Sie im Aparthotel Playa [&hellip;]\" \/>\n<meta property=\"og:url\" content=\"https:\/\/www.playadorada.es\/de\/uber-aparthotel-playa-dorada\/\" \/>\n<meta property=\"og:site_name\" content=\"Playa Dorada\" \/>\n<meta property=\"article:modified_time\" content=\"2024-05-13T16:59:33+00:00\" \/>\n<meta name=\"twitter:card\" content=\"summary\" \/>\n<meta name=\"twitter:label1\" content=\"Gesch\u00e4tzte Lesezeit\" \/>\n\t<meta name=\"twitter:data1\" content=\"2\u00a0Minuten\" \/>\n<script type=\"application\/ld+json\" class=\"yoast-schema-graph\">{\"@context\":\"https:\/\/schema.org\",\"@graph\":[{\"@type\":\"WebSite\",\"@id\":\"https:\/\/www.playadorada.es\/es\/#website\",\"url\":\"https:\/\/www.playadorada.es\/es\/\",\"name\":\"Playa Dorada\",\"description\":\"Otro sitio realizado con WordPress\",\"potentialAction\":[{\"@type\":\"SearchAction\",\"target\":{\"@type\":\"EntryPoint\",\"urlTemplate\":\"https:\/\/www.playadorada.es\/es\/?s={search_term_string}\"},\"query-input\":\"required name=search_term_string\"}],\"inLanguage\":\"de\"},{\"@type\":\"WebPage\",\"@id\":\"https:\/\/www.playadorada.es\/de\/uber-aparthotel-playa-dorada\/#webpage\",\"url\":\"https:\/\/www.playadorada.es\/de\/uber-aparthotel-playa-dorada\/\",\"name\":\"\u00dcber Aparthotel Playa Dorada - Playa Dorada\",\"isPartOf\":{\"@id\":\"https:\/\/www.playadorada.es\/es\/#website\"},\"datePublished\":\"2017-10-13T11:02:22+00:00\",\"dateModified\":\"2024-05-13T16:59:33+00:00\",\"breadcrumb\":{\"@id\":\"https:\/\/www.playadorada.es\/de\/uber-aparthotel-playa-dorada\/#breadcrumb\"},\"inLanguage\":\"de\",\"potentialAction\":[{\"@type\":\"ReadAction\",\"target\":[\"https:\/\/www.playadorada.es\/de\/uber-aparthotel-playa-dorada\/\"]}]},{\"@type\":\"BreadcrumbList\",\"@id\":\"https:\/\/www.playadorada.es\/de\/uber-aparthotel-playa-dorada\/#breadcrumb\",\"itemListElement\":[{\"@type\":\"ListItem\",\"position\":1,\"name\":\"Portada\",\"item\":\"https:\/\/www.playadorada.es\/de\/\"},{\"@type\":\"ListItem\",\"position\":2,\"name\":\"\u00dcber Aparthotel Playa Dorada\"}]}]}<\/script>\n<!-- \/ Yoast SEO plugin. -->","yoast_head_json":{"title":"\u00dcber Aparthotel Playa Dorada - Playa Dorada","robots":{"index":"index","follow":"follow","max-snippet":"max-snippet:-1","max-image-preview":"max-image-preview:large","max-video-preview":"max-video-preview:-1"},"canonical":"https:\/\/www.playadorada.es\/de\/uber-aparthotel-playa-dorada\/","og_locale":"de_DE","og_type":"article","og_title":"\u00dcber Aparthotel Playa Dorada - Playa Dorada","og_description":"[vc_row][vc_column width=&#8220;1\/4&#8243;][\/vc_column][vc_column width=&#8220;1\/2&#8243;][vc_column_text] Herzlich Willkommen!! Sehr geehrte Damen und Herren, Die Hoteldirektion und das Personal hei\u00dfen Sie im Aparthotel Playa [&hellip;]","og_url":"https:\/\/www.playadorada.es\/de\/uber-aparthotel-playa-dorada\/","og_site_name":"Playa Dorada","article_modified_time":"2024-05-13T16:59:33+00:00","twitter_card":"summary","twitter_misc":{"Gesch\u00e4tzte Lesezeit":"2\u00a0Minuten"},"schema":{"@context":"https:\/\/schema.org","@graph":[{"@type":"WebSite","@id":"https:\/\/www.playadorada.es\/es\/#website","url":"https:\/\/www.playadorada.es\/es\/","name":"Playa Dorada","description":"Otro sitio realizado con WordPress","potentialAction":[{"@type":"SearchAction","target":{"@type":"EntryPoint","urlTemplate":"https:\/\/www.playadorada.es\/es\/?s={search_term_string}"},"query-input":"required name=search_term_string"}],"inLanguage":"de"},{"@type":"WebPage","@id":"https:\/\/www.playadorada.es\/de\/uber-aparthotel-playa-dorada\/#webpage","url":"https:\/\/www.playadorada.es\/de\/uber-aparthotel-playa-dorada\/","name":"\u00dcber Aparthotel Playa Dorada - Playa Dorada","isPartOf":{"@id":"https:\/\/www.playadorada.es\/es\/#website"},"datePublished":"2017-10-13T11:02:22+00:00","dateModified":"2024-05-13T16:59:33+00:00","breadcrumb":{"@id":"https:\/\/www.playadorada.es\/de\/uber-aparthotel-playa-dorada\/#breadcrumb"},"inLanguage":"de","potentialAction":[{"@type":"ReadAction","target":["https:\/\/www.playadorada.es\/de\/uber-aparthotel-playa-dorada\/"]}]},{"@type":"BreadcrumbList","@id":"https:\/\/www.playadorada.es\/de\/uber-aparthotel-playa-dorada\/#breadcrumb","itemListElement":[{"@type":"ListItem","position":1,"name":"Portada","item":"https:\/\/www.playadorada.es\/de\/"},{"@type":"ListItem","position":2,"name":"\u00dcber Aparthotel Playa Dorada"}]}]}},"_links":{"self":[{"href":"https:\/\/www.playadorada.es\/de\/wp-json\/wp\/v2\/pages\/3934"}],"collection":[{"href":"https:\/\/www.playadorada.es\/de\/wp-json\/wp\/v2\/pages"}],"about":[{"href":"https:\/\/www.playadorada.es\/de\/wp-json\/wp\/v2\/types\/page"}],"author":[{"embeddable":true,"href":"https:\/\/www.playadorada.es\/de\/wp-json\/wp\/v2\/users\/1"}],"replies":[{"embeddable":true,"href":"https:\/\/www.playadorada.es\/de\/wp-json\/wp\/v2\/comments?post=3934"}],"version-history":[{"count":6,"href":"https:\/\/www.playadorada.es\/de\/wp-json\/wp\/v2\/pages\/3934\/revisions"}],"predecessor-version":[{"id":25368,"href":"https:\/\/www.playadorada.es\/de\/wp-json\/wp\/v2\/pages\/3934\/revisions\/25368"}],"wp:attachment":[{"href":"https:\/\/www.playadorada.es\/de\/wp-json\/wp\/v2\/media?parent=3934"}],"curies":[{"name":"wp","href":"https:\/\/api.w.org\/{rel}","templated":true}]}}