{"id":3939,"date":"2017-10-13T11:17:43","date_gmt":"2017-10-13T11:17:43","guid":{"rendered":"http:\/\/playadorada.cnedotswebs.es\/descripcion-de-todo-incluido\/"},"modified":"2017-11-13T09:30:19","modified_gmt":"2017-11-13T09:30:19","slug":"beschreibung-alles-inklusive","status":"publish","type":"page","link":"https:\/\/www.playadorada.es\/de\/beschreibung-alles-inklusive\/","title":{"rendered":"Beschreibung des \u201cAlles inklusive\u201d"},"content":{"rendered":"<p>[vc_row][vc_column width=&#8220;1\/4&#8243;][\/vc_column][vc_column width=&#8220;1\/2&#8243;][vc_column_text]<\/p>\n<h2 style=\"text-align: center;\"><em>Beschreibung des \u201cAlles inklusive\u201d im Aparthotel Playa Dorada<\/em><\/h2>\n<h3>1. Fr\u00fchst\u00fccksbuffet von 07.30 bis 10.30 Uhr, drei Stunden<\/h3>\n<p>Spiegeleier, R\u00fchreier, W\u00fcrstchen, Aufschnitt, K\u00e4se, Joghurts und \u00c4hnliches, S\u00fcssgeb\u00e4ck, S\u00e4fte, Kaffee, Kakao, Tee und andere Aufgussgetr\u00e4nke.<\/p>\n<h3>2. Mittagsbuffet von 12.00 bis 15.00 Uhr, drei Stunden.<\/h3>\n<p>Verschiedene Salate, Oliven (zwei Sorten), Essiggemuese, Pfefferschoten (scharf), Suppe, zwei Fleischsorten, Fisch, versachiedene Nudelsorten, Gem\u00fcsebeilagen, Hamburger, Russische Frikadellen, Pommes frites, Folienkartoffeln, verschiedene Kuchensorten, verschiedene Speiseeissorten. Erfrischungsgetr\u00e4nke: Pepsi Cola + Cola Light, Orangeade, Zitronade, Sprite, Mineralwasser mit und ohne Gas, Orangensaft, Ananassaft, Apfelsaft. Weine; weiss, rot und ros\u00e9. Bier..<\/p>\n<h3>3. Abendbuffet von 18.00 bis 21.00 Uhr, drei Stunden.<\/h3>\n<p>Verschiedene Salate, Oliven (zwei Sorten), Essiggemuese, Pfefferschoten (scharf) , Suppe, zwei Fleischsorten, Fisch, versachiedene Nudelsorten, Gem\u00fcsebeilagen, Hamburger, Russische Frikadellen, Pommes frites, Folienkartoffeln, verschiedene Kuchensorten, verschiedene Speiseeissorten<\/p>\n<p>Eerfrischungsgetr\u00e4nke: Pepsi Cola + Cala Light, Orangeade, Zitronade, Sprite, Mineralwasser mit und ohne Gas, Orangensaft, Ananassaft, Apfelsaft.<\/p>\n<p>Weine; weiss, rot und ros\u00e9 und Bier.<\/p>\n<p>&nbsp;<\/p>\n<h3>4. Barservice von 10.00 bis 24.00 Uhr:<\/h3>\n<h4>Erfrischungsgetr\u00e4nke:<\/h4>\n<p>Cola und Cola light, Limonade, Orangeade, Sprite, Tonicwasser, Mineralwasser mit und ohne Gas..<\/p>\n<h4>Alkoholische Getr\u00e4nke:<\/h4>\n<p>Bier, Rot-, Weiss- und Ros\u00e9wein, Sangr\u00eda, Brandy, Gin, Rum, Whisky, Vodka, Aperitfgetr\u00e4nke. Kr\u00e4uterlik\u00f6r: S\u00fcss und semi.<\/p>\n<h4>Cocktails:<\/h4>\n<p>Tequila Sunrise, Pi\u00f1a Colada, San Framzisko (ohne Alcohol)..<\/p>\n<h4>Warme Getr\u00e4nke:<\/h4>\n<p>Expresso, Kaffee Americano, Milchkaffee, Schokolade, Tee und andere Aufgussgetr\u00e4nke..<\/p>\n<h4>Speiseeis und Verschiedenes:<\/h4>\n<p>Vainille-, Sahne-, Erdbeer- und Haselnusseis. Zitronen- und Orangenfrapp\u00e9e<\/p>\n<h3>5. Bemerkungen:<\/h3>\n<p>Von 16.00 bis 17.00 Uhr werden Kuchst\u00fcckchen oder Kekse zum Kaffee serviert.<br \/>\nAuf der Swimming-pool Terrasse ist die Benutzung von Gl\u00e4sern nicht gestattet; es wird aus Plastik- oder Pappbechern serviert. Ab 23.00 Uhr wird im ganzen Bereich der Bar aus Plastik oder Pappbechern serviert.[\/vc_column_text][\/vc_column][vc_column width=&#8220;1\/4&#8243;][\/vc_column][\/vc_row]<\/p>\n","protected":false},"excerpt":{"rendered":"<p>[vc_row][vc_column width=&#8220;1\/4&#8243;][\/vc_column][vc_column width=&#8220;1\/2&#8243;][vc_column_text] Beschreibung des \u201cAlles inklusive\u201d im Aparthotel Playa Dorada 1. Fr\u00fchst\u00fccksbuffet von 07.30 bis 10.30 Uhr, drei Stunden [&hellip;]<\/p>\n","protected":false},"author":1,"featured_media":0,"parent":0,"menu_order":0,"comment_status":"closed","ping_status":"closed","template":"","meta":[],"yoast_head":"<!-- This site is optimized with the Yoast SEO plugin v18.3 - https:\/\/yoast.com\/wordpress\/plugins\/seo\/ -->\n<title>Descripci\u00f3n de todo incluido - Aparthotel Playa Dorada<\/title>\n<meta name=\"description\" content=\"Descripci\u00f3n del Todo Incluido en el Aparthotel Playa Dorada. Vea nuestros horarios y posibilidades que le brinda el r\u00e9gimen del Todo Incluido en Mallorca\" \/>\n<meta name=\"robots\" content=\"index, follow, max-snippet:-1, max-image-preview:large, max-video-preview:-1\" \/>\n<link rel=\"canonical\" href=\"https:\/\/www.playadorada.es\/de\/beschreibung-alles-inklusive\/\" \/>\n<meta property=\"og:locale\" content=\"de_DE\" \/>\n<meta property=\"og:type\" content=\"article\" \/>\n<meta property=\"og:title\" content=\"Descripci\u00f3n de todo incluido - Aparthotel Playa Dorada\" \/>\n<meta property=\"og:description\" content=\"Descripci\u00f3n del Todo Incluido en el Aparthotel Playa Dorada. Vea nuestros horarios y posibilidades que le brinda el r\u00e9gimen del Todo Incluido en Mallorca\" \/>\n<meta property=\"og:url\" content=\"https:\/\/www.playadorada.es\/de\/beschreibung-alles-inklusive\/\" \/>\n<meta property=\"og:site_name\" content=\"Playa Dorada\" \/>\n<meta property=\"article:modified_time\" content=\"2017-11-13T09:30:19+00:00\" \/>\n<meta name=\"twitter:card\" content=\"summary\" \/>\n<meta name=\"twitter:label1\" content=\"Gesch\u00e4tzte Lesezeit\" \/>\n\t<meta name=\"twitter:data1\" content=\"1\u00a0Minute\" \/>\n<script type=\"application\/ld+json\" class=\"yoast-schema-graph\">{\"@context\":\"https:\/\/schema.org\",\"@graph\":[{\"@type\":\"WebSite\",\"@id\":\"https:\/\/www.playadorada.es\/es\/#website\",\"url\":\"https:\/\/www.playadorada.es\/es\/\",\"name\":\"Playa Dorada\",\"description\":\"Otro sitio realizado con WordPress\",\"potentialAction\":[{\"@type\":\"SearchAction\",\"target\":{\"@type\":\"EntryPoint\",\"urlTemplate\":\"https:\/\/www.playadorada.es\/es\/?s={search_term_string}\"},\"query-input\":\"required name=search_term_string\"}],\"inLanguage\":\"de\"},{\"@type\":\"WebPage\",\"@id\":\"https:\/\/www.playadorada.es\/de\/beschreibung-alles-inklusive\/#webpage\",\"url\":\"https:\/\/www.playadorada.es\/de\/beschreibung-alles-inklusive\/\",\"name\":\"Descripci\u00f3n de todo incluido - Aparthotel Playa Dorada\",\"isPartOf\":{\"@id\":\"https:\/\/www.playadorada.es\/es\/#website\"},\"datePublished\":\"2017-10-13T11:17:43+00:00\",\"dateModified\":\"2017-11-13T09:30:19+00:00\",\"description\":\"Descripci\u00f3n del Todo Incluido en el Aparthotel Playa Dorada. Vea nuestros horarios y posibilidades que le brinda el r\u00e9gimen del Todo Incluido en Mallorca\",\"breadcrumb\":{\"@id\":\"https:\/\/www.playadorada.es\/de\/beschreibung-alles-inklusive\/#breadcrumb\"},\"inLanguage\":\"de\",\"potentialAction\":[{\"@type\":\"ReadAction\",\"target\":[\"https:\/\/www.playadorada.es\/de\/beschreibung-alles-inklusive\/\"]}]},{\"@type\":\"BreadcrumbList\",\"@id\":\"https:\/\/www.playadorada.es\/de\/beschreibung-alles-inklusive\/#breadcrumb\",\"itemListElement\":[{\"@type\":\"ListItem\",\"position\":1,\"name\":\"Portada\",\"item\":\"https:\/\/www.playadorada.es\/de\/\"},{\"@type\":\"ListItem\",\"position\":2,\"name\":\"Beschreibung des \u201cAlles inklusive\u201d\"}]}]}<\/script>\n<!-- \/ Yoast SEO plugin. -->","yoast_head_json":{"title":"Descripci\u00f3n de todo incluido - Aparthotel Playa Dorada","description":"Descripci\u00f3n del Todo Incluido en el Aparthotel Playa Dorada. Vea nuestros horarios y posibilidades que le brinda el r\u00e9gimen del Todo Incluido en Mallorca","robots":{"index":"index","follow":"follow","max-snippet":"max-snippet:-1","max-image-preview":"max-image-preview:large","max-video-preview":"max-video-preview:-1"},"canonical":"https:\/\/www.playadorada.es\/de\/beschreibung-alles-inklusive\/","og_locale":"de_DE","og_type":"article","og_title":"Descripci\u00f3n de todo incluido - Aparthotel Playa Dorada","og_description":"Descripci\u00f3n del Todo Incluido en el Aparthotel Playa Dorada. Vea nuestros horarios y posibilidades que le brinda el r\u00e9gimen del Todo Incluido en Mallorca","og_url":"https:\/\/www.playadorada.es\/de\/beschreibung-alles-inklusive\/","og_site_name":"Playa Dorada","article_modified_time":"2017-11-13T09:30:19+00:00","twitter_card":"summary","twitter_misc":{"Gesch\u00e4tzte Lesezeit":"1\u00a0Minute"},"schema":{"@context":"https:\/\/schema.org","@graph":[{"@type":"WebSite","@id":"https:\/\/www.playadorada.es\/es\/#website","url":"https:\/\/www.playadorada.es\/es\/","name":"Playa Dorada","description":"Otro sitio realizado con WordPress","potentialAction":[{"@type":"SearchAction","target":{"@type":"EntryPoint","urlTemplate":"https:\/\/www.playadorada.es\/es\/?s={search_term_string}"},"query-input":"required name=search_term_string"}],"inLanguage":"de"},{"@type":"WebPage","@id":"https:\/\/www.playadorada.es\/de\/beschreibung-alles-inklusive\/#webpage","url":"https:\/\/www.playadorada.es\/de\/beschreibung-alles-inklusive\/","name":"Descripci\u00f3n de todo incluido - Aparthotel Playa Dorada","isPartOf":{"@id":"https:\/\/www.playadorada.es\/es\/#website"},"datePublished":"2017-10-13T11:17:43+00:00","dateModified":"2017-11-13T09:30:19+00:00","description":"Descripci\u00f3n del Todo Incluido en el Aparthotel Playa Dorada. Vea nuestros horarios y posibilidades que le brinda el r\u00e9gimen del Todo Incluido en Mallorca","breadcrumb":{"@id":"https:\/\/www.playadorada.es\/de\/beschreibung-alles-inklusive\/#breadcrumb"},"inLanguage":"de","potentialAction":[{"@type":"ReadAction","target":["https:\/\/www.playadorada.es\/de\/beschreibung-alles-inklusive\/"]}]},{"@type":"BreadcrumbList","@id":"https:\/\/www.playadorada.es\/de\/beschreibung-alles-inklusive\/#breadcrumb","itemListElement":[{"@type":"ListItem","position":1,"name":"Portada","item":"https:\/\/www.playadorada.es\/de\/"},{"@type":"ListItem","position":2,"name":"Beschreibung des \u201cAlles inklusive\u201d"}]}]}},"_links":{"self":[{"href":"https:\/\/www.playadorada.es\/de\/wp-json\/wp\/v2\/pages\/3939"}],"collection":[{"href":"https:\/\/www.playadorada.es\/de\/wp-json\/wp\/v2\/pages"}],"about":[{"href":"https:\/\/www.playadorada.es\/de\/wp-json\/wp\/v2\/types\/page"}],"author":[{"embeddable":true,"href":"https:\/\/www.playadorada.es\/de\/wp-json\/wp\/v2\/users\/1"}],"replies":[{"embeddable":true,"href":"https:\/\/www.playadorada.es\/de\/wp-json\/wp\/v2\/comments?post=3939"}],"version-history":[{"count":2,"href":"https:\/\/www.playadorada.es\/de\/wp-json\/wp\/v2\/pages\/3939\/revisions"}],"predecessor-version":[{"id":3941,"href":"https:\/\/www.playadorada.es\/de\/wp-json\/wp\/v2\/pages\/3939\/revisions\/3941"}],"wp:attachment":[{"href":"https:\/\/www.playadorada.es\/de\/wp-json\/wp\/v2\/media?parent=3939"}],"curies":[{"name":"wp","href":"https:\/\/api.w.org\/{rel}","templated":true}]}}