{"id":3114,"date":"2014-09-14T08:54:12","date_gmt":"2014-09-14T08:54:12","guid":{"rendered":"http:\/\/localhost\/final-leisure\/?page_id=2"},"modified":"2023-06-23T09:04:02","modified_gmt":"2023-06-23T09:04:02","slug":"home","status":"publish","type":"page","link":"https:\/\/www.playadorada.es\/es\/","title":{"rendered":"Home"},"content":{"rendered":"<p>[vc_row full_width=\u00bbstretch_row\u00bb css=\u00bb.vc_custom_1436823427497{padding-top: 2.8rem !important;padding-bottom: 2.8rem !important;background-color: #f0f1f2 !important;}\u00bb][vc_column][vc_btn title=\u00bbReservar\u00bb color=\u00bbblue\u00bb align=\u00bbcenter\u00bb button_block=\u00bbtrue\u00bb link=\u00bburl:https%3A%2F%2Freservas.playadorada.es%2F%3Flang%3Des|target:_blank\u00bb][\/vc_column][\/vc_row][vc_row][vc_column width=\u00bb2\/3&#8243; offset=\u00bbvc_col-sm-offset-2&#8243;][vc_column_text]<\/p>\n<h1 style=\"text-align: center;\"><small>Bienvenidos al<\/small>APARTHOTEL PLAYA DORADA<\/h1>\n<p class=\"lead\" style=\"text-align: center;\">El APARTHOTEL PLAYA DORADA es un establecimiento con una ubicaci\u00f3n privilegiada al estar situado en primera l\u00ednea del tranquilo mar mediterr\u00e1neo en la costa este de Mallorca.<\/p>\n<p>[\/vc_column_text][\/vc_column][\/vc_row][vc_row full_width=\u00bbstretch_row\u00bb parallax=\u00bbcontent-moving\u00bb parallax_layers=\u00bbyes\u00bb style_images=\u00bbyes\u00bb css=\u00bb.vc_custom_1507132138588{background-image: url(https:\/\/www.playadorada.es\/wp-content\/uploads\/2014\/09\/Sa-Coma-Playa.jpg?id=3355) !important;background-position: center;background-repeat: no-repeat !important;background-size: cover !important;}\u00bb parallax_offset=\u00bb150&#8243; layer_1=\u00bb3340&#8243; layer_2=\u00bb3343&#8243; layer_3=\u00bb3346&#8243; layer_1_ratio=\u00bb1.25123&#8243; layer_2_ratio=\u00bb0.94456456&#8243; layer_3_ratio=\u00bb1.111111&#8243; layer_1_vertical=\u00bbtop: 80%\u00bb layer_1_horizontal=\u00bbleft: 17%\u00bb layer_2_vertical=\u00bbtop: 25%\u00bb layer_2_horizontal=\u00bbleft: 24%\u00bb layer_3_vertical=\u00bbtop: -10%\u00bb layer_3_horizontal=\u00bbleft: 12%\u00bb layer_1_z=\u00bb1&#8243; layer_2_z=\u00bb0&#8243; layer_3_z=\u00bb1&#8243; el_class=\u00bbcontent-padding-xxl\u00bb][vc_column width=\u00bb1\/2&#8243; offset=\u00bbvc_col-sm-offset-6&#8243;][vc_column_text]<\/p>\n<h2><small>Disfrute de un entorno natural en<\/small>SA COMA Y SA PUNTA DE N&#8217;AMER<\/h2>\n<p>Sa Coma est\u00e1 a cinco kil\u00f3metros de Portocristo. Nace como zona residencial y hotelera a partir de los a\u00f1os ochenta del siglo XX y se caracteriza por ser un arenal extenso de grano fino y blanco, por tener un agua azul, transparente y bancos de alga posidonia, el avistamiento de alg\u00fan grupo de delfines, as\u00ed como la pr\u00e1ctica de buceo y windsurf.<\/p>\n<p>En su margen izquierdo se localiza sa Punta de n\u2019Amer. Esta pen\u00ednsula de 200 hect\u00e1reas, declarada el a\u00f1o 1991 como \u00c0rea Natural d\u2019Especial Inter\u00e8s por el Parlament de les Illes Balears, separa las playas de sa Coma y de Cala Millor.<br \/>\nEn su interior s\u00f3lo se han construido dos edificaciones, una torre cuadrada de defensa del siglo XVII, conocida como es Castell, y las casas viejas de la possessi\u00f3 de sa Coma.<\/p>\n<p>El acceso por carretera es sencillo siguiendo la se\u00f1alizaci\u00f3n viaria. Tambi\u00e9n cuenta con una l\u00ednea de autob\u00fas, cuya parada est\u00e1 a 50 metros de la playa. La f\u00e1cil accesibilidad y las caracter\u00edsticas descritas explican que registre una afluencia masiva de ba\u00f1istas locales y turistas.[\/vc_column_text][\/vc_column][\/vc_row][vc_row][vc_column]<h2 class=\"text-center\"><small>D\u00f3nde alojarse<\/small>Tipos de habitaciones<\/h2><div class='services-carousel ' data-owl-items='3' data-owl-nav='false' data-owl-nav-text='[]' data-owl-loop='true' data-owl-autoplay='true' data-owl-speed='2000' data-owl-hover='true' data-owl-mobile='1' data-owl-tablet='2' data-owl-dots='false'><div class='item'><a href=\"\/rooms\/habitacion-doble\/\" target=\"_self\" class=\"link-image\" title=\"Habitaci\u00f3n Doble\"><img width=\"750\" height=\"500\" src=\"https:\/\/www.playadorada.es\/wp-content\/uploads\/2015\/07\/Habitacion-Doble.jpg\" class=\"attachment-large size-large\" alt=\"Habitaci\u00f3n Doble\" loading=\"lazy\" srcset=\"https:\/\/www.playadorada.es\/wp-content\/uploads\/2015\/07\/Habitacion-Doble.jpg 768w, https:\/\/www.playadorada.es\/wp-content\/uploads\/2015\/07\/Habitacion-Doble-300x200.jpg 300w\" sizes=\"(max-width: 750px) 100vw, 750px\" \/><\/a><div class=\"item-content\"><h4><a href=\"\/rooms\/habitacion-doble\/\" target=\"_self\">Habitaci\u00f3n Doble<\/a><\/h4><p>Este tipo de habitaci\u00f3n es ideal para parejas sin ni\u00f1os. Todas las habitaciones dobles tienen vistas al mar.<\/p><\/div><\/div><div class='item'><a href=\"\/rooms\/estudio\/\" target=\"_self\" class=\"link-image\" title=\"Estudios\"><img width=\"750\" height=\"500\" src=\"https:\/\/www.playadorada.es\/wp-content\/uploads\/2015\/07\/Estudio.jpg\" class=\"attachment-large size-large\" alt=\"Estudio\" loading=\"lazy\" srcset=\"https:\/\/www.playadorada.es\/wp-content\/uploads\/2015\/07\/Estudio.jpg 768w, https:\/\/www.playadorada.es\/wp-content\/uploads\/2015\/07\/Estudio-300x200.jpg 300w\" sizes=\"(max-width: 750px) 100vw, 750px\" \/><\/a><div class=\"item-content\"><h4><a href=\"\/rooms\/estudio\/\" target=\"_self\">Estudios<\/a><\/h4><p>Este tipo de habitaci\u00f3n es ideal para una pareja con 1 ni\u00f1o o un beb\u00e9.<\/p><\/div><\/div><div class='item'><a href=\"\/rooms\/apartamento\/\" target=\"_self\" class=\"link-image\" title=\"Apartamentos\"><img width=\"750\" height=\"500\" src=\"https:\/\/www.playadorada.es\/wp-content\/uploads\/2015\/07\/Apartamento-Salon.jpg\" class=\"attachment-large size-large\" alt=\"Apartamento Sal\u00f3n\" loading=\"lazy\" srcset=\"https:\/\/www.playadorada.es\/wp-content\/uploads\/2015\/07\/Apartamento-Salon.jpg 768w, https:\/\/www.playadorada.es\/wp-content\/uploads\/2015\/07\/Apartamento-Salon-300x200.jpg 300w\" sizes=\"(max-width: 750px) 100vw, 750px\" \/><\/a><div class=\"item-content\"><h4><a href=\"\/rooms\/apartamento\/\" target=\"_self\">Apartamentos<\/a><\/h4><p>Este tipo de habitaci\u00f3n es ideal para una pareja con dos ni\u00f1os o bien con un ni\u00f1o y un beb\u00e9.<\/p><\/div><\/div><\/div>[\/vc_column][\/vc_row]<\/p>\n","protected":false},"excerpt":{"rendered":"<p>[vc_row full_width=\u00bbstretch_row\u00bb css=\u00bb.vc_custom_1436823427497{padding-top: 2.8rem !important;padding-bottom: 2.8rem !important;background-color: #f0f1f2 !important;}\u00bb][vc_column][vc_btn title=\u00bbReservar\u00bb color=\u00bbblue\u00bb align=\u00bbcenter\u00bb button_block=\u00bbtrue\u00bb link=\u00bburl:https%3A%2F%2Freservas.playadorada.es%2F%3Flang%3Des|target:_blank\u00bb][\/vc_column][\/vc_row][vc_row][vc_column width=\u00bb2\/3&#8243; offset=\u00bbvc_col-sm-offset-2&#8243;][vc_column_text] Bienvenidos alAPARTHOTEL PLAYA DORADA [&hellip;]<\/p>\n","protected":false},"author":1,"featured_media":0,"parent":0,"menu_order":0,"comment_status":"closed","ping_status":"closed","template":"","meta":[],"yoast_head":"<!-- This site is optimized with the Yoast SEO plugin v18.3 - https:\/\/yoast.com\/wordpress\/plugins\/seo\/ -->\n<title>Aparthotel Playa Dorada - Sa Coma - Mallorca - Todo incluido<\/title>\n<meta name=\"description\" content=\"Aparthotel Playa Dorada, la mejor elecci\u00f3n para pasar sus vacaciones en Sa Coma, Mallorca. Nuestro todo incluido es ideal para familias con o sin ni\u00f1os\" \/>\n<meta name=\"robots\" content=\"index, follow, max-snippet:-1, max-image-preview:large, max-video-preview:-1\" \/>\n<link rel=\"canonical\" href=\"https:\/\/www.playadorada.es\/es\/\" \/>\n<meta property=\"og:locale\" content=\"es_ES\" \/>\n<meta property=\"og:type\" content=\"article\" \/>\n<meta property=\"og:title\" content=\"Aparthotel Playa Dorada - Sa Coma - Mallorca - Todo incluido\" \/>\n<meta property=\"og:description\" content=\"Aparthotel Playa Dorada, la mejor elecci\u00f3n para pasar sus vacaciones en Sa Coma, Mallorca. Nuestro todo incluido es ideal para familias con o sin ni\u00f1os\" \/>\n<meta property=\"og:url\" content=\"https:\/\/www.playadorada.es\/es\/\" \/>\n<meta property=\"og:site_name\" content=\"Playa Dorada\" \/>\n<meta property=\"article:modified_time\" content=\"2023-06-23T09:04:02+00:00\" \/>\n<meta name=\"twitter:card\" content=\"summary\" \/>\n<meta name=\"twitter:label1\" content=\"Tiempo de lectura\" \/>\n\t<meta name=\"twitter:data1\" content=\"2 minutos\" \/>\n<script type=\"application\/ld+json\" class=\"yoast-schema-graph\">{\"@context\":\"https:\/\/schema.org\",\"@graph\":[{\"@type\":\"WebSite\",\"@id\":\"https:\/\/www.playadorada.es\/es\/#website\",\"url\":\"https:\/\/www.playadorada.es\/es\/\",\"name\":\"Playa Dorada\",\"description\":\"Otro sitio realizado con WordPress\",\"potentialAction\":[{\"@type\":\"SearchAction\",\"target\":{\"@type\":\"EntryPoint\",\"urlTemplate\":\"https:\/\/www.playadorada.es\/es\/?s={search_term_string}\"},\"query-input\":\"required name=search_term_string\"}],\"inLanguage\":\"es\"},{\"@type\":\"WebPage\",\"@id\":\"https:\/\/www.playadorada.es\/es\/#webpage\",\"url\":\"https:\/\/www.playadorada.es\/es\/\",\"name\":\"Aparthotel Playa Dorada - Sa Coma - Mallorca - Todo incluido\",\"isPartOf\":{\"@id\":\"https:\/\/www.playadorada.es\/es\/#website\"},\"datePublished\":\"2014-09-14T08:54:12+00:00\",\"dateModified\":\"2023-06-23T09:04:02+00:00\",\"description\":\"Aparthotel Playa Dorada, la mejor elecci\u00f3n para pasar sus vacaciones en Sa Coma, Mallorca. Nuestro todo incluido es ideal para familias con o sin ni\u00f1os\",\"breadcrumb\":{\"@id\":\"https:\/\/www.playadorada.es\/es\/#breadcrumb\"},\"inLanguage\":\"es\",\"potentialAction\":[{\"@type\":\"ReadAction\",\"target\":[\"https:\/\/www.playadorada.es\/es\/\"]}]},{\"@type\":\"BreadcrumbList\",\"@id\":\"https:\/\/www.playadorada.es\/es\/#breadcrumb\",\"itemListElement\":[{\"@type\":\"ListItem\",\"position\":1,\"name\":\"Portada\",\"item\":\"https:\/\/www.playadorada.es\/es\/\"},{\"@type\":\"ListItem\",\"position\":2,\"name\":\"Home\"}]}]}<\/script>\n<!-- \/ Yoast SEO plugin. -->","yoast_head_json":{"title":"Aparthotel Playa Dorada - Sa Coma - Mallorca - Todo incluido","description":"Aparthotel Playa Dorada, la mejor elecci\u00f3n para pasar sus vacaciones en Sa Coma, Mallorca. Nuestro todo incluido es ideal para familias con o sin ni\u00f1os","robots":{"index":"index","follow":"follow","max-snippet":"max-snippet:-1","max-image-preview":"max-image-preview:large","max-video-preview":"max-video-preview:-1"},"canonical":"https:\/\/www.playadorada.es\/es\/","og_locale":"es_ES","og_type":"article","og_title":"Aparthotel Playa Dorada - Sa Coma - Mallorca - Todo incluido","og_description":"Aparthotel Playa Dorada, la mejor elecci\u00f3n para pasar sus vacaciones en Sa Coma, Mallorca. Nuestro todo incluido es ideal para familias con o sin ni\u00f1os","og_url":"https:\/\/www.playadorada.es\/es\/","og_site_name":"Playa Dorada","article_modified_time":"2023-06-23T09:04:02+00:00","twitter_card":"summary","twitter_misc":{"Tiempo de lectura":"2 minutos"},"schema":{"@context":"https:\/\/schema.org","@graph":[{"@type":"WebSite","@id":"https:\/\/www.playadorada.es\/es\/#website","url":"https:\/\/www.playadorada.es\/es\/","name":"Playa Dorada","description":"Otro sitio realizado con WordPress","potentialAction":[{"@type":"SearchAction","target":{"@type":"EntryPoint","urlTemplate":"https:\/\/www.playadorada.es\/es\/?s={search_term_string}"},"query-input":"required name=search_term_string"}],"inLanguage":"es"},{"@type":"WebPage","@id":"https:\/\/www.playadorada.es\/es\/#webpage","url":"https:\/\/www.playadorada.es\/es\/","name":"Aparthotel Playa Dorada - Sa Coma - Mallorca - Todo incluido","isPartOf":{"@id":"https:\/\/www.playadorada.es\/es\/#website"},"datePublished":"2014-09-14T08:54:12+00:00","dateModified":"2023-06-23T09:04:02+00:00","description":"Aparthotel Playa Dorada, la mejor elecci\u00f3n para pasar sus vacaciones en Sa Coma, Mallorca. Nuestro todo incluido es ideal para familias con o sin ni\u00f1os","breadcrumb":{"@id":"https:\/\/www.playadorada.es\/es\/#breadcrumb"},"inLanguage":"es","potentialAction":[{"@type":"ReadAction","target":["https:\/\/www.playadorada.es\/es\/"]}]},{"@type":"BreadcrumbList","@id":"https:\/\/www.playadorada.es\/es\/#breadcrumb","itemListElement":[{"@type":"ListItem","position":1,"name":"Portada","item":"https:\/\/www.playadorada.es\/es\/"},{"@type":"ListItem","position":2,"name":"Home"}]}]}},"_links":{"self":[{"href":"https:\/\/www.playadorada.es\/es\/wp-json\/wp\/v2\/pages\/3114"}],"collection":[{"href":"https:\/\/www.playadorada.es\/es\/wp-json\/wp\/v2\/pages"}],"about":[{"href":"https:\/\/www.playadorada.es\/es\/wp-json\/wp\/v2\/types\/page"}],"author":[{"embeddable":true,"href":"https:\/\/www.playadorada.es\/es\/wp-json\/wp\/v2\/users\/1"}],"replies":[{"embeddable":true,"href":"https:\/\/www.playadorada.es\/es\/wp-json\/wp\/v2\/comments?post=3114"}],"version-history":[{"count":22,"href":"https:\/\/www.playadorada.es\/es\/wp-json\/wp\/v2\/pages\/3114\/revisions"}],"predecessor-version":[{"id":25303,"href":"https:\/\/www.playadorada.es\/es\/wp-json\/wp\/v2\/pages\/3114\/revisions\/25303"}],"wp:attachment":[{"href":"https:\/\/www.playadorada.es\/es\/wp-json\/wp\/v2\/media?parent=3114"}],"curies":[{"name":"wp","href":"https:\/\/api.w.org\/{rel}","templated":true}]}}