{"id":3424,"date":"2017-10-09T14:56:28","date_gmt":"2017-10-09T14:56:28","guid":{"rendered":"http:\/\/playadorada.cnedotswebs.es\/?page_id=3424\/"},"modified":"2017-10-13T11:09:34","modified_gmt":"2017-10-13T11:09:34","slug":"transfers","status":"publish","type":"page","link":"https:\/\/www.playadorada.es\/es\/transfers\/","title":{"rendered":"Transfers"},"content":{"rendered":"<p>[vc_row equal_height=\u00bbyes\u00bb css=\u00bb.vc_custom_1507563831097{margin-bottom: 0px !important;border-bottom-width: 0px !important;}\u00bb][vc_column width=\u00bb1\/2&#8243;][vc_column_text]<\/p>\n<h3 style=\"text-align: center;\"><strong>VIAJES SAN FRANCISCO BAL 016 <\/strong><\/h3>\n<p>[\/vc_column_text][\/vc_column][vc_column width=\u00bb1\/2&#8243;][vc_single_image image=\u00bb3431&#8243; img_size=\u00bbfull\u00bb alignment=\u00bbcenter\u00bb][\/vc_column][\/vc_row][vc_row css=\u00bb.vc_custom_1507563841275{padding-top: 5px !important;}\u00bb][vc_column width=\u00bb1\/4&#8243;][\/vc_column][vc_column width=\u00bb1\/2&#8243;][vc_column_text]<\/p>\n<h3 style=\"text-align: center;\">Precios <span style=\"color: #0000ff;\">Temporada 2015<\/span> (Del 01\/05\/15 al 01\/11\/15)<\/h3>\n<h4 style=\"text-align: center;\"><strong>\u201cServicio SHUTTLE\u201d<\/strong><\/h4>\n<h4 style=\"text-align: center;\">Traslados Aeropuerto a Hoteles o viceversa :<\/h4>\n<h3 style=\"text-align: center;\">15 \u20ac<\/h3>\n<p style=\"text-align: center;\"><strong>Todos estos precios se entienden, netos, por persona y trayecto y llevan incluida la carga y descarga de maletas, as\u00ed como el IVA. <\/strong><\/p>\n<p>&nbsp;<\/p>\n<h4><strong>Notas : <\/strong><\/h4>\n<ul>\n<li>El cliente pagar\u00e1 directamente el transfer en la recepci\u00f3n el d\u00eda de llegada al hotel.<\/li>\n<li>El importe para las bicicletas, o bolsas de golf con previa petici\u00f3n, ser\u00e1 de <strong>9 \u20ac<\/strong> unidad.\n<ul>\n<li>\u00a0\u00a0 <strong>En caso de grupos grandes consultar precios del suplemento bicicletas.<\/strong><\/li>\n<\/ul>\n<\/li>\n<li>Los ni\u00f1os pagar\u00e1n como adultos, ( beb\u00e9s hasta 2 a\u00f1os gratis )<\/li>\n<li>En las entradas los clientes se dirigir\u00e1n a la Oficina de <strong>SHUTTLE Transunion<\/strong> (Zona exterior de llegadas en el Aeropuerto).\n<ul>\n<li>\u00a0\u00a0<strong> Haga click aqu\u00ed para ver plano de la oficina en el aeropuerto:\u00a0<\/strong> \u00a0<a href=\"http:\/\/www.shuttletransunion.com\/inc\/plano.asp\">http:\/\/www.shuttletransunion.com\/inc\/plano.asp<\/a><\/li>\n<\/ul>\n<\/li>\n<li>En las salidas el usuario que haya efectuado la petici\u00f3n comprobar\u00e1 el horario de recogida en la recepci\u00f3n del hotel 1 d\u00eda antes de su salida.<\/li>\n<\/ul>\n<h3 style=\"text-align: center;\">\u201c Transfer PRIVADO \u201d<\/h3>\n<h5 style=\"text-align: center;\">En las entradas los clientes se dirigir\u00e1n a la Oficina de SHUTTLE Transunion (Zona exterior de llegadas en el Aeropuerto).<\/h5>\n<ul>\n<li>De 1 a 4 plazas 83\u20ac por trayecto<\/li>\n<li>De 5 a 7 plazas 114\u20ac por trayecto<\/li>\n<li>De 8 a 12 plazas 149\u20ac por trayecto<\/li>\n<li>De 13 a 20 plazas 172\u20ac por trayecto<\/li>\n<li>De 21 a 30 plazas 200\u20ac por trayecto<\/li>\n<li>A partir de 31 plazas 6,80 \u20ac por trayecto<\/li>\n<\/ul>\n<p>[\/vc_column_text][\/vc_column][vc_column width=\u00bb1\/4&#8243;][\/vc_column][\/vc_row]<\/p>\n","protected":false},"excerpt":{"rendered":"<p>[vc_row equal_height=\u00bbyes\u00bb css=\u00bb.vc_custom_1507563831097{margin-bottom: 0px !important;border-bottom-width: 0px !important;}\u00bb][vc_column width=\u00bb1\/2&#8243;][vc_column_text] VIAJES SAN FRANCISCO BAL 016 [\/vc_column_text][\/vc_column][vc_column width=\u00bb1\/2&#8243;][vc_single_image image=\u00bb3431&#8243; img_size=\u00bbfull\u00bb alignment=\u00bbcenter\u00bb][\/vc_column][\/vc_row][vc_row css=\u00bb.vc_custom_1507563841275{padding-top: 5px [&hellip;]<\/p>\n","protected":false},"author":1,"featured_media":0,"parent":0,"menu_order":0,"comment_status":"closed","ping_status":"closed","template":"","meta":[],"yoast_head":"<!-- This site is optimized with the Yoast SEO plugin v18.3 - https:\/\/yoast.com\/wordpress\/plugins\/seo\/ -->\n<title>Transfers - Playa Dorada<\/title>\n<meta name=\"robots\" content=\"index, follow, max-snippet:-1, max-image-preview:large, max-video-preview:-1\" \/>\n<link rel=\"canonical\" href=\"https:\/\/www.playadorada.es\/es\/transfers\/\" \/>\n<meta property=\"og:locale\" content=\"es_ES\" \/>\n<meta property=\"og:type\" content=\"article\" \/>\n<meta property=\"og:title\" content=\"Transfers - Playa Dorada\" \/>\n<meta property=\"og:description\" content=\"[vc_row equal_height=\u00bbyes\u00bb css=\u00bb.vc_custom_1507563831097{margin-bottom: 0px !important;border-bottom-width: 0px !important;}\u00bb][vc_column width=\u00bb1\/2&#8243;][vc_column_text] VIAJES SAN FRANCISCO BAL 016 [\/vc_column_text][\/vc_column][vc_column width=\u00bb1\/2&#8243;][vc_single_image image=\u00bb3431&#8243; img_size=\u00bbfull\u00bb alignment=\u00bbcenter\u00bb][\/vc_column][\/vc_row][vc_row css=\u00bb.vc_custom_1507563841275{padding-top: 5px [&hellip;]\" \/>\n<meta property=\"og:url\" content=\"https:\/\/www.playadorada.es\/es\/transfers\/\" \/>\n<meta property=\"og:site_name\" content=\"Playa Dorada\" \/>\n<meta property=\"article:modified_time\" content=\"2017-10-13T11:09:34+00:00\" \/>\n<meta name=\"twitter:card\" content=\"summary\" \/>\n<meta name=\"twitter:label1\" content=\"Tiempo de lectura\" \/>\n\t<meta name=\"twitter:data1\" content=\"1 minuto\" \/>\n<script type=\"application\/ld+json\" class=\"yoast-schema-graph\">{\"@context\":\"https:\/\/schema.org\",\"@graph\":[{\"@type\":\"WebSite\",\"@id\":\"https:\/\/www.playadorada.es\/es\/#website\",\"url\":\"https:\/\/www.playadorada.es\/es\/\",\"name\":\"Playa Dorada\",\"description\":\"Otro sitio realizado con WordPress\",\"potentialAction\":[{\"@type\":\"SearchAction\",\"target\":{\"@type\":\"EntryPoint\",\"urlTemplate\":\"https:\/\/www.playadorada.es\/es\/?s={search_term_string}\"},\"query-input\":\"required name=search_term_string\"}],\"inLanguage\":\"es\"},{\"@type\":\"WebPage\",\"@id\":\"https:\/\/www.playadorada.es\/es\/transfers\/#webpage\",\"url\":\"https:\/\/www.playadorada.es\/es\/transfers\/\",\"name\":\"Transfers - Playa Dorada\",\"isPartOf\":{\"@id\":\"https:\/\/www.playadorada.es\/es\/#website\"},\"datePublished\":\"2017-10-09T14:56:28+00:00\",\"dateModified\":\"2017-10-13T11:09:34+00:00\",\"breadcrumb\":{\"@id\":\"https:\/\/www.playadorada.es\/es\/transfers\/#breadcrumb\"},\"inLanguage\":\"es\",\"potentialAction\":[{\"@type\":\"ReadAction\",\"target\":[\"https:\/\/www.playadorada.es\/es\/transfers\/\"]}]},{\"@type\":\"BreadcrumbList\",\"@id\":\"https:\/\/www.playadorada.es\/es\/transfers\/#breadcrumb\",\"itemListElement\":[{\"@type\":\"ListItem\",\"position\":1,\"name\":\"Portada\",\"item\":\"https:\/\/www.playadorada.es\/es\/\"},{\"@type\":\"ListItem\",\"position\":2,\"name\":\"Transfers\"}]}]}<\/script>\n<!-- \/ Yoast SEO plugin. -->","yoast_head_json":{"title":"Transfers - Playa Dorada","robots":{"index":"index","follow":"follow","max-snippet":"max-snippet:-1","max-image-preview":"max-image-preview:large","max-video-preview":"max-video-preview:-1"},"canonical":"https:\/\/www.playadorada.es\/es\/transfers\/","og_locale":"es_ES","og_type":"article","og_title":"Transfers - Playa Dorada","og_description":"[vc_row equal_height=\u00bbyes\u00bb css=\u00bb.vc_custom_1507563831097{margin-bottom: 0px !important;border-bottom-width: 0px !important;}\u00bb][vc_column width=\u00bb1\/2&#8243;][vc_column_text] VIAJES SAN FRANCISCO BAL 016 [\/vc_column_text][\/vc_column][vc_column width=\u00bb1\/2&#8243;][vc_single_image image=\u00bb3431&#8243; img_size=\u00bbfull\u00bb alignment=\u00bbcenter\u00bb][\/vc_column][\/vc_row][vc_row css=\u00bb.vc_custom_1507563841275{padding-top: 5px [&hellip;]","og_url":"https:\/\/www.playadorada.es\/es\/transfers\/","og_site_name":"Playa Dorada","article_modified_time":"2017-10-13T11:09:34+00:00","twitter_card":"summary","twitter_misc":{"Tiempo de lectura":"1 minuto"},"schema":{"@context":"https:\/\/schema.org","@graph":[{"@type":"WebSite","@id":"https:\/\/www.playadorada.es\/es\/#website","url":"https:\/\/www.playadorada.es\/es\/","name":"Playa Dorada","description":"Otro sitio realizado con WordPress","potentialAction":[{"@type":"SearchAction","target":{"@type":"EntryPoint","urlTemplate":"https:\/\/www.playadorada.es\/es\/?s={search_term_string}"},"query-input":"required name=search_term_string"}],"inLanguage":"es"},{"@type":"WebPage","@id":"https:\/\/www.playadorada.es\/es\/transfers\/#webpage","url":"https:\/\/www.playadorada.es\/es\/transfers\/","name":"Transfers - Playa Dorada","isPartOf":{"@id":"https:\/\/www.playadorada.es\/es\/#website"},"datePublished":"2017-10-09T14:56:28+00:00","dateModified":"2017-10-13T11:09:34+00:00","breadcrumb":{"@id":"https:\/\/www.playadorada.es\/es\/transfers\/#breadcrumb"},"inLanguage":"es","potentialAction":[{"@type":"ReadAction","target":["https:\/\/www.playadorada.es\/es\/transfers\/"]}]},{"@type":"BreadcrumbList","@id":"https:\/\/www.playadorada.es\/es\/transfers\/#breadcrumb","itemListElement":[{"@type":"ListItem","position":1,"name":"Portada","item":"https:\/\/www.playadorada.es\/es\/"},{"@type":"ListItem","position":2,"name":"Transfers"}]}]}},"_links":{"self":[{"href":"https:\/\/www.playadorada.es\/es\/wp-json\/wp\/v2\/pages\/3424"}],"collection":[{"href":"https:\/\/www.playadorada.es\/es\/wp-json\/wp\/v2\/pages"}],"about":[{"href":"https:\/\/www.playadorada.es\/es\/wp-json\/wp\/v2\/types\/page"}],"author":[{"embeddable":true,"href":"https:\/\/www.playadorada.es\/es\/wp-json\/wp\/v2\/users\/1"}],"replies":[{"embeddable":true,"href":"https:\/\/www.playadorada.es\/es\/wp-json\/wp\/v2\/comments?post=3424"}],"version-history":[{"count":16,"href":"https:\/\/www.playadorada.es\/es\/wp-json\/wp\/v2\/pages\/3424\/revisions"}],"predecessor-version":[{"id":3446,"href":"https:\/\/www.playadorada.es\/es\/wp-json\/wp\/v2\/pages\/3424\/revisions\/3446"}],"wp:attachment":[{"href":"https:\/\/www.playadorada.es\/es\/wp-json\/wp\/v2\/media?parent=3424"}],"curies":[{"name":"wp","href":"https:\/\/api.w.org\/{rel}","templated":true}]}}