{"id":3639,"date":"2017-10-13T11:02:22","date_gmt":"2017-10-13T11:02:22","guid":{"rendered":"http:\/\/playadorada.cnedotswebs.es\/?page_id=3639\/"},"modified":"2024-05-13T16:54:02","modified_gmt":"2024-05-13T16:54:02","slug":"sobre-el-hotel-playa-dorada","status":"publish","type":"page","link":"https:\/\/www.playadorada.es\/es\/sobre-el-hotel-playa-dorada\/","title":{"rendered":"Sobre el Hotel Playa Dorada"},"content":{"rendered":"<p>[vc_row][vc_column width=\u00bb1\/4&#8243;][\/vc_column][vc_column width=\u00bb1\/2&#8243;][vc_column_text]<\/p>\n<h2 style=\"text-align: center;\"><em>Bienvenidos<\/em><\/h2>\n<h3><b>Apreciados clientes,<\/b><\/h3>\n<p><span style=\"font-weight: 400;\">La direcci\u00f3n y el personal del Aparthotel Playa Dorada les da la bienvenida y les desea una\u00a0<\/span><span style=\"font-weight: 400;\">feliz estancia. Les informamos que estamos a su disposici\u00f3n para lo que necesite. La recepci\u00f3n del aparthotel prestar\u00e1 servicio las 24 horas. <\/span><\/p>\n<p><span style=\"font-weight: 400;\">Siempre queremos mejorar nuestros servicios y con gusto aceptamos sus sugerencias.<\/span><\/p>\n<h4><b><i>TODO INCLUIDO<\/i><\/b><\/h4>\n<p><span style=\"font-weight: 400;\">En el Aparthotel Playa Dorada tenemos el sistema de \u00abtodo incluido\u00bb, que implica que a su llegada al aparthotel se les pondr\u00e1 una pulsera de pl\u00e1stico que deber\u00e1 llevar durante su estancia y cuya p\u00e9rdida comunicar\u00e1 a recepci\u00f3n, tan pronto le sea posible.<\/span><\/p>\n<h4><b><i>HORARIO DE COMEDOR<\/i><\/b><\/h4>\n<p><span style=\"font-weight: 400;\">Desayuno<\/span><span style=\"font-weight: 400;\">\u00a0\u00a0\u00a0 <\/span><span style=\"font-weight: 400;\">\u00a0\u00a0\u00a0 <\/span><span style=\"font-weight: 400;\">07\u00b430 a 10\u00b430 horas<\/span><span style=\"font-weight: 400;\">\u00a0\u00a0\u00a0 <\/span><span style=\"font-weight: 400;\">\u00a0\u00a0\u00a0 <\/span><span style=\"color: #ff0000;\"><b>SOLO PARA EXCURSIONES:<\/b><\/span><\/p>\n<p><span style=\"font-weight: 400;\">Almuerzo<\/span><span style=\"font-weight: 400;\">\u00a0\u00a0\u00a0 <\/span><span style=\"font-weight: 400;\">\u00a0\u00a0\u00a0 <\/span><span style=\"font-weight: 400;\">12\u00b400 a 15\u00b400 horas<\/span><span style=\"font-weight: 400;\">\u00a0\u00a0\u00a0 <\/span><span style=\"font-weight: 400;\">\u00a0\u00a0\u00a0 <\/span><span style=\"color: #ff0000;\"><b>Pedir los picnics hasta las 19\u00b400 horas<\/b><\/span><\/p>\n<p><span style=\"font-weight: 400;\">Cena<\/span><span style=\"font-weight: 400;\">\u00a0\u00a0\u00a0 <\/span><span style=\"font-weight: 400;\">\u00a0\u00a0\u00a0 <\/span><span style=\"font-weight: 400;\">\u00a0 \u00a0 \u00a0 \u00a0\u00a0<\/span><span style=\"font-weight: 400;\">18&#8217;00 a \u00a021&#8217;00 horas<\/span><span style=\"font-weight: 400;\">\u00a0\u00a0\u00a0 <\/span><span style=\"font-weight: 400;\">\u00a0\u00a0\u00a0 <\/span><span style=\"color: #ff0000;\"><b>la noche anterior en recepci\u00f3n.<\/b><\/span><\/p>\n<p><span style=\"font-weight: 400;\">Bar<\/span><span style=\"font-weight: 400;\">\u00a0\u00a0\u00a0 <\/span><span style=\"font-weight: 400;\">\u00a0\u00a0\u00a0 <\/span><span style=\"font-weight: 400;\">\u00a0\u00a0\u00a0 <\/span><span style=\"font-weight: 400;\">10\u00b400 a 24\u00b400 horas<\/span><\/p>\n<h4><b><i>LIMPIEZA DE APARTAMENTOS<\/i><\/b><\/h4>\n<p><span style=\"font-weight: 400;\">La limpieza de los apartamentos se efectuar\u00e1 5 veces por semana, excepto Martes y Jueves.<\/span><\/p>\n<h4><b><i>PISCINA<\/i><\/b><\/h4>\n<p><span style=\"font-weight: 400;\">No est\u00e1 permitido reservar o bloquear las hamacas con toallas u otros utensilios. Empl\u00e9e una sombrilla para cada familia, si as\u00ed lo desea. El horario de la piscina es de 9 a 19 horas. Recordamos a nuestros \u00a0se\u00f1ores clientes que el uso de las toallas del Aparthotel est\u00e1 destinado exclusivamente al uso en los apartamentos y no en la piscina o en la playa.<\/span><\/p>\n<h4><b><i>SOLARIUM<\/i><\/b><\/h4>\n<p><span style=\"font-weight: 400;\">Se encuentra en la 7\u00aa planta \u00a0al lado del ascensor de la piscina. Horario: 10.00 a 20.30h.<\/span><\/p>\n<h4><b><i>CAJA FUERTE<\/i><\/b><\/h4>\n<p><span style=\"font-weight: 400;\">El Aparthotel Playa Dorada no se puede hacer responsable des sus objetos de valor que no \u00a0hayan sido guardados en una caja fuerte. Por ello recomendamos su alquiler por el precio de 14,\u20ac \u00a0por semana y 5,&#8211; \u20ac de dep\u00f3sito para la llave, haciendo efectiva la cantidad de 25,&#8211; \u20ac \u00a0en caso de p\u00e9rdida o extrav\u00edo de la misma.<\/span><\/p>\n<h4><b><i>TV EN LA HABITACI\u00d3N \/ AIRE ACONDICIONADO<\/i><\/b><\/h4>\n<p><span style=\"font-weight: 400;\">La tv de la habitaci\u00f3n se puede usar gratuitamente. Para m\u00e1s informaci\u00f3n sobre canales e instrucciones de uso, en la recepci\u00f3n estaremos encantados de poder ayudarle.<\/span><\/p>\n<p><span style=\"font-weight: 400;\">El uso del aire acondicionado en las habitaciones est\u00e1 incluido en el precio.<\/span><\/p>\n<p>&nbsp;<\/p>\n<p><span style=\"font-weight: 400;\">El c\u00f3digo de acceso para la puerta de la piscina hacia el paseo es:<\/span><span style=\"font-weight: 400;\"> \u00a0\u00a0 <\/span><b>2343+ok<\/b><\/p>\n<p>&nbsp;<\/p>\n<h4><b><i>D\u00cdA DE SALIDA<\/i><\/b><\/h4>\n<p><span style=\"font-weight: 400;\">Queremos poner en su conocimiento que el d\u00eda de salida a las 12\u00b400 horas del mediod\u00eda debe quedar el apartamento a plena disposici\u00f3n del Aparthotel Playa Dorada. Si desean guardar el apartamento el d\u00eda de salida, pueden reservarlo un d\u00eda antes en la recepci\u00f3n al precio de 35,&#8211; \u20ac, y siempre sujeto a disponibilidad.<\/span><\/p>\n<p>&nbsp;<\/p>\n<h3 style=\"text-align: center;\"><b>LES DESEAMOS UNA FELIZ ESTANCIA!!!!<\/b><\/h3>\n<p>[\/vc_column_text][\/vc_column][vc_column width=\u00bb1\/4&#8243;][\/vc_column][\/vc_row]<\/p>\n","protected":false},"excerpt":{"rendered":"<p>[vc_row][vc_column width=\u00bb1\/4&#8243;][\/vc_column][vc_column width=\u00bb1\/2&#8243;][vc_column_text] Bienvenidos Apreciados clientes, La direcci\u00f3n y el personal del Aparthotel Playa Dorada les da la bienvenida y [&hellip;]<\/p>\n","protected":false},"author":1,"featured_media":0,"parent":0,"menu_order":0,"comment_status":"closed","ping_status":"closed","template":"","meta":[],"yoast_head":"<!-- This site is optimized with the Yoast SEO plugin v18.3 - https:\/\/yoast.com\/wordpress\/plugins\/seo\/ -->\n<title>Sobre el Hotel Playa Dorada - Playa Dorada<\/title>\n<meta name=\"robots\" content=\"index, follow, max-snippet:-1, max-image-preview:large, max-video-preview:-1\" \/>\n<link rel=\"canonical\" href=\"https:\/\/www.playadorada.es\/es\/sobre-el-hotel-playa-dorada\/\" \/>\n<meta property=\"og:locale\" content=\"es_ES\" \/>\n<meta property=\"og:type\" content=\"article\" \/>\n<meta property=\"og:title\" content=\"Sobre el Hotel Playa Dorada - Playa Dorada\" \/>\n<meta property=\"og:description\" content=\"[vc_row][vc_column width=\u00bb1\/4&#8243;][\/vc_column][vc_column width=\u00bb1\/2&#8243;][vc_column_text] Bienvenidos Apreciados clientes, La direcci\u00f3n y el personal del Aparthotel Playa Dorada les da la bienvenida y [&hellip;]\" \/>\n<meta property=\"og:url\" content=\"https:\/\/www.playadorada.es\/es\/sobre-el-hotel-playa-dorada\/\" \/>\n<meta property=\"og:site_name\" content=\"Playa Dorada\" \/>\n<meta property=\"article:modified_time\" content=\"2024-05-13T16:54:02+00:00\" \/>\n<meta name=\"twitter:card\" content=\"summary\" \/>\n<meta name=\"twitter:label1\" content=\"Tiempo de lectura\" \/>\n\t<meta name=\"twitter:data1\" content=\"2 minutos\" \/>\n<script type=\"application\/ld+json\" class=\"yoast-schema-graph\">{\"@context\":\"https:\/\/schema.org\",\"@graph\":[{\"@type\":\"WebSite\",\"@id\":\"https:\/\/www.playadorada.es\/es\/#website\",\"url\":\"https:\/\/www.playadorada.es\/es\/\",\"name\":\"Playa Dorada\",\"description\":\"Otro sitio realizado con WordPress\",\"potentialAction\":[{\"@type\":\"SearchAction\",\"target\":{\"@type\":\"EntryPoint\",\"urlTemplate\":\"https:\/\/www.playadorada.es\/es\/?s={search_term_string}\"},\"query-input\":\"required name=search_term_string\"}],\"inLanguage\":\"es\"},{\"@type\":\"WebPage\",\"@id\":\"https:\/\/www.playadorada.es\/es\/sobre-el-hotel-playa-dorada\/#webpage\",\"url\":\"https:\/\/www.playadorada.es\/es\/sobre-el-hotel-playa-dorada\/\",\"name\":\"Sobre el Hotel Playa Dorada - Playa Dorada\",\"isPartOf\":{\"@id\":\"https:\/\/www.playadorada.es\/es\/#website\"},\"datePublished\":\"2017-10-13T11:02:22+00:00\",\"dateModified\":\"2024-05-13T16:54:02+00:00\",\"breadcrumb\":{\"@id\":\"https:\/\/www.playadorada.es\/es\/sobre-el-hotel-playa-dorada\/#breadcrumb\"},\"inLanguage\":\"es\",\"potentialAction\":[{\"@type\":\"ReadAction\",\"target\":[\"https:\/\/www.playadorada.es\/es\/sobre-el-hotel-playa-dorada\/\"]}]},{\"@type\":\"BreadcrumbList\",\"@id\":\"https:\/\/www.playadorada.es\/es\/sobre-el-hotel-playa-dorada\/#breadcrumb\",\"itemListElement\":[{\"@type\":\"ListItem\",\"position\":1,\"name\":\"Portada\",\"item\":\"https:\/\/www.playadorada.es\/es\/\"},{\"@type\":\"ListItem\",\"position\":2,\"name\":\"Sobre el Hotel Playa Dorada\"}]}]}<\/script>\n<!-- \/ Yoast SEO plugin. -->","yoast_head_json":{"title":"Sobre el Hotel Playa Dorada - Playa Dorada","robots":{"index":"index","follow":"follow","max-snippet":"max-snippet:-1","max-image-preview":"max-image-preview:large","max-video-preview":"max-video-preview:-1"},"canonical":"https:\/\/www.playadorada.es\/es\/sobre-el-hotel-playa-dorada\/","og_locale":"es_ES","og_type":"article","og_title":"Sobre el Hotel Playa Dorada - Playa Dorada","og_description":"[vc_row][vc_column width=\u00bb1\/4&#8243;][\/vc_column][vc_column width=\u00bb1\/2&#8243;][vc_column_text] Bienvenidos Apreciados clientes, La direcci\u00f3n y el personal del Aparthotel Playa Dorada les da la bienvenida y [&hellip;]","og_url":"https:\/\/www.playadorada.es\/es\/sobre-el-hotel-playa-dorada\/","og_site_name":"Playa Dorada","article_modified_time":"2024-05-13T16:54:02+00:00","twitter_card":"summary","twitter_misc":{"Tiempo de lectura":"2 minutos"},"schema":{"@context":"https:\/\/schema.org","@graph":[{"@type":"WebSite","@id":"https:\/\/www.playadorada.es\/es\/#website","url":"https:\/\/www.playadorada.es\/es\/","name":"Playa Dorada","description":"Otro sitio realizado con WordPress","potentialAction":[{"@type":"SearchAction","target":{"@type":"EntryPoint","urlTemplate":"https:\/\/www.playadorada.es\/es\/?s={search_term_string}"},"query-input":"required name=search_term_string"}],"inLanguage":"es"},{"@type":"WebPage","@id":"https:\/\/www.playadorada.es\/es\/sobre-el-hotel-playa-dorada\/#webpage","url":"https:\/\/www.playadorada.es\/es\/sobre-el-hotel-playa-dorada\/","name":"Sobre el Hotel Playa Dorada - Playa Dorada","isPartOf":{"@id":"https:\/\/www.playadorada.es\/es\/#website"},"datePublished":"2017-10-13T11:02:22+00:00","dateModified":"2024-05-13T16:54:02+00:00","breadcrumb":{"@id":"https:\/\/www.playadorada.es\/es\/sobre-el-hotel-playa-dorada\/#breadcrumb"},"inLanguage":"es","potentialAction":[{"@type":"ReadAction","target":["https:\/\/www.playadorada.es\/es\/sobre-el-hotel-playa-dorada\/"]}]},{"@type":"BreadcrumbList","@id":"https:\/\/www.playadorada.es\/es\/sobre-el-hotel-playa-dorada\/#breadcrumb","itemListElement":[{"@type":"ListItem","position":1,"name":"Portada","item":"https:\/\/www.playadorada.es\/es\/"},{"@type":"ListItem","position":2,"name":"Sobre el Hotel Playa Dorada"}]}]}},"_links":{"self":[{"href":"https:\/\/www.playadorada.es\/es\/wp-json\/wp\/v2\/pages\/3639"}],"collection":[{"href":"https:\/\/www.playadorada.es\/es\/wp-json\/wp\/v2\/pages"}],"about":[{"href":"https:\/\/www.playadorada.es\/es\/wp-json\/wp\/v2\/types\/page"}],"author":[{"embeddable":true,"href":"https:\/\/www.playadorada.es\/es\/wp-json\/wp\/v2\/users\/1"}],"replies":[{"embeddable":true,"href":"https:\/\/www.playadorada.es\/es\/wp-json\/wp\/v2\/comments?post=3639"}],"version-history":[{"count":6,"href":"https:\/\/www.playadorada.es\/es\/wp-json\/wp\/v2\/pages\/3639\/revisions"}],"predecessor-version":[{"id":25367,"href":"https:\/\/www.playadorada.es\/es\/wp-json\/wp\/v2\/pages\/3639\/revisions\/25367"}],"wp:attachment":[{"href":"https:\/\/www.playadorada.es\/es\/wp-json\/wp\/v2\/media?parent=3639"}],"curies":[{"name":"wp","href":"https:\/\/api.w.org\/{rel}","templated":true}]}}