{"id":3642,"date":"2017-10-13T11:17:43","date_gmt":"2017-10-13T11:17:43","guid":{"rendered":"http:\/\/playadorada.cnedotswebs.es\/?page_id=3642\/"},"modified":"2017-10-26T11:44:14","modified_gmt":"2017-10-26T11:44:14","slug":"descripcion-de-todo-incluido","status":"publish","type":"page","link":"https:\/\/www.playadorada.es\/es\/descripcion-de-todo-incluido\/","title":{"rendered":"Descripci\u00f3n de todo incluido"},"content":{"rendered":"<p>[vc_row][vc_column width=\u00bb1\/4&#8243;][\/vc_column][vc_column width=\u00bb1\/2&#8243;][vc_column_text]<\/p>\n<h2 style=\"text-align: center;\"><em>Descripci\u00f3n del Todo Incluido\u00a0<\/em>en Playa Dorada<\/h2>\n<h3>1. Desayuno tipo buffet de 07\u201930 a 10\u201930, tres horas<\/h3>\n<p>Huevos fritos, huevos revueltos, salchichas, fiambres, quesos, l\u00e1cteos, boller\u00eda, zumos, caf\u00e9, cacao.<\/p>\n<h3>2. Almuerzo tipo buffet de 12 a 15, tres horas.<\/h3>\n<p>Ensaladas, encurtidos, sopa, dos carnes, un pescado, pasta, guarniciones de verdura, precocinados, patatas fritas, reposter\u00eda, helados, fruta. Refrescos:Cola, naranjada, limonada, sprite, cola light, agua con gas, agua sin gas, zumo naranja, zumo de pi\u00f1a, zumo de manzana, vino tinto, vino rosado, vino blanco y cerveza.<\/p>\n<h3>3. Cena tipo buffet de 18 a 21, tres horas:<\/h3>\n<p>Ensaladas, encurtidos, sopa, dos carnes, un pescado, pasta, guarniciones de verdura, precocinados, patatas fritas, reposter\u00eda,<br \/>\nhelados, fruta.<\/p>\n<p>Refrescos:Cola, naranjada, limonada, sprite, cola light, agua con gas, agua sin gas, zumo naranja, zumo de pi\u00f1a, zumo demanzana, vino tinto, vino rosado, vino blanco y cerveza.<\/p>\n<h3>4. En el bar de 10 a 24\u201900, Catorce horas:<\/h3>\n<h4>Bebidas refrescantes:<\/h4>\n<p>Cola, Cola light, limonada, naranjada, sprite, t\u00f3nica, agua con gas, agua sin gas.<\/p>\n<h4>Bebidas alcoholicas:<\/h4>\n<p>Cerveza, vino tinto, vino rosado, vino blanco, sangr\u00eda, brandy, ginebra, ron, whisky, wodka, aperitivos, hierbas dulces, hierbas secas, hierbas semi.<\/p>\n<h4>Cocktails:<\/h4>\n<p>Tekila sunrise, Pi\u00f1a colada, San francisco (sin alcohol).<\/p>\n<h4>Bebidas calientes:<\/h4>\n<p>Caf\u00e9 espreso, Caf\u00e9 largo tipo alem\u00e1n, caf\u00e9 con leche, chocolate, te, infusiones.<\/p>\n<h4>Helados y varios<\/h4>\n<p>De vainilla, de nata, de fresa, de chocolate, de avellana. Granizada de naranja y de lim\u00f3n.<\/p>\n<h3>5. Notas:<\/h3>\n<p>De 16 a 17 horas, se sirven pastelitos y pastas con el caf\u00e9. En la terraza de la piscina est\u00e1 prohibido el uso de cristal.<\/p>\n<p>Se usar\u00e1n vasos de pl\u00e1stico o cart\u00f3n. De 23 a 24 horas tambi\u00e9n se usar\u00e1n vasos de pl\u00e1stico o cart\u00f3n en el bar interior.[\/vc_column_text][\/vc_column][vc_column width=\u00bb1\/4&#8243;][\/vc_column][\/vc_row]<\/p>\n","protected":false},"excerpt":{"rendered":"<p>[vc_row][vc_column width=\u00bb1\/4&#8243;][\/vc_column][vc_column width=\u00bb1\/2&#8243;][vc_column_text] Descripci\u00f3n del Todo Incluido\u00a0en Playa Dorada 1. Desayuno tipo buffet de 07\u201930 a 10\u201930, tres horas Huevos [&hellip;]<\/p>\n","protected":false},"author":1,"featured_media":0,"parent":0,"menu_order":0,"comment_status":"closed","ping_status":"closed","template":"","meta":[],"yoast_head":"<!-- This site is optimized with the Yoast SEO plugin v18.3 - https:\/\/yoast.com\/wordpress\/plugins\/seo\/ -->\n<title>Descripci\u00f3n de todo incluido - Aparthotel Playa Dorada<\/title>\n<meta name=\"description\" content=\"Descripci\u00f3n del Todo Incluido en el Aparthotel Playa Dorada. Vea nuestros horarios y posibilidades que le brinda el r\u00e9gimen del Todo Incluido en Mallorca\" \/>\n<meta name=\"robots\" content=\"index, follow, max-snippet:-1, max-image-preview:large, max-video-preview:-1\" \/>\n<link rel=\"canonical\" href=\"https:\/\/www.playadorada.es\/es\/descripcion-de-todo-incluido\/\" \/>\n<meta property=\"og:locale\" content=\"es_ES\" \/>\n<meta property=\"og:type\" content=\"article\" \/>\n<meta property=\"og:title\" content=\"Descripci\u00f3n de todo incluido - Aparthotel Playa Dorada\" \/>\n<meta property=\"og:description\" content=\"Descripci\u00f3n del Todo Incluido en el Aparthotel Playa Dorada. Vea nuestros horarios y posibilidades que le brinda el r\u00e9gimen del Todo Incluido en Mallorca\" \/>\n<meta property=\"og:url\" content=\"https:\/\/www.playadorada.es\/es\/descripcion-de-todo-incluido\/\" \/>\n<meta property=\"og:site_name\" content=\"Playa Dorada\" \/>\n<meta property=\"article:modified_time\" content=\"2017-10-26T11:44:14+00:00\" \/>\n<meta name=\"twitter:card\" content=\"summary\" \/>\n<meta name=\"twitter:label1\" content=\"Tiempo de lectura\" \/>\n\t<meta name=\"twitter:data1\" content=\"2 minutos\" \/>\n<script type=\"application\/ld+json\" class=\"yoast-schema-graph\">{\"@context\":\"https:\/\/schema.org\",\"@graph\":[{\"@type\":\"WebSite\",\"@id\":\"https:\/\/www.playadorada.es\/es\/#website\",\"url\":\"https:\/\/www.playadorada.es\/es\/\",\"name\":\"Playa Dorada\",\"description\":\"Otro sitio realizado con WordPress\",\"potentialAction\":[{\"@type\":\"SearchAction\",\"target\":{\"@type\":\"EntryPoint\",\"urlTemplate\":\"https:\/\/www.playadorada.es\/es\/?s={search_term_string}\"},\"query-input\":\"required name=search_term_string\"}],\"inLanguage\":\"es\"},{\"@type\":\"WebPage\",\"@id\":\"https:\/\/www.playadorada.es\/es\/descripcion-de-todo-incluido\/#webpage\",\"url\":\"https:\/\/www.playadorada.es\/es\/descripcion-de-todo-incluido\/\",\"name\":\"Descripci\u00f3n de todo incluido - Aparthotel Playa Dorada\",\"isPartOf\":{\"@id\":\"https:\/\/www.playadorada.es\/es\/#website\"},\"datePublished\":\"2017-10-13T11:17:43+00:00\",\"dateModified\":\"2017-10-26T11:44:14+00:00\",\"description\":\"Descripci\u00f3n del Todo Incluido en el Aparthotel Playa Dorada. Vea nuestros horarios y posibilidades que le brinda el r\u00e9gimen del Todo Incluido en Mallorca\",\"breadcrumb\":{\"@id\":\"https:\/\/www.playadorada.es\/es\/descripcion-de-todo-incluido\/#breadcrumb\"},\"inLanguage\":\"es\",\"potentialAction\":[{\"@type\":\"ReadAction\",\"target\":[\"https:\/\/www.playadorada.es\/es\/descripcion-de-todo-incluido\/\"]}]},{\"@type\":\"BreadcrumbList\",\"@id\":\"https:\/\/www.playadorada.es\/es\/descripcion-de-todo-incluido\/#breadcrumb\",\"itemListElement\":[{\"@type\":\"ListItem\",\"position\":1,\"name\":\"Portada\",\"item\":\"https:\/\/www.playadorada.es\/es\/\"},{\"@type\":\"ListItem\",\"position\":2,\"name\":\"Descripci\u00f3n de todo incluido\"}]}]}<\/script>\n<!-- \/ Yoast SEO plugin. -->","yoast_head_json":{"title":"Descripci\u00f3n de todo incluido - Aparthotel Playa Dorada","description":"Descripci\u00f3n del Todo Incluido en el Aparthotel Playa Dorada. Vea nuestros horarios y posibilidades que le brinda el r\u00e9gimen del Todo Incluido en Mallorca","robots":{"index":"index","follow":"follow","max-snippet":"max-snippet:-1","max-image-preview":"max-image-preview:large","max-video-preview":"max-video-preview:-1"},"canonical":"https:\/\/www.playadorada.es\/es\/descripcion-de-todo-incluido\/","og_locale":"es_ES","og_type":"article","og_title":"Descripci\u00f3n de todo incluido - Aparthotel Playa Dorada","og_description":"Descripci\u00f3n del Todo Incluido en el Aparthotel Playa Dorada. Vea nuestros horarios y posibilidades que le brinda el r\u00e9gimen del Todo Incluido en Mallorca","og_url":"https:\/\/www.playadorada.es\/es\/descripcion-de-todo-incluido\/","og_site_name":"Playa Dorada","article_modified_time":"2017-10-26T11:44:14+00:00","twitter_card":"summary","twitter_misc":{"Tiempo de lectura":"2 minutos"},"schema":{"@context":"https:\/\/schema.org","@graph":[{"@type":"WebSite","@id":"https:\/\/www.playadorada.es\/es\/#website","url":"https:\/\/www.playadorada.es\/es\/","name":"Playa Dorada","description":"Otro sitio realizado con WordPress","potentialAction":[{"@type":"SearchAction","target":{"@type":"EntryPoint","urlTemplate":"https:\/\/www.playadorada.es\/es\/?s={search_term_string}"},"query-input":"required name=search_term_string"}],"inLanguage":"es"},{"@type":"WebPage","@id":"https:\/\/www.playadorada.es\/es\/descripcion-de-todo-incluido\/#webpage","url":"https:\/\/www.playadorada.es\/es\/descripcion-de-todo-incluido\/","name":"Descripci\u00f3n de todo incluido - Aparthotel Playa Dorada","isPartOf":{"@id":"https:\/\/www.playadorada.es\/es\/#website"},"datePublished":"2017-10-13T11:17:43+00:00","dateModified":"2017-10-26T11:44:14+00:00","description":"Descripci\u00f3n del Todo Incluido en el Aparthotel Playa Dorada. Vea nuestros horarios y posibilidades que le brinda el r\u00e9gimen del Todo Incluido en Mallorca","breadcrumb":{"@id":"https:\/\/www.playadorada.es\/es\/descripcion-de-todo-incluido\/#breadcrumb"},"inLanguage":"es","potentialAction":[{"@type":"ReadAction","target":["https:\/\/www.playadorada.es\/es\/descripcion-de-todo-incluido\/"]}]},{"@type":"BreadcrumbList","@id":"https:\/\/www.playadorada.es\/es\/descripcion-de-todo-incluido\/#breadcrumb","itemListElement":[{"@type":"ListItem","position":1,"name":"Portada","item":"https:\/\/www.playadorada.es\/es\/"},{"@type":"ListItem","position":2,"name":"Descripci\u00f3n de todo incluido"}]}]}},"_links":{"self":[{"href":"https:\/\/www.playadorada.es\/es\/wp-json\/wp\/v2\/pages\/3642"}],"collection":[{"href":"https:\/\/www.playadorada.es\/es\/wp-json\/wp\/v2\/pages"}],"about":[{"href":"https:\/\/www.playadorada.es\/es\/wp-json\/wp\/v2\/types\/page"}],"author":[{"embeddable":true,"href":"https:\/\/www.playadorada.es\/es\/wp-json\/wp\/v2\/users\/1"}],"replies":[{"embeddable":true,"href":"https:\/\/www.playadorada.es\/es\/wp-json\/wp\/v2\/comments?post=3642"}],"version-history":[{"count":7,"href":"https:\/\/www.playadorada.es\/es\/wp-json\/wp\/v2\/pages\/3642\/revisions"}],"predecessor-version":[{"id":3783,"href":"https:\/\/www.playadorada.es\/es\/wp-json\/wp\/v2\/pages\/3642\/revisions\/3783"}],"wp:attachment":[{"href":"https:\/\/www.playadorada.es\/es\/wp-json\/wp\/v2\/media?parent=3642"}],"curies":[{"name":"wp","href":"https:\/\/api.w.org\/{rel}","templated":true}]}}