{"id":3656,"date":"2017-10-19T12:12:55","date_gmt":"2017-10-19T12:12:55","guid":{"rendered":"http:\/\/playadorada.cnedotswebs.es\/?page_id=3656\/"},"modified":"2017-10-19T12:16:52","modified_gmt":"2017-10-19T12:16:52","slug":"terminos-y-condiciones","status":"publish","type":"page","link":"https:\/\/www.playadorada.es\/es\/terminos-y-condiciones\/","title":{"rendered":"T\u00e9rminos y condiciones"},"content":{"rendered":"<p>[vc_row][vc_column width=\u00bb1\/4&#8243;][\/vc_column][vc_column width=\u00bb1\/2&#8243;][vc_column_text]<\/p>\n<div class=\"item_fulltext\">\n<h2><strong>PROCESO DE RESERVA<\/strong><\/h2>\n<ul>\n<li class=\"firstItem\">En <strong>ApartHotel Playa Dorada<\/strong> ponemos a disposici\u00f3n de nuestros usuarios las mejores condiciones de reserva para estancias en nuestros hoteles y apartamentos en Mallorca. Pensadas para que se realice de una forma c\u00f3moda, \u00e1gil, eficaz y segura, aceptando cancelaciones y modificaciones.<\/li>\n<li>Es necesaria una tarjeta de cr\u00e9dito para garantizar la reserva, se har\u00e1 un cobro en concepto de deposito del 25% del importe total, el resto del pago se realizar\u00e1 a la llegada al hotel en efectivo o con tarjeta.<\/li>\n<li>En caso de no presentarse en el Hotel , Apartamentos o Villas, <strong>ApartHotel Playa Dorada<\/strong> podr\u00eda cargar el importe total de la estancia reservada.<\/li>\n<li>Modificaci\u00f3n de reservas: Para modificar alg\u00fan dato de una reserva env\u00edenos por favor un e-mail a <span id=\"cloak97708\"><a href=\"mailto:direccion@playadorada.es\">direccion@playadorada.es<\/a><\/span> indicando el localizador de la reserva.<\/li>\n<li>Ni\u00f1os: Menores de 2 a\u00f1os gratis compartiendo habitaci\u00f3n con adultos, comidas no incluidas.Cunas gratis, sujetas a disponibilidad.<\/li>\n<li>Tarjetas de cr\u00e9dito aceptadas: Visa y Mastercard.<\/li>\n<li>El hotel se reserva el derecho de comprobar la validez de las tarjetas de cr\u00e9dito antes de la fecha de llegada.<\/li>\n<li>Horario: Entradas a partir de las 14:00 horas. Salidas hasta las 11:00 horas.<\/li>\n<li><strong>AparHotel Playa Dorada<\/strong> se reserva el derecho de no aceptar la reserva y consecuentemente la entrada al hotel, cuando el n\u00famero de ocupantes no coincida con los reservados.<\/li>\n<li class=\"lastItem\">Se permite la cancelaci\u00f3n o modificaci\u00f3n sin costes hasta 14 d\u00edas antes de la llegada al hotel. Si la cancelaci\u00f3n de la reserva se efectuara en un plazo inferior a 14 d\u00edas, perder\u00e1 el dep\u00f3sito que se cobro en el proceso de reserva<\/li>\n<\/ul>\n<h2><strong>ECOTASA<\/strong><\/h2>\n<ul>\n<li class=\"firstItem\">Existe una <strong>Ecotasa<\/strong> de 1.1\u20ac por d\u00eda y adulto (mayores de 16 a\u00f1os) a pagar extra en la recepci\u00f3n.<\/li>\n<li class=\"lastItem\">Hay una bonificaci\u00f3n del 50% a partir del 9 d\u00eda.<\/li>\n<\/ul>\n<\/div>\n<p>[\/vc_column_text][\/vc_column][vc_column width=\u00bb1\/4&#8243;][\/vc_column][\/vc_row]<\/p>\n","protected":false},"excerpt":{"rendered":"<p>[vc_row][vc_column width=\u00bb1\/4&#8243;][\/vc_column][vc_column width=\u00bb1\/2&#8243;][vc_column_text] PROCESO DE RESERVA En ApartHotel Playa Dorada ponemos a disposici\u00f3n de nuestros usuarios las mejores condiciones de [&hellip;]<\/p>\n","protected":false},"author":1,"featured_media":0,"parent":0,"menu_order":0,"comment_status":"closed","ping_status":"closed","template":"","meta":[],"yoast_head":"<!-- This site is optimized with the Yoast SEO plugin v18.3 - https:\/\/yoast.com\/wordpress\/plugins\/seo\/ -->\n<title>T\u00e9rminos y condiciones - Playa Dorada<\/title>\n<meta name=\"robots\" content=\"index, follow, max-snippet:-1, max-image-preview:large, max-video-preview:-1\" \/>\n<link rel=\"canonical\" href=\"https:\/\/www.playadorada.es\/es\/terminos-y-condiciones\/\" \/>\n<meta property=\"og:locale\" content=\"es_ES\" \/>\n<meta property=\"og:type\" content=\"article\" \/>\n<meta property=\"og:title\" content=\"T\u00e9rminos y condiciones - Playa Dorada\" \/>\n<meta property=\"og:description\" content=\"[vc_row][vc_column width=\u00bb1\/4&#8243;][\/vc_column][vc_column width=\u00bb1\/2&#8243;][vc_column_text] PROCESO DE RESERVA En ApartHotel Playa Dorada ponemos a disposici\u00f3n de nuestros usuarios las mejores condiciones de [&hellip;]\" \/>\n<meta property=\"og:url\" content=\"https:\/\/www.playadorada.es\/es\/terminos-y-condiciones\/\" \/>\n<meta property=\"og:site_name\" content=\"Playa Dorada\" \/>\n<meta property=\"article:modified_time\" content=\"2017-10-19T12:16:52+00:00\" \/>\n<meta name=\"twitter:card\" content=\"summary\" \/>\n<meta name=\"twitter:label1\" content=\"Tiempo de lectura\" \/>\n\t<meta name=\"twitter:data1\" content=\"2 minutos\" \/>\n<script type=\"application\/ld+json\" class=\"yoast-schema-graph\">{\"@context\":\"https:\/\/schema.org\",\"@graph\":[{\"@type\":\"WebSite\",\"@id\":\"https:\/\/www.playadorada.es\/es\/#website\",\"url\":\"https:\/\/www.playadorada.es\/es\/\",\"name\":\"Playa Dorada\",\"description\":\"Otro sitio realizado con WordPress\",\"potentialAction\":[{\"@type\":\"SearchAction\",\"target\":{\"@type\":\"EntryPoint\",\"urlTemplate\":\"https:\/\/www.playadorada.es\/es\/?s={search_term_string}\"},\"query-input\":\"required name=search_term_string\"}],\"inLanguage\":\"es\"},{\"@type\":\"WebPage\",\"@id\":\"https:\/\/www.playadorada.es\/es\/terminos-y-condiciones\/#webpage\",\"url\":\"https:\/\/www.playadorada.es\/es\/terminos-y-condiciones\/\",\"name\":\"T\u00e9rminos y condiciones - Playa Dorada\",\"isPartOf\":{\"@id\":\"https:\/\/www.playadorada.es\/es\/#website\"},\"datePublished\":\"2017-10-19T12:12:55+00:00\",\"dateModified\":\"2017-10-19T12:16:52+00:00\",\"breadcrumb\":{\"@id\":\"https:\/\/www.playadorada.es\/es\/terminos-y-condiciones\/#breadcrumb\"},\"inLanguage\":\"es\",\"potentialAction\":[{\"@type\":\"ReadAction\",\"target\":[\"https:\/\/www.playadorada.es\/es\/terminos-y-condiciones\/\"]}]},{\"@type\":\"BreadcrumbList\",\"@id\":\"https:\/\/www.playadorada.es\/es\/terminos-y-condiciones\/#breadcrumb\",\"itemListElement\":[{\"@type\":\"ListItem\",\"position\":1,\"name\":\"Portada\",\"item\":\"https:\/\/www.playadorada.es\/es\/\"},{\"@type\":\"ListItem\",\"position\":2,\"name\":\"T\u00e9rminos y condiciones\"}]}]}<\/script>\n<!-- \/ Yoast SEO plugin. -->","yoast_head_json":{"title":"T\u00e9rminos y condiciones - Playa Dorada","robots":{"index":"index","follow":"follow","max-snippet":"max-snippet:-1","max-image-preview":"max-image-preview:large","max-video-preview":"max-video-preview:-1"},"canonical":"https:\/\/www.playadorada.es\/es\/terminos-y-condiciones\/","og_locale":"es_ES","og_type":"article","og_title":"T\u00e9rminos y condiciones - Playa Dorada","og_description":"[vc_row][vc_column width=\u00bb1\/4&#8243;][\/vc_column][vc_column width=\u00bb1\/2&#8243;][vc_column_text] PROCESO DE RESERVA En ApartHotel Playa Dorada ponemos a disposici\u00f3n de nuestros usuarios las mejores condiciones de [&hellip;]","og_url":"https:\/\/www.playadorada.es\/es\/terminos-y-condiciones\/","og_site_name":"Playa Dorada","article_modified_time":"2017-10-19T12:16:52+00:00","twitter_card":"summary","twitter_misc":{"Tiempo de lectura":"2 minutos"},"schema":{"@context":"https:\/\/schema.org","@graph":[{"@type":"WebSite","@id":"https:\/\/www.playadorada.es\/es\/#website","url":"https:\/\/www.playadorada.es\/es\/","name":"Playa Dorada","description":"Otro sitio realizado con WordPress","potentialAction":[{"@type":"SearchAction","target":{"@type":"EntryPoint","urlTemplate":"https:\/\/www.playadorada.es\/es\/?s={search_term_string}"},"query-input":"required name=search_term_string"}],"inLanguage":"es"},{"@type":"WebPage","@id":"https:\/\/www.playadorada.es\/es\/terminos-y-condiciones\/#webpage","url":"https:\/\/www.playadorada.es\/es\/terminos-y-condiciones\/","name":"T\u00e9rminos y condiciones - Playa Dorada","isPartOf":{"@id":"https:\/\/www.playadorada.es\/es\/#website"},"datePublished":"2017-10-19T12:12:55+00:00","dateModified":"2017-10-19T12:16:52+00:00","breadcrumb":{"@id":"https:\/\/www.playadorada.es\/es\/terminos-y-condiciones\/#breadcrumb"},"inLanguage":"es","potentialAction":[{"@type":"ReadAction","target":["https:\/\/www.playadorada.es\/es\/terminos-y-condiciones\/"]}]},{"@type":"BreadcrumbList","@id":"https:\/\/www.playadorada.es\/es\/terminos-y-condiciones\/#breadcrumb","itemListElement":[{"@type":"ListItem","position":1,"name":"Portada","item":"https:\/\/www.playadorada.es\/es\/"},{"@type":"ListItem","position":2,"name":"T\u00e9rminos y condiciones"}]}]}},"_links":{"self":[{"href":"https:\/\/www.playadorada.es\/es\/wp-json\/wp\/v2\/pages\/3656"}],"collection":[{"href":"https:\/\/www.playadorada.es\/es\/wp-json\/wp\/v2\/pages"}],"about":[{"href":"https:\/\/www.playadorada.es\/es\/wp-json\/wp\/v2\/types\/page"}],"author":[{"embeddable":true,"href":"https:\/\/www.playadorada.es\/es\/wp-json\/wp\/v2\/users\/1"}],"replies":[{"embeddable":true,"href":"https:\/\/www.playadorada.es\/es\/wp-json\/wp\/v2\/comments?post=3656"}],"version-history":[{"count":3,"href":"https:\/\/www.playadorada.es\/es\/wp-json\/wp\/v2\/pages\/3656\/revisions"}],"predecessor-version":[{"id":3659,"href":"https:\/\/www.playadorada.es\/es\/wp-json\/wp\/v2\/pages\/3656\/revisions\/3659"}],"wp:attachment":[{"href":"https:\/\/www.playadorada.es\/es\/wp-json\/wp\/v2\/media?parent=3656"}],"curies":[{"name":"wp","href":"https:\/\/api.w.org\/{rel}","templated":true}]}}