{"id":25391,"date":"2017-10-19T12:10:49","date_gmt":"2017-10-19T12:10:49","guid":{"rendered":"https:\/\/www.playadorada.es\/aviso-legal\/"},"modified":"2025-02-06T17:25:59","modified_gmt":"2025-02-06T17:25:59","slug":"aviso-legal","status":"publish","type":"page","link":"https:\/\/www.playadorada.es\/hu\/aviso-legal\/","title":{"rendered":"Adatv\u00e9delmi szab\u00e1lyzat"},"content":{"rendered":"<p>[vc_row][vc_column width=&#8221;1\/4&#8243;][\/vc_column][vc_column width=&#8221;1\/2&#8243;][vc_column_text]<\/p>\n<div class=\"item_fulltext\">\n<h2><strong>FORMULARIO DE CONTACTO<\/strong><\/h2>\n<p>Al enviar el formulario est\u00e1 de acuerdo con la siguiente pol\u00edtica de privacidad.<\/p>\n<p>De conformidad con lo establecido en la Ley Org\u00e1nica 15\/1999, de 13 de diciembre, de Protecci\u00f3n de Datos de Car\u00e1cter Personal, le informamos que los datos por usted facilitados a trav\u00e9s del presente formulario ser\u00e1n incorporados a un fichero titularidad de FUTUR DE CALA MILLOR, S.A., siendo empleados con el fin de facilitarle la informaci\u00f3n que nos solicite o gestionar los servicios que usted requiera.<\/p>\n<p>El env\u00edo de tales datos implica su consentimiento expreso para proceder al tratamiento de los mismos, incluida su direcci\u00f3n de correo electr\u00f3nico, con las finalidades que se se\u00f1alan en el p\u00e1rrafo anterior. Usted podr\u00e1 ejercer sus derechos de acceso, rectificaci\u00f3n, cancelaci\u00f3n y oposici\u00f3n, previa acreditaci\u00f3n de su identidad, dirigi\u00e9ndose a FUTUR DE CALA MILLOR, S.A., C\/ Aritja, 7. 07560. Sa Coma, o a la siguiente direcci\u00f3n de correo electr\u00f3nico: <span id=\"cloak74571\"><a href=\"mailto:info@playadorada.es\">info@playadorada.es<\/a><\/span><\/p>\n<h2><strong>CURRICULUM VITAE<\/strong><\/h2>\n<p>De conformidad con la Ley 15\/1999, de 13 de diciembre, de Protecci\u00f3n de Datos de Car\u00e1cter Personal, le informamos que los datos personales que nos facilita por medio del env\u00edo del curr\u00edculum vitae, as\u00ed como los que en su caso se generen como consecuencia de la participaci\u00f3n en procesos selectivos, quedar\u00e1n almacenados en un tratamiento de datos responsabilidad de FUTUR DE CALA MILLOR, S.A. con domicilio en Sa Coma, c\/ Aritja, 7 con la finalidad de analizar el perfil profesional a los efectos de hacerle part\u00edcipe en los procesos de selecci\u00f3n que se desarrollen en la empresa a la vista de los puestos vacantes o de nueva creaci\u00f3n que se originen peri\u00f3dicamente. La remisi\u00f3n del curr\u00edculum a la empresa es voluntaria, por lo que la empresa considera que la persona que remite sus datos acepta expresamente el tratamiento de estos por la empresa con la finalidad indicada. Si usted env\u00eda el curr\u00edculum de otra persona registrando sus datos como persona que lo env\u00eda entendemos que lo hace porque la persona titular del curr\u00edculum se lo ha solicitado y que ese titular consiente y acepta todas las condiciones que se reflejan en el presente documento. Asimismo con el fin de facilitar su promoci\u00f3n en procesos de selecci\u00f3n del resto de la empresa, sus datos de car\u00e1cter personal pueden ser cedidos a empresas o entidades que contratemos para selecci\u00f3n de personal. Usted puede oponerse en cualquier momento al tratamiento as\u00ed como revocar el consentimiento prestado y ejercitar los derechos de acceso, rectificaci\u00f3n y cancelaci\u00f3n, en los t\u00e9rminos previstos en la normativa aplicable. Para ejercitar estos derechos se puede dirigir personalmente, o por escrito adjuntando fotocopia del DNI, a c\/ Aritja, 7, con el asunto PROTECCION DE DATOS. Le rogamos que con el fin de mantener la informaci\u00f3n debidamente actualizada, nos comunique si lo desea cualquier cambio sobre la informaci\u00f3n del curr\u00edculum vitae. Finalmente le comunicamos que a partir de seis meses desde la fecha de recepci\u00f3n, se podr\u00eda proceder a eliminar la informaci\u00f3n que usted haya enviado porque se considerase que ya no es vigente para un proceso de selecci\u00f3n de personal.<\/p>\n<\/div>\n<p>[\/vc_column_text][\/vc_column][vc_column width=&#8221;1\/4&#8243;][\/vc_column][\/vc_row]<\/p>\n","protected":false},"excerpt":{"rendered":"<p>[vc_row][vc_column width=&#8221;1\/4&#8243;][\/vc_column][vc_column width=&#8221;1\/2&#8243;][vc_column_text] FORMULARIO DE CONTACTO Al enviar el formulario est\u00e1 de acuerdo con la siguiente pol\u00edtica de privacidad. De [&hellip;]<\/p>\n","protected":false},"author":1,"featured_media":0,"parent":0,"menu_order":0,"comment_status":"closed","ping_status":"closed","template":"","meta":[],"yoast_head":"<!-- This site is optimized with the Yoast SEO plugin v18.3 - https:\/\/yoast.com\/wordpress\/plugins\/seo\/ -->\n<title>Adatv\u00e9delmi szab\u00e1lyzat - Playa Dorada<\/title>\n<meta name=\"robots\" content=\"index, follow, max-snippet:-1, max-image-preview:large, max-video-preview:-1\" \/>\n<link rel=\"canonical\" href=\"https:\/\/www.playadorada.es\/hu\/aviso-legal\/\" \/>\n<meta property=\"og:locale\" content=\"hu_HU\" \/>\n<meta property=\"og:type\" content=\"article\" \/>\n<meta property=\"og:title\" content=\"Adatv\u00e9delmi szab\u00e1lyzat - Playa Dorada\" \/>\n<meta property=\"og:description\" content=\"[vc_row][vc_column width=&#8221;1\/4&#8243;][\/vc_column][vc_column width=&#8221;1\/2&#8243;][vc_column_text] FORMULARIO DE CONTACTO Al enviar el formulario est\u00e1 de acuerdo con la siguiente pol\u00edtica de privacidad. De [&hellip;]\" \/>\n<meta property=\"og:url\" content=\"https:\/\/www.playadorada.es\/hu\/aviso-legal\/\" \/>\n<meta property=\"og:site_name\" content=\"Playa Dorada\" \/>\n<meta property=\"article:modified_time\" content=\"2025-02-06T17:25:59+00:00\" \/>\n<meta name=\"twitter:card\" content=\"summary\" \/>\n<meta name=\"twitter:label1\" content=\"Becs\u00fclt olvas\u00e1si id\u0151\" \/>\n\t<meta name=\"twitter:data1\" content=\"3 perc\" \/>\n<script type=\"application\/ld+json\" class=\"yoast-schema-graph\">{\"@context\":\"https:\/\/schema.org\",\"@graph\":[{\"@type\":\"WebSite\",\"@id\":\"https:\/\/www.playadorada.es\/es\/#website\",\"url\":\"https:\/\/www.playadorada.es\/es\/\",\"name\":\"Playa Dorada\",\"description\":\"Otro sitio realizado con WordPress\",\"potentialAction\":[{\"@type\":\"SearchAction\",\"target\":{\"@type\":\"EntryPoint\",\"urlTemplate\":\"https:\/\/www.playadorada.es\/es\/?s={search_term_string}\"},\"query-input\":\"required name=search_term_string\"}],\"inLanguage\":\"hu\"},{\"@type\":\"WebPage\",\"@id\":\"https:\/\/www.playadorada.es\/hu\/aviso-legal\/#webpage\",\"url\":\"https:\/\/www.playadorada.es\/hu\/aviso-legal\/\",\"name\":\"Adatv\u00e9delmi szab\u00e1lyzat - Playa Dorada\",\"isPartOf\":{\"@id\":\"https:\/\/www.playadorada.es\/es\/#website\"},\"datePublished\":\"2017-10-19T12:10:49+00:00\",\"dateModified\":\"2025-02-06T17:25:59+00:00\",\"breadcrumb\":{\"@id\":\"https:\/\/www.playadorada.es\/hu\/aviso-legal\/#breadcrumb\"},\"inLanguage\":\"hu\",\"potentialAction\":[{\"@type\":\"ReadAction\",\"target\":[\"https:\/\/www.playadorada.es\/hu\/aviso-legal\/\"]}]},{\"@type\":\"BreadcrumbList\",\"@id\":\"https:\/\/www.playadorada.es\/hu\/aviso-legal\/#breadcrumb\",\"itemListElement\":[{\"@type\":\"ListItem\",\"position\":1,\"name\":\"Portada\",\"item\":\"https:\/\/www.playadorada.es\/hu\/\"},{\"@type\":\"ListItem\",\"position\":2,\"name\":\"Adatv\u00e9delmi szab\u00e1lyzat\"}]}]}<\/script>\n<!-- \/ Yoast SEO plugin. -->","yoast_head_json":{"title":"Adatv\u00e9delmi szab\u00e1lyzat - Playa Dorada","robots":{"index":"index","follow":"follow","max-snippet":"max-snippet:-1","max-image-preview":"max-image-preview:large","max-video-preview":"max-video-preview:-1"},"canonical":"https:\/\/www.playadorada.es\/hu\/aviso-legal\/","og_locale":"hu_HU","og_type":"article","og_title":"Adatv\u00e9delmi szab\u00e1lyzat - Playa Dorada","og_description":"[vc_row][vc_column width=&#8221;1\/4&#8243;][\/vc_column][vc_column width=&#8221;1\/2&#8243;][vc_column_text] FORMULARIO DE CONTACTO Al enviar el formulario est\u00e1 de acuerdo con la siguiente pol\u00edtica de privacidad. De [&hellip;]","og_url":"https:\/\/www.playadorada.es\/hu\/aviso-legal\/","og_site_name":"Playa Dorada","article_modified_time":"2025-02-06T17:25:59+00:00","twitter_card":"summary","twitter_misc":{"Becs\u00fclt olvas\u00e1si id\u0151":"3 perc"},"schema":{"@context":"https:\/\/schema.org","@graph":[{"@type":"WebSite","@id":"https:\/\/www.playadorada.es\/es\/#website","url":"https:\/\/www.playadorada.es\/es\/","name":"Playa Dorada","description":"Otro sitio realizado con WordPress","potentialAction":[{"@type":"SearchAction","target":{"@type":"EntryPoint","urlTemplate":"https:\/\/www.playadorada.es\/es\/?s={search_term_string}"},"query-input":"required name=search_term_string"}],"inLanguage":"hu"},{"@type":"WebPage","@id":"https:\/\/www.playadorada.es\/hu\/aviso-legal\/#webpage","url":"https:\/\/www.playadorada.es\/hu\/aviso-legal\/","name":"Adatv\u00e9delmi szab\u00e1lyzat - Playa Dorada","isPartOf":{"@id":"https:\/\/www.playadorada.es\/es\/#website"},"datePublished":"2017-10-19T12:10:49+00:00","dateModified":"2025-02-06T17:25:59+00:00","breadcrumb":{"@id":"https:\/\/www.playadorada.es\/hu\/aviso-legal\/#breadcrumb"},"inLanguage":"hu","potentialAction":[{"@type":"ReadAction","target":["https:\/\/www.playadorada.es\/hu\/aviso-legal\/"]}]},{"@type":"BreadcrumbList","@id":"https:\/\/www.playadorada.es\/hu\/aviso-legal\/#breadcrumb","itemListElement":[{"@type":"ListItem","position":1,"name":"Portada","item":"https:\/\/www.playadorada.es\/hu\/"},{"@type":"ListItem","position":2,"name":"Adatv\u00e9delmi szab\u00e1lyzat"}]}]}},"_links":{"self":[{"href":"https:\/\/www.playadorada.es\/hu\/wp-json\/wp\/v2\/pages\/25391"}],"collection":[{"href":"https:\/\/www.playadorada.es\/hu\/wp-json\/wp\/v2\/pages"}],"about":[{"href":"https:\/\/www.playadorada.es\/hu\/wp-json\/wp\/v2\/types\/page"}],"author":[{"embeddable":true,"href":"https:\/\/www.playadorada.es\/hu\/wp-json\/wp\/v2\/users\/1"}],"replies":[{"embeddable":true,"href":"https:\/\/www.playadorada.es\/hu\/wp-json\/wp\/v2\/comments?post=25391"}],"version-history":[{"count":3,"href":"https:\/\/www.playadorada.es\/hu\/wp-json\/wp\/v2\/pages\/25391\/revisions"}],"predecessor-version":[{"id":25546,"href":"https:\/\/www.playadorada.es\/hu\/wp-json\/wp\/v2\/pages\/25391\/revisions\/25546"}],"wp:attachment":[{"href":"https:\/\/www.playadorada.es\/hu\/wp-json\/wp\/v2\/media?parent=25391"}],"curies":[{"name":"wp","href":"https:\/\/api.w.org\/{rel}","templated":true}]}}