{"id":25404,"date":"2014-09-14T08:54:12","date_gmt":"2014-09-14T08:54:12","guid":{"rendered":"https:\/\/www.playadorada.es\/home\/"},"modified":"2025-02-04T15:48:22","modified_gmt":"2025-02-04T15:48:22","slug":"home","status":"publish","type":"page","link":"https:\/\/www.playadorada.es\/hu\/","title":{"rendered":"Home"},"content":{"rendered":"<p>[vc_row full_width=&#8221;stretch_row&#8221; css=&#8221;.vc_custom_1436823427497{padding-top: 2.8rem !important;padding-bottom: 2.8rem !important;background-color: #f0f1f2 !important;}&#8221;][vc_column][vc_btn title=&#8221;Online foglal\u00e1s&#8221; color=&#8221;blue&#8221; align=&#8221;center&#8221; button_block=&#8221;true&#8221; link=&#8221;url:https%3A%2F%2Freservas.playadorada.es%2F%3Flang%3Den|target:_blank&#8221;][\/vc_column][\/vc_row][vc_row][vc_column width=&#8221;2\/3&#8243; offset=&#8221;vc_col-sm-offset-2&#8243;][vc_column_text]<\/p>\n<h1 style=\"text-align: center;\"><small>\u00a0\u00dcdv\u00f6z\u00f6lj\u00fck az <\/small>APARTHOTEL PLAYA DORADA<small>oldal\u00e1n!<\/small><\/h1>\n<p class=\"lead\" style=\"text-align: center;\">A PLAYA DORADA APARTHOTEL fantasztikus helyen, Mallorca csendes, keleti oldal\u00e1n, k\u00f6zvetlen\u00fcl a F\u00f6ldk\u00f6zi tenger partj\u00e1n helyezkedik el. Sa Coma mesesz\u00e9p homokos strandja mind\u00f6ssze 150 m s\u00e9t\u00e1nyira tal\u00e1lhat\u00f3, kisgyermekekkel is t\u00f6k\u00e9letes v\u00e1laszt\u00e1s..<\/p>\n<p>[\/vc_column_text][\/vc_column][\/vc_row][vc_row full_width=&#8221;stretch_row&#8221; parallax=&#8221;content-moving&#8221; parallax_layers=&#8221;yes&#8221; style_images=&#8221;yes&#8221; css=&#8221;.vc_custom_1507132138588{background-image: url(https:\/\/www.playadorada.es\/wp-content\/uploads\/2014\/09\/Sa-Coma-Playa.jpg?id=3355) !important;background-position: center;background-repeat: no-repeat !important;background-size: cover !important;}&#8221; parallax_offset=&#8221;150&#8243; layer_1=&#8221;3340&#8243; layer_2=&#8221;3343&#8243; layer_3=&#8221;3346&#8243; layer_1_ratio=&#8221;1.25123&#8243; layer_2_ratio=&#8221;0.94456456&#8243; layer_3_ratio=&#8221;1.111111&#8243; layer_1_vertical=&#8221;top: 80%&#8221; layer_1_horizontal=&#8221;left: 17%&#8221; layer_2_vertical=&#8221;top: 25%&#8221; layer_2_horizontal=&#8221;left: 24%&#8221; layer_3_vertical=&#8221;top: -10%&#8221; layer_3_horizontal=&#8221;left: 12%&#8221; layer_1_z=&#8221;1&#8243; layer_2_z=&#8221;0&#8243; layer_3_z=&#8221;1&#8243; el_class=&#8221;content-padding-xxl&#8221;][vc_column width=&#8221;1\/2&#8243; offset=&#8221;vc_col-sm-offset-6&#8243;][vc_column_text]<\/p>\n<h2><small>\u00c9lvezze a term\u00e9szet var\u00e1zslatos vil\u00e1g\u00e1t <\/small>SA COMA-ban \u00e9s SA PUNTA DE N\u2019AMER-ben!<\/h2>\n<p>Sa Coma-t\u00f3l mind\u00f6ssze 5 km-re tal\u00e1lhat\u00f3 a b\u00e1jos hal\u00e1szfalu, Porto Cristo.<br \/>\nSa Coma a 80-as \u00e9vek \u00f3ta kedvelt lak\u00f3- \u00e9s \u00fcd\u00fcl\u0151\u00f6vezet. A strandot sz\u00e9les, finom feh\u00e9r homokos tengerpart, krist\u00e1lytiszta, t\u00fcrkizk\u00e9k v\u00edz, \u00e9s neptunf\u0171 mez\u0151k jellemzik. De ez m\u00e9g nem minden! L\u00e1thatunk delfineket, b\u00fav\u00e1rkodhatunk \u00e9s sz\u00f6rf\u00f6zhet\u00fcnk is.<\/p>\n<p>Punta de n\u2019Amer egy kb. 200 hekt\u00e1ron elter\u00fcl\u0151 szikl\u00e1s f\u00e9lsziget, amely Sa Coma \u00e9s Cala Millor strandjait v\u00e1lasztja el egym\u00e1st\u00f3l. 1991-ben term\u00e9szetv\u00e9delmi ter\u00fclett\u00e9 nyilv\u00e1n\u00edtott\u00e1k term\u00e9szeti, kultur\u00e1lis \u00e9s t\u00f6rt\u00e9nelmi \u00e9rt\u00e9kei miatt. Itt tal\u00e1lhat\u00f3 a n\u00e9gyzet alap\u00fa \u0151rtorony (Es Castell), amely eg\u00e9sz \u00e9vben nyitva \u00e1ll a l\u00e1togat\u00f3k el\u0151tt.<\/p>\n<p>Punta de n\u2019Amer egy kb. 200 hekt\u00e1ron elter\u00fcl\u0151 szikl\u00e1s f\u00e9lsziget, amely Sa Coma \u00e9s Cala Millor strandjait v\u00e1lasztja el egym\u00e1st\u00f3l. 1991-ben term\u00e9szetv\u00e9delmi ter\u00fclett\u00e9 nyilv\u00e1n\u00edtott\u00e1k term\u00e9szeti, kultur\u00e1lis \u00e9s t\u00f6rt\u00e9nelmi \u00e9rt\u00e9kei miatt. Itt tal\u00e1lhat\u00f3 a n\u00e9gyzet alap\u00fa \u0151rtorony (Es Castell), amely eg\u00e9sz \u00e9vben nyitva \u00e1ll a l\u00e1togat\u00f3k el\u0151tt.[\/vc_column_text][\/vc_column][\/vc_row][vc_row][vc_column]<h2 class=\"text-center\"><small>Hol sz\u00e1lljunk meg<\/small>Szob\u00e1k t\u00edpusai<\/h2><div class='services-carousel ' data-owl-items='3' data-owl-nav='false' data-owl-nav-text='[]' data-owl-loop='true' data-owl-autoplay='true' data-owl-speed='2000' data-owl-hover='true' data-owl-mobile='1' data-owl-tablet='2' data-owl-dots='false'><div class='item'><a href=\"\/hu\/rooms\/habitacion-doble\/\" target=\"_self\" class=\"link-image\" title=\"K\u00e9t\u00e1gyas szoba\"><img width=\"750\" height=\"500\" src=\"https:\/\/www.playadorada.es\/wp-content\/uploads\/2015\/07\/Habitacion-Doble.jpg\" class=\"attachment-large size-large\" alt=\"Habitaci\u00f3n Doble\" loading=\"lazy\" srcset=\"https:\/\/www.playadorada.es\/wp-content\/uploads\/2015\/07\/Habitacion-Doble.jpg 768w, https:\/\/www.playadorada.es\/wp-content\/uploads\/2015\/07\/Habitacion-Doble-300x200.jpg 300w\" sizes=\"(max-width: 750px) 100vw, 750px\" \/><\/a><div class=\"item-content\"><h4><a href=\"\/hu\/rooms\/habitacion-doble\/\" target=\"_self\">K\u00e9t\u00e1gyas szoba<\/a><\/h4><p>Ez a szobat\u00edpus ide\u00e1lis gyermek n\u00e9lk\u00fcli p\u00e1rok sz\u00e1m\u00e1ra. Minden k\u00e9t\u00e1gyas szoba a tengerre n\u00e9z.<\/p><\/div><\/div><div class='item'><a href=\"\/hu\/rooms\/estudio\/\" target=\"_self\" class=\"link-image\" title=\"St\u00fadi\u00f3k\"><img width=\"750\" height=\"500\" src=\"https:\/\/www.playadorada.es\/wp-content\/uploads\/2015\/07\/Estudio.jpg\" class=\"attachment-large size-large\" alt=\"Estudio\" loading=\"lazy\" srcset=\"https:\/\/www.playadorada.es\/wp-content\/uploads\/2015\/07\/Estudio.jpg 768w, https:\/\/www.playadorada.es\/wp-content\/uploads\/2015\/07\/Estudio-300x200.jpg 300w\" sizes=\"(max-width: 750px) 100vw, 750px\" \/><\/a><div class=\"item-content\"><h4><a href=\"\/hu\/rooms\/estudio\/\" target=\"_self\">St\u00fadi\u00f3k<\/a><\/h4><p>Ez a szobat\u00edpus ide\u00e1lis egy gyermekes vagy csecsem\u0151s p\u00e1r sz\u00e1m\u00e1ra.<\/p><\/div><\/div><div class='item'><a href=\"\/hu\/rooms\/apartamento\/\" target=\"_self\" class=\"link-image\" title=\"Apartmanok\"><img width=\"750\" height=\"500\" src=\"https:\/\/www.playadorada.es\/wp-content\/uploads\/2015\/07\/Apartamento-Salon.jpg\" class=\"attachment-large size-large\" alt=\"Apartamento Sal\u00f3n\" loading=\"lazy\" srcset=\"https:\/\/www.playadorada.es\/wp-content\/uploads\/2015\/07\/Apartamento-Salon.jpg 768w, https:\/\/www.playadorada.es\/wp-content\/uploads\/2015\/07\/Apartamento-Salon-300x200.jpg 300w\" sizes=\"(max-width: 750px) 100vw, 750px\" \/><\/a><div class=\"item-content\"><h4><a href=\"\/hu\/rooms\/apartamento\/\" target=\"_self\">Apartmanok<\/a><\/h4><p>Ez a szobat\u00edpus ide\u00e1lis egy k\u00e9tgyermekes p\u00e1r vagy egy gyermek \u00e9s egy csecsem\u0151 sz\u00e1m\u00e1ra.<\/p><\/div><\/div><\/div>[\/vc_column][\/vc_row]<\/p>\n","protected":false},"excerpt":{"rendered":"<p>[vc_row full_width=&#8221;stretch_row&#8221; css=&#8221;.vc_custom_1436823427497{padding-top: 2.8rem !important;padding-bottom: 2.8rem !important;background-color: #f0f1f2 !important;}&#8221;][vc_column][vc_btn title=&#8221;Online foglal\u00e1s&#8221; color=&#8221;blue&#8221; align=&#8221;center&#8221; button_block=&#8221;true&#8221; link=&#8221;url:https%3A%2F%2Freservas.playadorada.es%2F%3Flang%3Den|target:_blank&#8221;][\/vc_column][\/vc_row][vc_row][vc_column width=&#8221;2\/3&#8243; offset=&#8221;vc_col-sm-offset-2&#8243;][vc_column_text] \u00a0\u00dcdv\u00f6z\u00f6lj\u00fck az APARTHOTEL [&hellip;]<\/p>\n","protected":false},"author":1,"featured_media":0,"parent":0,"menu_order":0,"comment_status":"closed","ping_status":"closed","template":"","meta":[],"yoast_head":"<!-- This site is optimized with the Yoast SEO plugin v18.3 - https:\/\/yoast.com\/wordpress\/plugins\/seo\/ -->\n<title>Aparthotel Playa Dorada - Sa Coma - Mallorca - All inclusive<\/title>\n<meta name=\"description\" content=\"AAparthotel Playa Dorada, a legjobb v\u00e1laszt\u00e1s nyaral\u00e1s\u00e1hoz Sa Com\u00e1ban, Mallorc\u00e1n. All inclusive szolg\u00e1ltat\u00e1sunk ide\u00e1lis gyermekes vagy gyermek n\u00e9lk\u00fcli csal\u00e1dok sz\u00e1m\u00e1ra\" \/>\n<meta name=\"robots\" content=\"index, follow, max-snippet:-1, max-image-preview:large, max-video-preview:-1\" \/>\n<link rel=\"canonical\" href=\"https:\/\/www.playadorada.es\/hu\/\" \/>\n<meta property=\"og:locale\" content=\"hu_HU\" \/>\n<meta property=\"og:type\" content=\"article\" \/>\n<meta property=\"og:title\" content=\"Aparthotel Playa Dorada - Sa Coma - Mallorca - All inclusive\" \/>\n<meta property=\"og:description\" content=\"AAparthotel Playa Dorada, a legjobb v\u00e1laszt\u00e1s nyaral\u00e1s\u00e1hoz Sa Com\u00e1ban, Mallorc\u00e1n. All inclusive szolg\u00e1ltat\u00e1sunk ide\u00e1lis gyermekes vagy gyermek n\u00e9lk\u00fcli csal\u00e1dok sz\u00e1m\u00e1ra\" \/>\n<meta property=\"og:url\" content=\"https:\/\/www.playadorada.es\/hu\/\" \/>\n<meta property=\"og:site_name\" content=\"Playa Dorada\" \/>\n<meta property=\"article:modified_time\" content=\"2025-02-04T15:48:22+00:00\" \/>\n<meta name=\"twitter:card\" content=\"summary\" \/>\n<meta name=\"twitter:label1\" content=\"Becs\u00fclt olvas\u00e1si id\u0151\" \/>\n\t<meta name=\"twitter:data1\" content=\"2 perc\" \/>\n<script type=\"application\/ld+json\" class=\"yoast-schema-graph\">{\"@context\":\"https:\/\/schema.org\",\"@graph\":[{\"@type\":\"WebSite\",\"@id\":\"https:\/\/www.playadorada.es\/es\/#website\",\"url\":\"https:\/\/www.playadorada.es\/es\/\",\"name\":\"Playa Dorada\",\"description\":\"Otro sitio realizado con WordPress\",\"potentialAction\":[{\"@type\":\"SearchAction\",\"target\":{\"@type\":\"EntryPoint\",\"urlTemplate\":\"https:\/\/www.playadorada.es\/es\/?s={search_term_string}\"},\"query-input\":\"required name=search_term_string\"}],\"inLanguage\":\"hu\"},{\"@type\":\"WebPage\",\"@id\":\"https:\/\/www.playadorada.es\/hu\/#webpage\",\"url\":\"https:\/\/www.playadorada.es\/hu\/\",\"name\":\"Aparthotel Playa Dorada - Sa Coma - Mallorca - All inclusive\",\"isPartOf\":{\"@id\":\"https:\/\/www.playadorada.es\/es\/#website\"},\"datePublished\":\"2014-09-14T08:54:12+00:00\",\"dateModified\":\"2025-02-04T15:48:22+00:00\",\"description\":\"AAparthotel Playa Dorada, a legjobb v\u00e1laszt\u00e1s nyaral\u00e1s\u00e1hoz Sa Com\u00e1ban, Mallorc\u00e1n. All inclusive szolg\u00e1ltat\u00e1sunk ide\u00e1lis gyermekes vagy gyermek n\u00e9lk\u00fcli csal\u00e1dok sz\u00e1m\u00e1ra\",\"breadcrumb\":{\"@id\":\"https:\/\/www.playadorada.es\/hu\/#breadcrumb\"},\"inLanguage\":\"hu\",\"potentialAction\":[{\"@type\":\"ReadAction\",\"target\":[\"https:\/\/www.playadorada.es\/hu\/\"]}]},{\"@type\":\"BreadcrumbList\",\"@id\":\"https:\/\/www.playadorada.es\/hu\/#breadcrumb\",\"itemListElement\":[{\"@type\":\"ListItem\",\"position\":1,\"name\":\"Portada\",\"item\":\"https:\/\/www.playadorada.es\/hu\/\"},{\"@type\":\"ListItem\",\"position\":2,\"name\":\"Home\"}]}]}<\/script>\n<!-- \/ Yoast SEO plugin. -->","yoast_head_json":{"title":"Aparthotel Playa Dorada - Sa Coma - Mallorca - All inclusive","description":"AAparthotel Playa Dorada, a legjobb v\u00e1laszt\u00e1s nyaral\u00e1s\u00e1hoz Sa Com\u00e1ban, Mallorc\u00e1n. All inclusive szolg\u00e1ltat\u00e1sunk ide\u00e1lis gyermekes vagy gyermek n\u00e9lk\u00fcli csal\u00e1dok sz\u00e1m\u00e1ra","robots":{"index":"index","follow":"follow","max-snippet":"max-snippet:-1","max-image-preview":"max-image-preview:large","max-video-preview":"max-video-preview:-1"},"canonical":"https:\/\/www.playadorada.es\/hu\/","og_locale":"hu_HU","og_type":"article","og_title":"Aparthotel Playa Dorada - Sa Coma - Mallorca - All inclusive","og_description":"AAparthotel Playa Dorada, a legjobb v\u00e1laszt\u00e1s nyaral\u00e1s\u00e1hoz Sa Com\u00e1ban, Mallorc\u00e1n. All inclusive szolg\u00e1ltat\u00e1sunk ide\u00e1lis gyermekes vagy gyermek n\u00e9lk\u00fcli csal\u00e1dok sz\u00e1m\u00e1ra","og_url":"https:\/\/www.playadorada.es\/hu\/","og_site_name":"Playa Dorada","article_modified_time":"2025-02-04T15:48:22+00:00","twitter_card":"summary","twitter_misc":{"Becs\u00fclt olvas\u00e1si id\u0151":"2 perc"},"schema":{"@context":"https:\/\/schema.org","@graph":[{"@type":"WebSite","@id":"https:\/\/www.playadorada.es\/es\/#website","url":"https:\/\/www.playadorada.es\/es\/","name":"Playa Dorada","description":"Otro sitio realizado con WordPress","potentialAction":[{"@type":"SearchAction","target":{"@type":"EntryPoint","urlTemplate":"https:\/\/www.playadorada.es\/es\/?s={search_term_string}"},"query-input":"required name=search_term_string"}],"inLanguage":"hu"},{"@type":"WebPage","@id":"https:\/\/www.playadorada.es\/hu\/#webpage","url":"https:\/\/www.playadorada.es\/hu\/","name":"Aparthotel Playa Dorada - Sa Coma - Mallorca - All inclusive","isPartOf":{"@id":"https:\/\/www.playadorada.es\/es\/#website"},"datePublished":"2014-09-14T08:54:12+00:00","dateModified":"2025-02-04T15:48:22+00:00","description":"AAparthotel Playa Dorada, a legjobb v\u00e1laszt\u00e1s nyaral\u00e1s\u00e1hoz Sa Com\u00e1ban, Mallorc\u00e1n. All inclusive szolg\u00e1ltat\u00e1sunk ide\u00e1lis gyermekes vagy gyermek n\u00e9lk\u00fcli csal\u00e1dok sz\u00e1m\u00e1ra","breadcrumb":{"@id":"https:\/\/www.playadorada.es\/hu\/#breadcrumb"},"inLanguage":"hu","potentialAction":[{"@type":"ReadAction","target":["https:\/\/www.playadorada.es\/hu\/"]}]},{"@type":"BreadcrumbList","@id":"https:\/\/www.playadorada.es\/hu\/#breadcrumb","itemListElement":[{"@type":"ListItem","position":1,"name":"Portada","item":"https:\/\/www.playadorada.es\/hu\/"},{"@type":"ListItem","position":2,"name":"Home"}]}]}},"_links":{"self":[{"href":"https:\/\/www.playadorada.es\/hu\/wp-json\/wp\/v2\/pages\/25404"}],"collection":[{"href":"https:\/\/www.playadorada.es\/hu\/wp-json\/wp\/v2\/pages"}],"about":[{"href":"https:\/\/www.playadorada.es\/hu\/wp-json\/wp\/v2\/types\/page"}],"author":[{"embeddable":true,"href":"https:\/\/www.playadorada.es\/hu\/wp-json\/wp\/v2\/users\/1"}],"replies":[{"embeddable":true,"href":"https:\/\/www.playadorada.es\/hu\/wp-json\/wp\/v2\/comments?post=25404"}],"version-history":[{"count":4,"href":"https:\/\/www.playadorada.es\/hu\/wp-json\/wp\/v2\/pages\/25404\/revisions"}],"predecessor-version":[{"id":25425,"href":"https:\/\/www.playadorada.es\/hu\/wp-json\/wp\/v2\/pages\/25404\/revisions\/25425"}],"wp:attachment":[{"href":"https:\/\/www.playadorada.es\/hu\/wp-json\/wp\/v2\/media?parent=25404"}],"curies":[{"name":"wp","href":"https:\/\/api.w.org\/{rel}","templated":true}]}}