{"id":25422,"date":"2017-10-05T14:56:07","date_gmt":"2017-10-05T14:56:07","guid":{"rendered":"https:\/\/www.playadorada.es\/habitaciones\/"},"modified":"2025-02-04T15:54:12","modified_gmt":"2025-02-04T15:54:12","slug":"habitaciones","status":"publish","type":"page","link":"https:\/\/www.playadorada.es\/hu\/habitaciones\/","title":{"rendered":"Szobat\u00edpusok"},"content":{"rendered":"<p>[vc_row][vc_column][vc_row_inner][vc_column_inner width=&#8221;1\/3&#8243;][vc_single_image image=&#8221;3360&#8243; img_size=&#8221;medium&#8221; alignment=&#8221;center&#8221; onclick=&#8221;custom_link&#8221; title=&#8221;K\u00e9t\u00e1gyas szoba&#8221; link=&#8221;\/hu\/rooms\/habitacion-doble\/&#8221;][\/vc_column_inner][vc_column_inner width=&#8221;1\/3&#8243;][vc_single_image image=&#8221;3367&#8243; img_size=&#8221;medium&#8221; alignment=&#8221;center&#8221; onclick=&#8221;custom_link&#8221; title=&#8221;St\u00fadi\u00f3&#8221; link=&#8221;\/hu\/rooms\/estudio\/&#8221;][\/vc_column_inner][vc_column_inner width=&#8221;1\/3&#8243;][vc_single_image image=&#8221;3374&#8243; img_size=&#8221;medium&#8221; alignment=&#8221;center&#8221; onclick=&#8221;custom_link&#8221; title=&#8221;Apartman&#8221; link=&#8221;\/hu\/rooms\/apartamento\/&#8221;][\/vc_column_inner][vc_column_inner][vc_btn title=&#8221;Online foglal\u00e1s&#8221; color=&#8221;blue&#8221; align=&#8221;center&#8221; button_block=&#8221;true&#8221; link=&#8221;url:https%3A%2F%2Freservas.playadorada.es%2F%3Flang%3Den|target:_blank&#8221;][\/vc_column_inner][\/vc_row_inner][vc_column_text]<\/p>\n<p class=\"lead\" style=\"text-align: center;\">Tekintse meg szobat\u00edpusainkat \u00e9s foglaljon online<\/p>\n<p style=\"text-align: center;\"><img loading=\"lazy\" class=\"alignnone wp-image-3374 size-full\" src=\"https:\/\/www.playadorada.es\/wp-content\/uploads\/2015\/07\/Apartamento-Salon.jpg\" alt=\"Apartamento Sal\u00f3n\" width=\"768\" height=\"512\" srcset=\"https:\/\/www.playadorada.es\/wp-content\/uploads\/2015\/07\/Apartamento-Salon.jpg 768w, https:\/\/www.playadorada.es\/wp-content\/uploads\/2015\/07\/Apartamento-Salon-300x200.jpg 300w\" sizes=\"(max-width: 768px) 100vw, 768px\" \/><\/p>\n<p>[\/vc_column_text][\/vc_column][\/vc_row]<\/p>\n","protected":false},"excerpt":{"rendered":"<p>[vc_row][vc_column][vc_row_inner][vc_column_inner width=&#8221;1\/3&#8243;][vc_single_image image=&#8221;3360&#8243; img_size=&#8221;medium&#8221; alignment=&#8221;center&#8221; onclick=&#8221;custom_link&#8221; title=&#8221;K\u00e9t\u00e1gyas szoba&#8221; link=&#8221;\/hu\/rooms\/habitacion-doble\/&#8221;][\/vc_column_inner][vc_column_inner width=&#8221;1\/3&#8243;][vc_single_image image=&#8221;3367&#8243; img_size=&#8221;medium&#8221; alignment=&#8221;center&#8221; onclick=&#8221;custom_link&#8221; title=&#8221;St\u00fadi\u00f3&#8221; link=&#8221;\/hu\/rooms\/estudio\/&#8221;][\/vc_column_inner][vc_column_inner width=&#8221;1\/3&#8243;][vc_single_image image=&#8221;3374&#8243; img_size=&#8221;medium&#8221; alignment=&#8221;center&#8221; [&hellip;]<\/p>\n","protected":false},"author":1,"featured_media":0,"parent":0,"menu_order":0,"comment_status":"closed","ping_status":"closed","template":"","meta":[],"yoast_head":"<!-- This site is optimized with the Yoast SEO plugin v18.3 - https:\/\/yoast.com\/wordpress\/plugins\/seo\/ -->\n<title>Szob\u00e1k aparthotel Playa Dorada en Sa Coma, Mallorca<\/title>\n<meta name=\"description\" content=\"Tekintse meg szobat\u00edpusainkat (k\u00e9t\u00e1gyas szob\u00e1k, st\u00fadi\u00f3k vagy apartmanok), \u00e9s foglalja le online a legjobb \u00e1rakat Sa Com\u00e1ban, Mallorc\u00e1n\" \/>\n<meta name=\"robots\" content=\"index, follow, max-snippet:-1, max-image-preview:large, max-video-preview:-1\" \/>\n<link rel=\"canonical\" href=\"https:\/\/www.playadorada.es\/hu\/habitaciones\/\" \/>\n<meta property=\"og:locale\" content=\"hu_HU\" \/>\n<meta property=\"og:type\" content=\"article\" \/>\n<meta property=\"og:title\" content=\"Szob\u00e1k aparthotel Playa Dorada en Sa Coma, Mallorca\" \/>\n<meta property=\"og:description\" content=\"Tekintse meg szobat\u00edpusainkat (k\u00e9t\u00e1gyas szob\u00e1k, st\u00fadi\u00f3k vagy apartmanok), \u00e9s foglalja le online a legjobb \u00e1rakat Sa Com\u00e1ban, Mallorc\u00e1n\" \/>\n<meta property=\"og:url\" content=\"https:\/\/www.playadorada.es\/hu\/habitaciones\/\" \/>\n<meta property=\"og:site_name\" content=\"Playa Dorada\" \/>\n<meta property=\"article:modified_time\" content=\"2025-02-04T15:54:12+00:00\" \/>\n<meta property=\"og:image\" content=\"https:\/\/www.playadorada.es\/wp-content\/uploads\/2015\/07\/Apartamento-Salon.jpg\" \/>\n<meta name=\"twitter:card\" content=\"summary\" \/>\n<meta name=\"twitter:label1\" content=\"Becs\u00fclt olvas\u00e1si id\u0151\" \/>\n\t<meta name=\"twitter:data1\" content=\"1 perc\" \/>\n<script type=\"application\/ld+json\" class=\"yoast-schema-graph\">{\"@context\":\"https:\/\/schema.org\",\"@graph\":[{\"@type\":\"WebSite\",\"@id\":\"https:\/\/www.playadorada.es\/es\/#website\",\"url\":\"https:\/\/www.playadorada.es\/es\/\",\"name\":\"Playa Dorada\",\"description\":\"Otro sitio realizado con WordPress\",\"potentialAction\":[{\"@type\":\"SearchAction\",\"target\":{\"@type\":\"EntryPoint\",\"urlTemplate\":\"https:\/\/www.playadorada.es\/es\/?s={search_term_string}\"},\"query-input\":\"required name=search_term_string\"}],\"inLanguage\":\"hu\"},{\"@type\":\"ImageObject\",\"@id\":\"https:\/\/www.playadorada.es\/hu\/habitaciones\/#primaryimage\",\"inLanguage\":\"hu\",\"url\":\"https:\/\/www.playadorada.es\/wp-content\/uploads\/2015\/07\/Apartamento-Salon.jpg\",\"contentUrl\":\"https:\/\/www.playadorada.es\/wp-content\/uploads\/2015\/07\/Apartamento-Salon.jpg\",\"width\":768,\"height\":512,\"caption\":\"Apartamento Sal\u00f3n\"},{\"@type\":\"WebPage\",\"@id\":\"https:\/\/www.playadorada.es\/hu\/habitaciones\/#webpage\",\"url\":\"https:\/\/www.playadorada.es\/hu\/habitaciones\/\",\"name\":\"Szob\u00e1k aparthotel Playa Dorada en Sa Coma, Mallorca\",\"isPartOf\":{\"@id\":\"https:\/\/www.playadorada.es\/es\/#website\"},\"primaryImageOfPage\":{\"@id\":\"https:\/\/www.playadorada.es\/hu\/habitaciones\/#primaryimage\"},\"datePublished\":\"2017-10-05T14:56:07+00:00\",\"dateModified\":\"2025-02-04T15:54:12+00:00\",\"description\":\"Tekintse meg szobat\u00edpusainkat (k\u00e9t\u00e1gyas szob\u00e1k, st\u00fadi\u00f3k vagy apartmanok), \u00e9s foglalja le online a legjobb \u00e1rakat Sa Com\u00e1ban, Mallorc\u00e1n\",\"breadcrumb\":{\"@id\":\"https:\/\/www.playadorada.es\/hu\/habitaciones\/#breadcrumb\"},\"inLanguage\":\"hu\",\"potentialAction\":[{\"@type\":\"ReadAction\",\"target\":[\"https:\/\/www.playadorada.es\/hu\/habitaciones\/\"]}]},{\"@type\":\"BreadcrumbList\",\"@id\":\"https:\/\/www.playadorada.es\/hu\/habitaciones\/#breadcrumb\",\"itemListElement\":[{\"@type\":\"ListItem\",\"position\":1,\"name\":\"Portada\",\"item\":\"https:\/\/www.playadorada.es\/hu\/\"},{\"@type\":\"ListItem\",\"position\":2,\"name\":\"Szobat\u00edpusok\"}]}]}<\/script>\n<!-- \/ Yoast SEO plugin. -->","yoast_head_json":{"title":"Szob\u00e1k aparthotel Playa Dorada en Sa Coma, Mallorca","description":"Tekintse meg szobat\u00edpusainkat (k\u00e9t\u00e1gyas szob\u00e1k, st\u00fadi\u00f3k vagy apartmanok), \u00e9s foglalja le online a legjobb \u00e1rakat Sa Com\u00e1ban, Mallorc\u00e1n","robots":{"index":"index","follow":"follow","max-snippet":"max-snippet:-1","max-image-preview":"max-image-preview:large","max-video-preview":"max-video-preview:-1"},"canonical":"https:\/\/www.playadorada.es\/hu\/habitaciones\/","og_locale":"hu_HU","og_type":"article","og_title":"Szob\u00e1k aparthotel Playa Dorada en Sa Coma, Mallorca","og_description":"Tekintse meg szobat\u00edpusainkat (k\u00e9t\u00e1gyas szob\u00e1k, st\u00fadi\u00f3k vagy apartmanok), \u00e9s foglalja le online a legjobb \u00e1rakat Sa Com\u00e1ban, Mallorc\u00e1n","og_url":"https:\/\/www.playadorada.es\/hu\/habitaciones\/","og_site_name":"Playa Dorada","article_modified_time":"2025-02-04T15:54:12+00:00","og_image":[{"url":"https:\/\/www.playadorada.es\/wp-content\/uploads\/2015\/07\/Apartamento-Salon.jpg"}],"twitter_card":"summary","twitter_misc":{"Becs\u00fclt olvas\u00e1si id\u0151":"1 perc"},"schema":{"@context":"https:\/\/schema.org","@graph":[{"@type":"WebSite","@id":"https:\/\/www.playadorada.es\/es\/#website","url":"https:\/\/www.playadorada.es\/es\/","name":"Playa Dorada","description":"Otro sitio realizado con WordPress","potentialAction":[{"@type":"SearchAction","target":{"@type":"EntryPoint","urlTemplate":"https:\/\/www.playadorada.es\/es\/?s={search_term_string}"},"query-input":"required name=search_term_string"}],"inLanguage":"hu"},{"@type":"ImageObject","@id":"https:\/\/www.playadorada.es\/hu\/habitaciones\/#primaryimage","inLanguage":"hu","url":"https:\/\/www.playadorada.es\/wp-content\/uploads\/2015\/07\/Apartamento-Salon.jpg","contentUrl":"https:\/\/www.playadorada.es\/wp-content\/uploads\/2015\/07\/Apartamento-Salon.jpg","width":768,"height":512,"caption":"Apartamento Sal\u00f3n"},{"@type":"WebPage","@id":"https:\/\/www.playadorada.es\/hu\/habitaciones\/#webpage","url":"https:\/\/www.playadorada.es\/hu\/habitaciones\/","name":"Szob\u00e1k aparthotel Playa Dorada en Sa Coma, Mallorca","isPartOf":{"@id":"https:\/\/www.playadorada.es\/es\/#website"},"primaryImageOfPage":{"@id":"https:\/\/www.playadorada.es\/hu\/habitaciones\/#primaryimage"},"datePublished":"2017-10-05T14:56:07+00:00","dateModified":"2025-02-04T15:54:12+00:00","description":"Tekintse meg szobat\u00edpusainkat (k\u00e9t\u00e1gyas szob\u00e1k, st\u00fadi\u00f3k vagy apartmanok), \u00e9s foglalja le online a legjobb \u00e1rakat Sa Com\u00e1ban, Mallorc\u00e1n","breadcrumb":{"@id":"https:\/\/www.playadorada.es\/hu\/habitaciones\/#breadcrumb"},"inLanguage":"hu","potentialAction":[{"@type":"ReadAction","target":["https:\/\/www.playadorada.es\/hu\/habitaciones\/"]}]},{"@type":"BreadcrumbList","@id":"https:\/\/www.playadorada.es\/hu\/habitaciones\/#breadcrumb","itemListElement":[{"@type":"ListItem","position":1,"name":"Portada","item":"https:\/\/www.playadorada.es\/hu\/"},{"@type":"ListItem","position":2,"name":"Szobat\u00edpusok"}]}]}},"_links":{"self":[{"href":"https:\/\/www.playadorada.es\/hu\/wp-json\/wp\/v2\/pages\/25422"}],"collection":[{"href":"https:\/\/www.playadorada.es\/hu\/wp-json\/wp\/v2\/pages"}],"about":[{"href":"https:\/\/www.playadorada.es\/hu\/wp-json\/wp\/v2\/types\/page"}],"author":[{"embeddable":true,"href":"https:\/\/www.playadorada.es\/hu\/wp-json\/wp\/v2\/users\/1"}],"replies":[{"embeddable":true,"href":"https:\/\/www.playadorada.es\/hu\/wp-json\/wp\/v2\/comments?post=25422"}],"version-history":[{"count":3,"href":"https:\/\/www.playadorada.es\/hu\/wp-json\/wp\/v2\/pages\/25422\/revisions"}],"predecessor-version":[{"id":25427,"href":"https:\/\/www.playadorada.es\/hu\/wp-json\/wp\/v2\/pages\/25422\/revisions\/25427"}],"wp:attachment":[{"href":"https:\/\/www.playadorada.es\/hu\/wp-json\/wp\/v2\/media?parent=25422"}],"curies":[{"name":"wp","href":"https:\/\/api.w.org\/{rel}","templated":true}]}}