{"id":25498,"date":"2014-09-14T09:20:26","date_gmt":"2014-09-14T09:20:26","guid":{"rendered":"https:\/\/www.playadorada.es\/contacto\/"},"modified":"2025-02-04T17:26:40","modified_gmt":"2025-02-04T17:26:40","slug":"contacto","status":"publish","type":"page","link":"https:\/\/www.playadorada.es\/hu\/contacto\/","title":{"rendered":"Kapcsolat"},"content":{"rendered":"<p>[vc_row][vc_column width=&#8221;7\/12&#8243;][vc_column_text]<div role=\"form\" class=\"wpcf7\" id=\"wpcf7-f25497-o1\" lang=\"es-ES\" dir=\"ltr\">\n<div class=\"screen-reader-response\"><p role=\"status\" aria-live=\"polite\" aria-atomic=\"true\"><\/p> <ul><\/ul><\/div>\n<form action=\"\/hu\/wp-json\/wp\/v2\/pages\/25498#wpcf7-f25497-o1\" method=\"post\" class=\"wpcf7-form init\" novalidate=\"novalidate\" data-status=\"init\">\n<div style=\"display: none;\">\n<input type=\"hidden\" name=\"_wpcf7\" value=\"25497\" \/>\n<input type=\"hidden\" name=\"_wpcf7_version\" value=\"5.5.6\" \/>\n<input type=\"hidden\" name=\"_wpcf7_locale\" value=\"es_ES\" \/>\n<input type=\"hidden\" name=\"_wpcf7_unit_tag\" value=\"wpcf7-f25497-o1\" \/>\n<input type=\"hidden\" name=\"_wpcf7_container_post\" value=\"0\" \/>\n<input type=\"hidden\" name=\"_wpcf7_posted_data_hash\" value=\"\" \/>\n<\/div>\n<p><label> N\u00e9v * (k\u00f6telez\u0151)<br \/>\n    <span class=\"wpcf7-form-control-wrap your-name\"><input type=\"text\" name=\"your-name\" value=\"\" size=\"40\" class=\"wpcf7-form-control wpcf7-text wpcf7-validates-as-required\" aria-required=\"true\" aria-invalid=\"false\" \/><\/span> <\/label><\/p>\n<p><label> Email* (k\u00f6telez\u0151)<br \/>\n    <span class=\"wpcf7-form-control-wrap your-email\"><input type=\"email\" name=\"your-email\" value=\"\" size=\"40\" class=\"wpcf7-form-control wpcf7-text wpcf7-email wpcf7-validates-as-required wpcf7-validates-as-email\" aria-required=\"true\" aria-invalid=\"false\" \/><\/span> <\/label><\/p>\n<p><label> \u00dczenet* (k\u00f6telez\u0151)<br \/>\n    <span class=\"wpcf7-form-control-wrap your-message\"><textarea name=\"your-message\" cols=\"40\" rows=\"10\" class=\"wpcf7-form-control wpcf7-textarea wpcf7-validates-as-required\" aria-required=\"true\" aria-invalid=\"false\"><\/textarea><\/span> <\/label><br \/>\n<div id=\"cf7sr-69ea50c29d46b\" class=\"cf7sr-g-recaptcha\" data-sitekey=\"6LdbMf0UAAAAAOGEui_AMw9mfwDiq-n2yIa6Bjy8\"><\/div><span class=\"wpcf7-form-control-wrap cf7sr-recaptcha\"><input type=\"hidden\" name=\"cf7sr-recaptcha\" value=\"\" class=\"wpcf7-form-control\"><\/span><br \/>\n<input type=\"submit\" value=\"K\u00fcld\u00e9s\" class=\"wpcf7-form-control has-spinner wpcf7-submit\" \/><\/p>\n<div class=\"wpcf7-response-output\" aria-hidden=\"true\"><\/div><\/form><\/div>[\/vc_column_text][\/vc_column][vc_column width=&#8221;1\/3&#8243; offset=&#8221;vc_col-sm-offset-1&#8243;][vc_column_text]<\/p>\n<h3>Kapcsolat<\/h3>\n<p>Keressen minket k\u00e9rd\u00e9seivel, \u00f6r\u00f6mmel \u00e1llunk rendelkez\u00e9s\u00e9re![\/vc_column_text]<div class=\"person-mini\"><img src=\"\" alt=\"\" \/><strong>Foglal\u00e1sok<\/strong><br>(+34) 971 810308<br>reservas@playadorada.es<\/div>[\/vc_column][\/vc_row]<\/p>\n","protected":false},"excerpt":{"rendered":"<p>[vc_row][vc_column width=&#8221;7\/12&#8243;][vc_column_text][\/vc_column_text][\/vc_column][vc_column width=&#8221;1\/3&#8243; offset=&#8221;vc_col-sm-offset-1&#8243;][vc_column_text] Kapcsolat Keressen minket k\u00e9rd\u00e9seivel, \u00f6r\u00f6mmel \u00e1llunk rendelkez\u00e9s\u00e9re![\/vc_column_text][\/vc_column][\/vc_row]<\/p>\n","protected":false},"author":1,"featured_media":0,"parent":0,"menu_order":0,"comment_status":"closed","ping_status":"open","template":"page-templates\/contact.php","meta":[],"yoast_head":"<!-- This site is optimized with the Yoast SEO plugin v18.3 - https:\/\/yoast.com\/wordpress\/plugins\/seo\/ -->\n<title>Kapcsolat - Aparthotel Playa Dorada<\/title>\n<meta name=\"description\" content=\"B\u00e1rmilyen k\u00e9rd\u00e9s eset\u00e9n forduljon hozz\u00e1nk. Az Aparthotel Playa Dorada csapata k\u00e9szs\u00e9ggel seg\u00edt \u00d6nnek a k\u00e9r\u00e9sek teljes\u00edt\u00e9s\u00e9ben.\" \/>\n<meta name=\"robots\" content=\"index, follow, max-snippet:-1, max-image-preview:large, max-video-preview:-1\" \/>\n<link rel=\"canonical\" href=\"https:\/\/www.playadorada.es\/hu\/contacto\/\" \/>\n<meta property=\"og:locale\" content=\"hu_HU\" \/>\n<meta property=\"og:type\" content=\"article\" \/>\n<meta property=\"og:title\" content=\"Kapcsolat - Aparthotel Playa Dorada\" \/>\n<meta property=\"og:description\" content=\"B\u00e1rmilyen k\u00e9rd\u00e9s eset\u00e9n forduljon hozz\u00e1nk. Az Aparthotel Playa Dorada csapata k\u00e9szs\u00e9ggel seg\u00edt \u00d6nnek a k\u00e9r\u00e9sek teljes\u00edt\u00e9s\u00e9ben.\" \/>\n<meta property=\"og:url\" content=\"https:\/\/www.playadorada.es\/hu\/contacto\/\" \/>\n<meta property=\"og:site_name\" content=\"Playa Dorada\" \/>\n<meta property=\"article:modified_time\" content=\"2025-02-04T17:26:40+00:00\" \/>\n<meta name=\"twitter:card\" content=\"summary\" \/>\n<meta name=\"twitter:label1\" content=\"Becs\u00fclt olvas\u00e1si id\u0151\" \/>\n\t<meta name=\"twitter:data1\" content=\"1 perc\" \/>\n<script type=\"application\/ld+json\" class=\"yoast-schema-graph\">{\"@context\":\"https:\/\/schema.org\",\"@graph\":[{\"@type\":\"WebSite\",\"@id\":\"https:\/\/www.playadorada.es\/es\/#website\",\"url\":\"https:\/\/www.playadorada.es\/es\/\",\"name\":\"Playa Dorada\",\"description\":\"Otro sitio realizado con WordPress\",\"potentialAction\":[{\"@type\":\"SearchAction\",\"target\":{\"@type\":\"EntryPoint\",\"urlTemplate\":\"https:\/\/www.playadorada.es\/es\/?s={search_term_string}\"},\"query-input\":\"required name=search_term_string\"}],\"inLanguage\":\"hu\"},{\"@type\":\"WebPage\",\"@id\":\"https:\/\/www.playadorada.es\/hu\/contacto\/#webpage\",\"url\":\"https:\/\/www.playadorada.es\/hu\/contacto\/\",\"name\":\"Kapcsolat - Aparthotel Playa Dorada\",\"isPartOf\":{\"@id\":\"https:\/\/www.playadorada.es\/es\/#website\"},\"datePublished\":\"2014-09-14T09:20:26+00:00\",\"dateModified\":\"2025-02-04T17:26:40+00:00\",\"description\":\"B\u00e1rmilyen k\u00e9rd\u00e9s eset\u00e9n forduljon hozz\u00e1nk. Az Aparthotel Playa Dorada csapata k\u00e9szs\u00e9ggel seg\u00edt \u00d6nnek a k\u00e9r\u00e9sek teljes\u00edt\u00e9s\u00e9ben.\",\"breadcrumb\":{\"@id\":\"https:\/\/www.playadorada.es\/hu\/contacto\/#breadcrumb\"},\"inLanguage\":\"hu\",\"potentialAction\":[{\"@type\":\"ReadAction\",\"target\":[\"https:\/\/www.playadorada.es\/hu\/contacto\/\"]}]},{\"@type\":\"BreadcrumbList\",\"@id\":\"https:\/\/www.playadorada.es\/hu\/contacto\/#breadcrumb\",\"itemListElement\":[{\"@type\":\"ListItem\",\"position\":1,\"name\":\"Portada\",\"item\":\"https:\/\/www.playadorada.es\/hu\/\"},{\"@type\":\"ListItem\",\"position\":2,\"name\":\"Kapcsolat\"}]}]}<\/script>\n<!-- \/ Yoast SEO plugin. -->","yoast_head_json":{"title":"Kapcsolat - Aparthotel Playa Dorada","description":"B\u00e1rmilyen k\u00e9rd\u00e9s eset\u00e9n forduljon hozz\u00e1nk. Az Aparthotel Playa Dorada csapata k\u00e9szs\u00e9ggel seg\u00edt \u00d6nnek a k\u00e9r\u00e9sek teljes\u00edt\u00e9s\u00e9ben.","robots":{"index":"index","follow":"follow","max-snippet":"max-snippet:-1","max-image-preview":"max-image-preview:large","max-video-preview":"max-video-preview:-1"},"canonical":"https:\/\/www.playadorada.es\/hu\/contacto\/","og_locale":"hu_HU","og_type":"article","og_title":"Kapcsolat - Aparthotel Playa Dorada","og_description":"B\u00e1rmilyen k\u00e9rd\u00e9s eset\u00e9n forduljon hozz\u00e1nk. Az Aparthotel Playa Dorada csapata k\u00e9szs\u00e9ggel seg\u00edt \u00d6nnek a k\u00e9r\u00e9sek teljes\u00edt\u00e9s\u00e9ben.","og_url":"https:\/\/www.playadorada.es\/hu\/contacto\/","og_site_name":"Playa Dorada","article_modified_time":"2025-02-04T17:26:40+00:00","twitter_card":"summary","twitter_misc":{"Becs\u00fclt olvas\u00e1si id\u0151":"1 perc"},"schema":{"@context":"https:\/\/schema.org","@graph":[{"@type":"WebSite","@id":"https:\/\/www.playadorada.es\/es\/#website","url":"https:\/\/www.playadorada.es\/es\/","name":"Playa Dorada","description":"Otro sitio realizado con WordPress","potentialAction":[{"@type":"SearchAction","target":{"@type":"EntryPoint","urlTemplate":"https:\/\/www.playadorada.es\/es\/?s={search_term_string}"},"query-input":"required name=search_term_string"}],"inLanguage":"hu"},{"@type":"WebPage","@id":"https:\/\/www.playadorada.es\/hu\/contacto\/#webpage","url":"https:\/\/www.playadorada.es\/hu\/contacto\/","name":"Kapcsolat - Aparthotel Playa Dorada","isPartOf":{"@id":"https:\/\/www.playadorada.es\/es\/#website"},"datePublished":"2014-09-14T09:20:26+00:00","dateModified":"2025-02-04T17:26:40+00:00","description":"B\u00e1rmilyen k\u00e9rd\u00e9s eset\u00e9n forduljon hozz\u00e1nk. Az Aparthotel Playa Dorada csapata k\u00e9szs\u00e9ggel seg\u00edt \u00d6nnek a k\u00e9r\u00e9sek teljes\u00edt\u00e9s\u00e9ben.","breadcrumb":{"@id":"https:\/\/www.playadorada.es\/hu\/contacto\/#breadcrumb"},"inLanguage":"hu","potentialAction":[{"@type":"ReadAction","target":["https:\/\/www.playadorada.es\/hu\/contacto\/"]}]},{"@type":"BreadcrumbList","@id":"https:\/\/www.playadorada.es\/hu\/contacto\/#breadcrumb","itemListElement":[{"@type":"ListItem","position":1,"name":"Portada","item":"https:\/\/www.playadorada.es\/hu\/"},{"@type":"ListItem","position":2,"name":"Kapcsolat"}]}]}},"_links":{"self":[{"href":"https:\/\/www.playadorada.es\/hu\/wp-json\/wp\/v2\/pages\/25498"}],"collection":[{"href":"https:\/\/www.playadorada.es\/hu\/wp-json\/wp\/v2\/pages"}],"about":[{"href":"https:\/\/www.playadorada.es\/hu\/wp-json\/wp\/v2\/types\/page"}],"author":[{"embeddable":true,"href":"https:\/\/www.playadorada.es\/hu\/wp-json\/wp\/v2\/users\/1"}],"replies":[{"embeddable":true,"href":"https:\/\/www.playadorada.es\/hu\/wp-json\/wp\/v2\/comments?post=25498"}],"version-history":[{"count":3,"href":"https:\/\/www.playadorada.es\/hu\/wp-json\/wp\/v2\/pages\/25498\/revisions"}],"predecessor-version":[{"id":25502,"href":"https:\/\/www.playadorada.es\/hu\/wp-json\/wp\/v2\/pages\/25498\/revisions\/25502"}],"wp:attachment":[{"href":"https:\/\/www.playadorada.es\/hu\/wp-json\/wp\/v2\/media?parent=25498"}],"curies":[{"name":"wp","href":"https:\/\/api.w.org\/{rel}","templated":true}]}}