{"id":25517,"date":"2017-10-13T11:02:22","date_gmt":"2017-10-13T11:02:22","guid":{"rendered":"https:\/\/www.playadorada.es\/sobre-el-hotel-playa-dorada\/"},"modified":"2025-02-06T16:42:52","modified_gmt":"2025-02-06T16:42:52","slug":"sobre-el-hotel-playa-dorada","status":"publish","type":"page","link":"https:\/\/www.playadorada.es\/hu\/sobre-el-hotel-playa-dorada\/","title":{"rendered":"Sz\u00e1llod\u00e1nkr\u00f3l"},"content":{"rendered":"<p>[vc_row][vc_column width=&#8221;1\/4&#8243;][\/vc_column][vc_column width=&#8221;1\/2&#8243;][vc_column_text]<\/p>\n<h2 style=\"text-align: center;\"><em>B\u00dcdv\u00f6z\u00f6lj\u00fck!<\/em><\/h2>\n<h3><b>Kedves Vend\u00e9geink!,<\/b><\/h3>\n<p>Szeretettel \u00fcdv\u00f6z\u00f6lj\u00fck \u00d6n\u00f6ket oldalunkon a sz\u00e1lloda vezet\u0151s\u00e9ge \u00e9s szem\u00e9lyzete nev\u00e9ben. Csapatunk meg\u00e1ll\u00e1s n\u00e9lk\u00fcl azon dolgozik, hogy az \u00d6n\u00f6k nyaral\u00e1s\u00e1t felh\u0151tlenn\u00e9 \u00e9s felejthetetlenn\u00e9 tegye. B\u00e1rmilyen k\u00e9r\u00e9s eset\u00e9n k\u00e9szs\u00e9ggel \u00e1llunk rendelkez\u00e9s\u00fckre, \u00e9s nyitottak vagyunk javaslataikra, amelyekkel szolg\u00e1ltat\u00e1saink sz\u00ednvonal\u00e1t emelhetj\u00fck az \u00d6n\u00f6k el\u00e9gedetts\u00e9ge \u00e9rdek\u00e9ben.<\/p>\n<h4><b><i>ALL INCLUSIVE<\/i><\/b><\/h4>\n<p>Az Aparthotel Playa Dorada \u2019All inclusive\u201d szolg\u00e1ltat\u00e1st ny\u00fajt vend\u00e9gei sz\u00e1m\u00e1ra. Ennek ig\u00e9nybev\u00e9tel\u00e9hez \u00e9rkez\u00e9skor a recepci\u00f3n minden vend\u00e9g\u00fcnk karszalagot kap, amelyet az itt tart\u00f3zkod\u00e1s teljes id\u0151tartama alatt viselni kell. Elveszt\u00e9se, rong\u00e1l\u00f3d\u00e1sa eset\u00e9n a recepci\u00f3n lehet \u00fajat ig\u00e9nyelni.<\/p>\n<h4><b><i>\u00c9TKEZ\u0150 \/ B\u00c1R<\/i><\/b><\/h4>\n<p>Az \u00e9tkez\u0151 a f\u00f6lszinten tal\u00e1lhat\u00f3.<br \/>\nNyitvatart\u00e1si id\u0151:<\/p>\n<p><span style=\"font-weight: 400;\">Reggeli\u00a0 \u00a0<\/span><span style=\"font-weight: 400;\">\u00a0 \u00a0\u00a0<\/span><span style=\"font-weight: 400;\">\u00a0 \u00a0 07.30-10.30<\/span><span style=\"font-weight: 400;\">\u00a0 \u00a0<\/span><span style=\"font-weight: 400;\"> \u00a0\u00a0 <\/span><span style=\"color: #ff0000;\"><b>KIZ\u00c1R\u00d3LAG EG\u00c9SZ NAPOS KIR\u00c1NDUL\u00c1S ESET\u00c9N:<\/b><\/span><\/p>\n<p><span style=\"font-weight: 400;\">Eb\u00e9d \u00a0 <\/span><span style=\"font-weight: 400;\">\u00a0 \u00a0 \u00a0 \u00a0 \u00a0 \u00a0 02.00-15.00<\/span><span style=\"font-weight: 400;\">\u00a0 \u00a0\u00a0<\/span><span style=\"font-weight: 400;\"> \u00a0 <\/span><span style=\"color: #ff0000;\"><b>eb\u00e9dre hideg \u00e9lelem csomagol\u00e1sa k\u00e9rhet\u0151 <\/b><\/span><\/p>\n<p><span style=\"font-weight: 400;\">Vacsora \u00a0<\/span><span style=\"font-weight: 400;\">\u00a0\u00a0\u00a0 <\/span><span style=\"font-weight: 400;\">\u00a0 \u00a018.00-21.00<\/span><span style=\"font-weight: 400;\">\u00a0 \u00a0\u00a0<\/span><span style=\"font-weight: 400;\"> \u00a0 <\/span><span style=\"color: #ff0000;\"><b>el\u0151z\u0151 nap 19.00-ig<\/b><\/span><\/p>\n<p><span style=\"font-weight: 400;\">Bar<\/span><span style=\"font-weight: 400;\">\u00a0\u00a0\u00a0 <\/span><span style=\"font-weight: 400;\">\u00a0\u00a0\u00a0 <\/span><span style=\"font-weight: 400;\">\u00a0 \u00a0 \u00a0 \u00a0 \u00a0 10.00-24.00<\/span><\/p>\n<h4><b><i>TAKAR\u00cdT\u00c1S<\/i><\/b><\/h4>\n<p>A szob\u00e1kat hetente \u00f6t alkalommal takar\u00edtj\u00e1k, kedd \u00e9s cs\u00fct\u00f6rt\u00f6k kiv\u00e9tel\u00e9vel.<\/p>\n<h4><b><i>MEDENCE<\/i><\/b><\/h4>\n<p>A nap\u00e1gyak foglal\u00e1sa t\u00f6r\u00f6lk\u00f6z\u0151vel \u00e9s\/vagy szem\u00e9lyes t\u00e1rgyakkal nem megengedett. Csal\u00e1donk\u00e9nt egy naperny\u0151 vehet\u0151 ig\u00e9nybe. A medence nyitvatart\u00e1si ideje: 09.00-19.00. A f\u00fcrd\u0151szobai t\u00f6r\u00f6lk\u00f6z\u0151k haszn\u00e1lata a medenc\u00e9n\u00e9l vagy a strandon nem megengedett. Strandt\u00f6r\u00f6lk\u00f6z\u0151 sz\u00fcks\u00e9g eset\u00e9n b\u00e9relhet\u0151 a recepci\u00f3n.<\/p>\n<h4><b><i>NAPOZ\u00d3TERASZ<\/i><\/b><\/h4>\n<p>A napoz\u00f3terasz a sz\u00e1lloda 7. emelet\u00e9n tal\u00e1lhat\u00f3, el\u00e9rhet\u0151 a medenc\u00e9hez k\u00f6zeli lifttel. Nyitvatart\u00e1si ideje: 10.00-20.30<\/p>\n<h4><b><i>SZ\u00c9F<\/i><\/b><\/h4>\n<p>T\u00e1j\u00e9koztatjuk vend\u00e9geinket, hogy az Aparthotel Playa Dorada nem v\u00e1llal felel\u0151ss\u00e9get a nem sz\u00e9fben t\u00e1rolt \u00e9rt\u00e9kt\u00e1rgyak\u00e9rt. Javasoljuk, hogy b\u00e9reljenek sz\u00e9fet a recepci\u00f3n. (14\u20ac\/h\u00e9t + 5\u20ac kauci\u00f3)<\/p>\n<h4><b><i>TV \u00c9S L\u00c9GKONDICION\u00c1L\u00c1S A SZOB\u00c1KBAN<\/i><\/b><\/h4>\n<p>A TV haszn\u00e1lata a szob\u00e1kban d\u00edjmentes. A csatorn\u00e1kkal vagy a k\u00e9sz\u00fcl\u00e9k haszn\u00e1lat\u00e1val kapcsolatos tov\u00e1bbi inform\u00e1ci\u00f3kkal sz\u00edvesen seg\u00edt\u00fcnk a recepci\u00f3n.<\/p>\n<p>A l\u00e9gkondicion\u00e1l\u00f3 haszn\u00e1lat\u00e1t a szob\u00e1k \u00e1ra tartalmazza.<\/p>\n<p>A parti s\u00e9t\u00e1ny fel\u0151li bej\u00e1rat nyit\u00e1si k\u00f3dja: <strong>2343+\u2019ok<\/strong>\u2019<\/p>\n<h4><b><i>T\u00c1VOZ\u00c1S NAPJA<\/i><\/b><\/h4>\n<p>A nemzetk\u00f6zi szab\u00e1lyoz\u00e1snak megfelel\u0151en a szob\u00e1kat a t\u00e1voz\u00e1s napj\u00e1n 12.00-ig el kell hagyni.<br \/>\nAmennyiben szeretne tov\u00e1bb maradni a szob\u00e1ban, a recepci\u00f3n a szabad helyek f\u00fcggv\u00e9ny\u00e9ben k\u00e9rhet\u0151 k\u00e9s\u0151i t\u00e1voz\u00e1s, ennek extra k\u00f6lts\u00e9ge szob\u00e1nk\u00e9nt 35\u20ac.<\/p>\n<p>&nbsp;<\/p>\n<h3 style=\"text-align: center;\"><b>Kellemes nyaral\u00e1st k\u00edv\u00e1nunk!!!!!<\/b><\/h3>\n<p>[\/vc_column_text][\/vc_column][vc_column width=&#8221;1\/4&#8243;][\/vc_column][\/vc_row]<\/p>\n","protected":false},"excerpt":{"rendered":"<p>[vc_row][vc_column width=&#8221;1\/4&#8243;][\/vc_column][vc_column width=&#8221;1\/2&#8243;][vc_column_text] B\u00dcdv\u00f6z\u00f6lj\u00fck! Kedves Vend\u00e9geink!, Szeretettel \u00fcdv\u00f6z\u00f6lj\u00fck \u00d6n\u00f6ket oldalunkon a sz\u00e1lloda vezet\u0151s\u00e9ge \u00e9s szem\u00e9lyzete nev\u00e9ben. Csapatunk meg\u00e1ll\u00e1s n\u00e9lk\u00fcl azon [&hellip;]<\/p>\n","protected":false},"author":1,"featured_media":0,"parent":0,"menu_order":0,"comment_status":"closed","ping_status":"closed","template":"","meta":[],"yoast_head":"<!-- This site is optimized with the Yoast SEO plugin v18.3 - https:\/\/yoast.com\/wordpress\/plugins\/seo\/ -->\n<title>Sz\u00e1llod\u00e1nkr\u00f3l - Playa Dorada<\/title>\n<meta name=\"robots\" content=\"index, follow, max-snippet:-1, max-image-preview:large, max-video-preview:-1\" \/>\n<link rel=\"canonical\" href=\"https:\/\/www.playadorada.es\/hu\/sobre-el-hotel-playa-dorada\/\" \/>\n<meta property=\"og:locale\" content=\"hu_HU\" \/>\n<meta property=\"og:type\" content=\"article\" \/>\n<meta property=\"og:title\" content=\"Sz\u00e1llod\u00e1nkr\u00f3l - Playa Dorada\" \/>\n<meta property=\"og:description\" content=\"[vc_row][vc_column width=&#8221;1\/4&#8243;][\/vc_column][vc_column width=&#8221;1\/2&#8243;][vc_column_text] B\u00dcdv\u00f6z\u00f6lj\u00fck! Kedves Vend\u00e9geink!, Szeretettel \u00fcdv\u00f6z\u00f6lj\u00fck \u00d6n\u00f6ket oldalunkon a sz\u00e1lloda vezet\u0151s\u00e9ge \u00e9s szem\u00e9lyzete nev\u00e9ben. Csapatunk meg\u00e1ll\u00e1s n\u00e9lk\u00fcl azon [&hellip;]\" \/>\n<meta property=\"og:url\" content=\"https:\/\/www.playadorada.es\/hu\/sobre-el-hotel-playa-dorada\/\" \/>\n<meta property=\"og:site_name\" content=\"Playa Dorada\" \/>\n<meta property=\"article:modified_time\" content=\"2025-02-06T16:42:52+00:00\" \/>\n<meta name=\"twitter:card\" content=\"summary\" \/>\n<meta name=\"twitter:label1\" content=\"Becs\u00fclt olvas\u00e1si id\u0151\" \/>\n\t<meta name=\"twitter:data1\" content=\"2 perc\" \/>\n<script type=\"application\/ld+json\" class=\"yoast-schema-graph\">{\"@context\":\"https:\/\/schema.org\",\"@graph\":[{\"@type\":\"WebSite\",\"@id\":\"https:\/\/www.playadorada.es\/es\/#website\",\"url\":\"https:\/\/www.playadorada.es\/es\/\",\"name\":\"Playa Dorada\",\"description\":\"Otro sitio realizado con WordPress\",\"potentialAction\":[{\"@type\":\"SearchAction\",\"target\":{\"@type\":\"EntryPoint\",\"urlTemplate\":\"https:\/\/www.playadorada.es\/es\/?s={search_term_string}\"},\"query-input\":\"required name=search_term_string\"}],\"inLanguage\":\"hu\"},{\"@type\":\"WebPage\",\"@id\":\"https:\/\/www.playadorada.es\/hu\/sobre-el-hotel-playa-dorada\/#webpage\",\"url\":\"https:\/\/www.playadorada.es\/hu\/sobre-el-hotel-playa-dorada\/\",\"name\":\"Sz\u00e1llod\u00e1nkr\u00f3l - Playa Dorada\",\"isPartOf\":{\"@id\":\"https:\/\/www.playadorada.es\/es\/#website\"},\"datePublished\":\"2017-10-13T11:02:22+00:00\",\"dateModified\":\"2025-02-06T16:42:52+00:00\",\"breadcrumb\":{\"@id\":\"https:\/\/www.playadorada.es\/hu\/sobre-el-hotel-playa-dorada\/#breadcrumb\"},\"inLanguage\":\"hu\",\"potentialAction\":[{\"@type\":\"ReadAction\",\"target\":[\"https:\/\/www.playadorada.es\/hu\/sobre-el-hotel-playa-dorada\/\"]}]},{\"@type\":\"BreadcrumbList\",\"@id\":\"https:\/\/www.playadorada.es\/hu\/sobre-el-hotel-playa-dorada\/#breadcrumb\",\"itemListElement\":[{\"@type\":\"ListItem\",\"position\":1,\"name\":\"Portada\",\"item\":\"https:\/\/www.playadorada.es\/hu\/\"},{\"@type\":\"ListItem\",\"position\":2,\"name\":\"Sz\u00e1llod\u00e1nkr\u00f3l\"}]}]}<\/script>\n<!-- \/ Yoast SEO plugin. -->","yoast_head_json":{"title":"Sz\u00e1llod\u00e1nkr\u00f3l - Playa Dorada","robots":{"index":"index","follow":"follow","max-snippet":"max-snippet:-1","max-image-preview":"max-image-preview:large","max-video-preview":"max-video-preview:-1"},"canonical":"https:\/\/www.playadorada.es\/hu\/sobre-el-hotel-playa-dorada\/","og_locale":"hu_HU","og_type":"article","og_title":"Sz\u00e1llod\u00e1nkr\u00f3l - Playa Dorada","og_description":"[vc_row][vc_column width=&#8221;1\/4&#8243;][\/vc_column][vc_column width=&#8221;1\/2&#8243;][vc_column_text] B\u00dcdv\u00f6z\u00f6lj\u00fck! Kedves Vend\u00e9geink!, Szeretettel \u00fcdv\u00f6z\u00f6lj\u00fck \u00d6n\u00f6ket oldalunkon a sz\u00e1lloda vezet\u0151s\u00e9ge \u00e9s szem\u00e9lyzete nev\u00e9ben. Csapatunk meg\u00e1ll\u00e1s n\u00e9lk\u00fcl azon [&hellip;]","og_url":"https:\/\/www.playadorada.es\/hu\/sobre-el-hotel-playa-dorada\/","og_site_name":"Playa Dorada","article_modified_time":"2025-02-06T16:42:52+00:00","twitter_card":"summary","twitter_misc":{"Becs\u00fclt olvas\u00e1si id\u0151":"2 perc"},"schema":{"@context":"https:\/\/schema.org","@graph":[{"@type":"WebSite","@id":"https:\/\/www.playadorada.es\/es\/#website","url":"https:\/\/www.playadorada.es\/es\/","name":"Playa Dorada","description":"Otro sitio realizado con WordPress","potentialAction":[{"@type":"SearchAction","target":{"@type":"EntryPoint","urlTemplate":"https:\/\/www.playadorada.es\/es\/?s={search_term_string}"},"query-input":"required name=search_term_string"}],"inLanguage":"hu"},{"@type":"WebPage","@id":"https:\/\/www.playadorada.es\/hu\/sobre-el-hotel-playa-dorada\/#webpage","url":"https:\/\/www.playadorada.es\/hu\/sobre-el-hotel-playa-dorada\/","name":"Sz\u00e1llod\u00e1nkr\u00f3l - Playa Dorada","isPartOf":{"@id":"https:\/\/www.playadorada.es\/es\/#website"},"datePublished":"2017-10-13T11:02:22+00:00","dateModified":"2025-02-06T16:42:52+00:00","breadcrumb":{"@id":"https:\/\/www.playadorada.es\/hu\/sobre-el-hotel-playa-dorada\/#breadcrumb"},"inLanguage":"hu","potentialAction":[{"@type":"ReadAction","target":["https:\/\/www.playadorada.es\/hu\/sobre-el-hotel-playa-dorada\/"]}]},{"@type":"BreadcrumbList","@id":"https:\/\/www.playadorada.es\/hu\/sobre-el-hotel-playa-dorada\/#breadcrumb","itemListElement":[{"@type":"ListItem","position":1,"name":"Portada","item":"https:\/\/www.playadorada.es\/hu\/"},{"@type":"ListItem","position":2,"name":"Sz\u00e1llod\u00e1nkr\u00f3l"}]}]}},"_links":{"self":[{"href":"https:\/\/www.playadorada.es\/hu\/wp-json\/wp\/v2\/pages\/25517"}],"collection":[{"href":"https:\/\/www.playadorada.es\/hu\/wp-json\/wp\/v2\/pages"}],"about":[{"href":"https:\/\/www.playadorada.es\/hu\/wp-json\/wp\/v2\/types\/page"}],"author":[{"embeddable":true,"href":"https:\/\/www.playadorada.es\/hu\/wp-json\/wp\/v2\/users\/1"}],"replies":[{"embeddable":true,"href":"https:\/\/www.playadorada.es\/hu\/wp-json\/wp\/v2\/comments?post=25517"}],"version-history":[{"count":4,"href":"https:\/\/www.playadorada.es\/hu\/wp-json\/wp\/v2\/pages\/25517\/revisions"}],"predecessor-version":[{"id":25521,"href":"https:\/\/www.playadorada.es\/hu\/wp-json\/wp\/v2\/pages\/25517\/revisions\/25521"}],"wp:attachment":[{"href":"https:\/\/www.playadorada.es\/hu\/wp-json\/wp\/v2\/media?parent=25517"}],"curies":[{"name":"wp","href":"https:\/\/api.w.org\/{rel}","templated":true}]}}