{"id":25524,"date":"2017-10-13T11:17:43","date_gmt":"2017-10-13T11:17:43","guid":{"rendered":"https:\/\/www.playadorada.es\/descripcion-de-todo-incluido\/"},"modified":"2025-02-06T16:59:36","modified_gmt":"2025-02-06T16:59:36","slug":"descripcion-de-todo-incluido","status":"publish","type":"page","link":"https:\/\/www.playadorada.es\/hu\/descripcion-de-todo-incluido\/","title":{"rendered":"All inclusive ell\u00e1t\u00e1s"},"content":{"rendered":"<p>[vc_row][vc_column width=&#8221;1\/4&#8243;][\/vc_column][vc_column width=&#8221;1\/2&#8243;][vc_column_text]<\/p>\n<h2 style=\"text-align: center;\"><em>Mit tartalmaz az All inclusive ell\u00e1t\u00e1s az Aparthotel Playa Dorada-ban?<\/em><\/h2>\n<h3>1. Sv\u00e9dasztalos reggeli 07.30-10.30 (3 \u00f3ra)<\/h3>\n<p>R\u00e1ntotta, t\u00fck\u00f6rtoj\u00e1s, kolb\u00e1szok, felv\u00e1gottak, sajtok, tejterm\u00e9kek, p\u00e9ks\u00fctem\u00e9nyek, gy\u00fcm\u00f6lcs\u00f6k, gy\u00fcm\u00f6lcslevek, k\u00e1v\u00e9, tea stb.<\/p>\n<h3>2. Sv\u00e9dasztalos eb\u00e9d 12.00-15:00 (3 \u00f3ra)<\/h3>\n<p>7 napos men\u00fcprogram alapj\u00e1n k\u00fcl\u00f6nf\u00e9le sal\u00e1t\u00e1k, ol\u00edvabogy\u00f3 (z\u00f6ld \u00e9s fekete), savany\u00fas\u00e1gok, cs\u00edp\u0151s paprika, k\u00e9t k\u00fcl\u00f6nb\u00f6z\u0151 fajta h\u00fas, hal, k\u00fcl\u00f6nb\u00f6z\u0151 t\u00e9szt\u00e1k, z\u00f6lds\u00e9gek, hamburger, s\u00fcltkrumpli, f\u0151tt krumpli, k\u00fcl\u00f6nb\u00f6z\u0151 s\u00fctem\u00e9nyek, fagylaltok.<\/p>\n<p>\u00dcd\u00edt\u0151italok: Pepsi-Cola, Cola Light, limon\u00e1d\u00e9, Sprite, \u00e1sv\u00e1nyv\u00edz (mentes \u00e9s sz\u00e9nsavas), narancsl\u00e9, anan\u00e1szl\u00e9, almal\u00e9<\/p>\n<p>Borok: v\u00f6r\u00f6sbor, roz\u00e9, feh\u00e9rbor<\/p>\n<p>S\u00f6r<\/p>\n<h3>3. Sv\u00e9dasztalos vacsora 18.00-21.00 (3 \u00f3ra)<\/h3>\n<p>7 napos men\u00fcprogram alapj\u00e1n k\u00fcl\u00f6nf\u00e9le sal\u00e1t\u00e1k, ol\u00edvabogy\u00f3 (z\u00f6ld \u00e9s fekete), savany\u00fas\u00e1gok, cs\u00edp\u0151s paprika, leves, k\u00e9t k\u00fcl\u00f6nb\u00f6z\u0151 fajta h\u00fas, hal, k\u00fcl\u00f6nb\u00f6z\u0151 t\u00e9szt\u00e1k, z\u00f6lds\u00e9gek, hamburger, s\u00fcltkrumpli, f\u0151tt krumpli, k\u00fcl\u00f6nb\u00f6z\u0151 s\u00fctem\u00e9nyek, fagylaltok.<\/p>\n<p>\u00dcd\u00edt\u0151italok: Pepsi-Cola, Cola Light, limon\u00e1d\u00e9, Sprite, \u00e1sv\u00e1nyv\u00edz (mentes \u00e9s sz\u00e9nsavas), narancsl\u00e9, anan\u00e1szl\u00e9, almal\u00e9<\/p>\n<p>Borok: v\u00f6r\u00f6sbor, roz\u00e9, feh\u00e9rbor<\/p>\n<p>S\u00f6r<\/p>\n<p><span style=\"color: #363d40; font-family: Domine; font-size: 2.4rem;\">4. B\u00e1r szolg\u00e1ltat\u00e1s 10.00-24.00<\/span><\/p>\n<h4>\u00dcd\u00edt\u0151italok:<\/h4>\n<p>Cola, Cola Light, limon\u00e1d\u00e9, Sprite, Tonic, \u00e1sv\u00e1nyv\u00edz (mentes \u00e9s sz\u00e9nsavas), narancsl\u00e9, anan\u00e1szl\u00e9, almal\u00e9<\/p>\n<h4>Alkoholos italok:<\/h4>\n<p>S\u00f6r, v\u00f6r\u00f6sbor, feh\u00e9rbor, roz\u00e9, sangria, brandy, gin, rum, whiskey, vodka, aperitifek, gy\u00f3gyn\u00f6v\u00e9nyes lik\u0151r\u00f6k (\u00e9des \u00e9s f\u00e9l\u00e9des)<\/p>\n<h4>Kokt\u00e9lok:<\/h4>\n<p>Tequila Sunrise, Pi\u00f1a Colada, San Francisco (alkoholmentes)<\/p>\n<h4>Forr\u00f3 italok:<\/h4>\n<p>Espresso, hossz\u00fa k\u00e1v\u00e9, cappuccino, forr\u00f3 csoki, tea<\/p>\n<h4>Fagylaltok \u00e9s egyebek:<\/h4>\n<p>Fagyi (van\u00edlia, eper, mogyor\u00f3), frapp\u00e9 (citrom, narancs)<\/p>\n<h3>5. Egy\u00e9b inform\u00e1ci\u00f3k:<\/h3>\n<p>6.00-17.00 k\u00f6z\u00f6tt a k\u00e1v\u00e9hoz s\u00fctiket vagy kekszeket k\u00edn\u00e1lunk.<\/p>\n<p>Az \u00fcvegpoharak haszn\u00e1lata tilos a medencet\u00e9rben: az italokat m\u0171anyag vagy pap\u00edrpoharakban k\u00edn\u00e1ljuk.<br \/>\n23.00-24.00 k\u00f6z\u00f6tt az italokat csak m\u0171anyag vagy pap\u00edrpoharakban k\u00edn\u00e1ljuk a b\u00e1r \u00e9s a medencet\u00e9r ter\u00fclet\u00e9n is.[\/vc_column_text][\/vc_column][vc_column width=&#8221;1\/4&#8243;][\/vc_column][\/vc_row]<\/p>\n","protected":false},"excerpt":{"rendered":"<p>[vc_row][vc_column width=&#8221;1\/4&#8243;][\/vc_column][vc_column width=&#8221;1\/2&#8243;][vc_column_text] Mit tartalmaz az All inclusive ell\u00e1t\u00e1s az Aparthotel Playa Dorada-ban? 1. Sv\u00e9dasztalos reggeli 07.30-10.30 (3 \u00f3ra) R\u00e1ntotta, [&hellip;]<\/p>\n","protected":false},"author":1,"featured_media":0,"parent":0,"menu_order":0,"comment_status":"closed","ping_status":"closed","template":"","meta":[],"yoast_head":"<!-- This site is optimized with the Yoast SEO plugin v18.3 - https:\/\/yoast.com\/wordpress\/plugins\/seo\/ -->\n<title>Descripci\u00f3n de todo incluido - Aparthotel Playa Dorada<\/title>\n<meta name=\"description\" content=\"Descripci\u00f3n del Todo Incluido en el Aparthotel Playa Dorada. Vea nuestros horarios y posibilidades que le brinda el r\u00e9gimen del Todo Incluido en Mallorca\" \/>\n<meta name=\"robots\" content=\"index, follow, max-snippet:-1, max-image-preview:large, max-video-preview:-1\" \/>\n<link rel=\"canonical\" href=\"https:\/\/www.playadorada.es\/hu\/descripcion-de-todo-incluido\/\" \/>\n<meta property=\"og:locale\" content=\"hu_HU\" \/>\n<meta property=\"og:type\" content=\"article\" \/>\n<meta property=\"og:title\" content=\"Descripci\u00f3n de todo incluido - Aparthotel Playa Dorada\" \/>\n<meta property=\"og:description\" content=\"Descripci\u00f3n del Todo Incluido en el Aparthotel Playa Dorada. Vea nuestros horarios y posibilidades que le brinda el r\u00e9gimen del Todo Incluido en Mallorca\" \/>\n<meta property=\"og:url\" content=\"https:\/\/www.playadorada.es\/hu\/descripcion-de-todo-incluido\/\" \/>\n<meta property=\"og:site_name\" content=\"Playa Dorada\" \/>\n<meta property=\"article:modified_time\" content=\"2025-02-06T16:59:36+00:00\" \/>\n<meta name=\"twitter:card\" content=\"summary\" \/>\n<meta name=\"twitter:label1\" content=\"Becs\u00fclt olvas\u00e1si id\u0151\" \/>\n\t<meta name=\"twitter:data1\" content=\"2 perc\" \/>\n<script type=\"application\/ld+json\" class=\"yoast-schema-graph\">{\"@context\":\"https:\/\/schema.org\",\"@graph\":[{\"@type\":\"WebSite\",\"@id\":\"https:\/\/www.playadorada.es\/es\/#website\",\"url\":\"https:\/\/www.playadorada.es\/es\/\",\"name\":\"Playa Dorada\",\"description\":\"Otro sitio realizado con WordPress\",\"potentialAction\":[{\"@type\":\"SearchAction\",\"target\":{\"@type\":\"EntryPoint\",\"urlTemplate\":\"https:\/\/www.playadorada.es\/es\/?s={search_term_string}\"},\"query-input\":\"required name=search_term_string\"}],\"inLanguage\":\"hu\"},{\"@type\":\"WebPage\",\"@id\":\"https:\/\/www.playadorada.es\/hu\/descripcion-de-todo-incluido\/#webpage\",\"url\":\"https:\/\/www.playadorada.es\/hu\/descripcion-de-todo-incluido\/\",\"name\":\"Descripci\u00f3n de todo incluido - Aparthotel Playa Dorada\",\"isPartOf\":{\"@id\":\"https:\/\/www.playadorada.es\/es\/#website\"},\"datePublished\":\"2017-10-13T11:17:43+00:00\",\"dateModified\":\"2025-02-06T16:59:36+00:00\",\"description\":\"Descripci\u00f3n del Todo Incluido en el Aparthotel Playa Dorada. Vea nuestros horarios y posibilidades que le brinda el r\u00e9gimen del Todo Incluido en Mallorca\",\"breadcrumb\":{\"@id\":\"https:\/\/www.playadorada.es\/hu\/descripcion-de-todo-incluido\/#breadcrumb\"},\"inLanguage\":\"hu\",\"potentialAction\":[{\"@type\":\"ReadAction\",\"target\":[\"https:\/\/www.playadorada.es\/hu\/descripcion-de-todo-incluido\/\"]}]},{\"@type\":\"BreadcrumbList\",\"@id\":\"https:\/\/www.playadorada.es\/hu\/descripcion-de-todo-incluido\/#breadcrumb\",\"itemListElement\":[{\"@type\":\"ListItem\",\"position\":1,\"name\":\"Portada\",\"item\":\"https:\/\/www.playadorada.es\/hu\/\"},{\"@type\":\"ListItem\",\"position\":2,\"name\":\"All inclusive ell\u00e1t\u00e1s\"}]}]}<\/script>\n<!-- \/ Yoast SEO plugin. -->","yoast_head_json":{"title":"Descripci\u00f3n de todo incluido - Aparthotel Playa Dorada","description":"Descripci\u00f3n del Todo Incluido en el Aparthotel Playa Dorada. Vea nuestros horarios y posibilidades que le brinda el r\u00e9gimen del Todo Incluido en Mallorca","robots":{"index":"index","follow":"follow","max-snippet":"max-snippet:-1","max-image-preview":"max-image-preview:large","max-video-preview":"max-video-preview:-1"},"canonical":"https:\/\/www.playadorada.es\/hu\/descripcion-de-todo-incluido\/","og_locale":"hu_HU","og_type":"article","og_title":"Descripci\u00f3n de todo incluido - Aparthotel Playa Dorada","og_description":"Descripci\u00f3n del Todo Incluido en el Aparthotel Playa Dorada. Vea nuestros horarios y posibilidades que le brinda el r\u00e9gimen del Todo Incluido en Mallorca","og_url":"https:\/\/www.playadorada.es\/hu\/descripcion-de-todo-incluido\/","og_site_name":"Playa Dorada","article_modified_time":"2025-02-06T16:59:36+00:00","twitter_card":"summary","twitter_misc":{"Becs\u00fclt olvas\u00e1si id\u0151":"2 perc"},"schema":{"@context":"https:\/\/schema.org","@graph":[{"@type":"WebSite","@id":"https:\/\/www.playadorada.es\/es\/#website","url":"https:\/\/www.playadorada.es\/es\/","name":"Playa Dorada","description":"Otro sitio realizado con WordPress","potentialAction":[{"@type":"SearchAction","target":{"@type":"EntryPoint","urlTemplate":"https:\/\/www.playadorada.es\/es\/?s={search_term_string}"},"query-input":"required name=search_term_string"}],"inLanguage":"hu"},{"@type":"WebPage","@id":"https:\/\/www.playadorada.es\/hu\/descripcion-de-todo-incluido\/#webpage","url":"https:\/\/www.playadorada.es\/hu\/descripcion-de-todo-incluido\/","name":"Descripci\u00f3n de todo incluido - Aparthotel Playa Dorada","isPartOf":{"@id":"https:\/\/www.playadorada.es\/es\/#website"},"datePublished":"2017-10-13T11:17:43+00:00","dateModified":"2025-02-06T16:59:36+00:00","description":"Descripci\u00f3n del Todo Incluido en el Aparthotel Playa Dorada. Vea nuestros horarios y posibilidades que le brinda el r\u00e9gimen del Todo Incluido en Mallorca","breadcrumb":{"@id":"https:\/\/www.playadorada.es\/hu\/descripcion-de-todo-incluido\/#breadcrumb"},"inLanguage":"hu","potentialAction":[{"@type":"ReadAction","target":["https:\/\/www.playadorada.es\/hu\/descripcion-de-todo-incluido\/"]}]},{"@type":"BreadcrumbList","@id":"https:\/\/www.playadorada.es\/hu\/descripcion-de-todo-incluido\/#breadcrumb","itemListElement":[{"@type":"ListItem","position":1,"name":"Portada","item":"https:\/\/www.playadorada.es\/hu\/"},{"@type":"ListItem","position":2,"name":"All inclusive ell\u00e1t\u00e1s"}]}]}},"_links":{"self":[{"href":"https:\/\/www.playadorada.es\/hu\/wp-json\/wp\/v2\/pages\/25524"}],"collection":[{"href":"https:\/\/www.playadorada.es\/hu\/wp-json\/wp\/v2\/pages"}],"about":[{"href":"https:\/\/www.playadorada.es\/hu\/wp-json\/wp\/v2\/types\/page"}],"author":[{"embeddable":true,"href":"https:\/\/www.playadorada.es\/hu\/wp-json\/wp\/v2\/users\/1"}],"replies":[{"embeddable":true,"href":"https:\/\/www.playadorada.es\/hu\/wp-json\/wp\/v2\/comments?post=25524"}],"version-history":[{"count":3,"href":"https:\/\/www.playadorada.es\/hu\/wp-json\/wp\/v2\/pages\/25524\/revisions"}],"predecessor-version":[{"id":25527,"href":"https:\/\/www.playadorada.es\/hu\/wp-json\/wp\/v2\/pages\/25524\/revisions\/25527"}],"wp:attachment":[{"href":"https:\/\/www.playadorada.es\/hu\/wp-json\/wp\/v2\/media?parent=25524"}],"curies":[{"name":"wp","href":"https:\/\/api.w.org\/{rel}","templated":true}]}}